{"id":14302,"date":"2023-06-21T17:05:53","date_gmt":"2023-06-21T14:05:53","guid":{"rendered":"https:\/\/stejarii.ro\/collection\/?page_id=14302"},"modified":"2023-06-21T17:11:09","modified_gmt":"2023-06-21T14:11:09","slug":"news-page","status":"publish","type":"page","link":"https:\/\/stejarii.ro\/collection\/ro\/news-page\/","title":{"rendered":"Noutati"},"content":{"rendered":"<section class=\"l-section wpb_row us_custom_ae04ae51 height_medium width_full\"><div class=\"l-section-h i-cf\"><div class=\"g-cols vc_row via_flex valign_middle type_default stacking_default\"><div class=\"vc_col-sm-4 wpb_column vc_column_container\"><div class=\"vc_column-inner us_custom_5cc1f544\"><div class=\"wpb_wrapper\"><h1 style=\"text-align: left\" class=\"vc_custom_heading headingTitle mb-0 us_custom_7d83e5fc\" >Noutati<\/h1><h2 style=\"text-align: left\" class=\"vc_custom_heading headingTitle us_custom_096d376f\" >Stejarii Updates<\/h2><\/div><\/div><\/div><\/div><\/div><\/section><section class=\"l-section wpb_row us_custom_ae04ae51 height_medium width_full\"><div class=\"l-section-h i-cf\"><div class=\"g-cols vc_row via_flex valign_top type_default stacking_default\"><div class=\"vc_col-sm-12 wpb_column vc_column_container\"><div class=\"vc_column-inner\"><div class=\"wpb_wrapper\"><div class=\"g-cols wpb_row us_custom_a9d41b50 via_flex valign_middle type_default stacking_default\"><div class=\"vc_col-sm-12 wpb_column vc_column_container\"><div class=\"vc_column-inner\"><div class=\"wpb_wrapper\"><div class=\"w-grid type_grid layout_14303 cols_3\" id=\"us_grid_1\" data-filterable=\"true\"><style>#us_grid_1 .w-grid-item{padding:1.5rem}#us_grid_1 .w-grid-list{margin:-1.5rem}.w-grid + #us_grid_1 .w-grid-list,.w-grid-none + #us_grid_1 .w-grid-list{margin-top:1.5rem}@media (max-width:1024px){#us_grid_1 .w-grid-item{width:50%}}@media (max-width:600px){#us_grid_1 .w-grid-list{margin:0}#us_grid_1 .w-grid-item{width:100%;padding:0;margin-bottom:1.5rem}}.layout_14303 .w-grid-item-h{}.layout_14303 .usg_post_image_1{margin-bottom:0.6rem!important}.layout_14303 .usg_post_title_1{font-size:26px!important;font-family:var(--font-h1)!important;margin-bottom:0.3rem!important}.layout_14303 .usg_post_date_1{color:var(--color-content-faded)!important;text-align:left!important;font-size:1rem!important;line-height:1.6!important;font-weight:700!important}.layout_14303 .usg_hwrapper_1{margin-left:25px!important;margin-right:25px!important;padding-top:0.8rem!important;padding-bottom:0.8rem!important}.layout_14303 .usg_vwrapper_1{margin-left:25px!important;margin-right:25px!important}.layout_14303 .usg_btn_1{margin-left:25px!important;margin-top:25px!important;margin-right:25px!important}.layout_14303 .usg_post_taxonomy_1{text-align:right!important;position:relative!important;right:0px!important}<\/style><div class=\"w-grid-list\">\t<article class=\"w-grid-item size_1x1 post-14842 news type-news status-publish has-post-thumbnail hentry label-new-new\" data-id=\"14842\">\r\n\t\t<div class=\"w-grid-item-h\">\r\n\t\t\t\t\t\t<div class=\"w-post-elm post_image usg_post_image_1 boxHoverNews stretched\"><a href=\"https:\/\/stejarii.ro\/collection\/ro\/news\/stejarii-collection-most-luxurious-residential-project-award-at-business-reviews-realty-forum-2023\/\" aria-label=\"Stejarii Collection, \u201cMost luxurious residential project&#8221; award at Business Review&#8217;s Realty Forum 2023\"><img loading=\"lazy\" decoding=\"async\" width=\"1024\" height=\"682\" src=\"https:\/\/stejarii.ro\/collection\/wp-content\/uploads\/sites\/5\/2023\/08\/2-1024x682.jpg\" class=\"attachment-large size-large wp-post-image\" alt=\"\" srcset=\"https:\/\/stejarii.ro\/collection\/wp-content\/uploads\/sites\/5\/2023\/08\/2-1024x682.jpg 1024w, https:\/\/stejarii.ro\/collection\/wp-content\/uploads\/sites\/5\/2023\/08\/2-300x200.jpg 300w, https:\/\/stejarii.ro\/collection\/wp-content\/uploads\/sites\/5\/2023\/08\/2-18x12.jpg 18w, https:\/\/stejarii.ro\/collection\/wp-content\/uploads\/sites\/5\/2023\/08\/2-600x400.jpg 600w, https:\/\/stejarii.ro\/collection\/wp-content\/uploads\/sites\/5\/2023\/08\/2-800x533.jpg 800w, https:\/\/stejarii.ro\/collection\/wp-content\/uploads\/sites\/5\/2023\/08\/2-450x300.jpg 450w, https:\/\/stejarii.ro\/collection\/wp-content\/uploads\/sites\/5\/2023\/08\/2.jpg 1280w, https:\/\/stejarii.ro\/collection\/wp-content\/uploads\/sites\/5\/2023\/08\/2-120x80.jpg 120w\" sizes=\"auto, (max-width: 1024px) 100vw, 1024px\" \/><\/a><\/div><div class=\"w-hwrapper usg_hwrapper_1 styleSectionDataLabel align_none valign_baseline\" style=\"--hwrapper-gap:1.20rem\"><time class=\"w-post-elm post_date usg_post_date_1 has_text_color entry-date published\" datetime=\"2023-08-28T15:49:50+03:00\"><i class=\"fad fa-calendar\"><\/i>28 august<\/time><div class=\"w-post-elm post_taxonomy usg_post_taxonomy_1 labelNew style_simple color_link_inherit\"><span class=\"term-105 term-new\">NOU<\/span><\/div><\/div><div class=\"w-vwrapper usg_vwrapper_1 align_none valign_top\"><h2 class=\"w-post-elm post_title usg_post_title_1 entry-title color_link_inherit\"><a href=\"https:\/\/stejarii.ro\/collection\/ro\/news\/stejarii-collection-most-luxurious-residential-project-award-at-business-reviews-realty-forum-2023\/\">Stejarii Collection, premiul pentru \u201cCel mai luxos proiect rezidential\u201d la Business Review Realty Forum 2023<\/a><\/h2><\/div><a class=\"w-btn us-btn-style_16 usg_btn_1\" href=\"https:\/\/stejarii.ro\/collection\/ro\/news\/stejarii-collection-most-luxurious-residential-project-award-at-business-reviews-realty-forum-2023\/\"><span class=\"w-btn-label\">Cite\u0219te mai mult<\/span><\/a>\t\t<\/div>\r\n\t<\/article>\r\n\t<article class=\"w-grid-item size_1x1 post-14826 news type-news status-publish has-post-thumbnail hentry label-new-new\" data-id=\"14826\">\r\n\t\t<div class=\"w-grid-item-h\">\r\n\t\t\t\t\t\t<div class=\"w-post-elm post_image usg_post_image_1 boxHoverNews stretched\"><a href=\"https:\/\/stejarii.ro\/collection\/ro\/news\/premiera-in-imobiliarele-de-lux-stejarii-collection-prima-cladire-rezidentiala-din-bucuresti-dublu-certificata-green-homes-si-breeam-cu-nivelul-de-performanta-excelent\/\" aria-label=\"Premier\u0103 \u00een imobiliarele de lux: Stejarii Collection, prima cl\u0103dire reziden\u021bial\u0103 din Bucure\u0219ti dublu certificat\u0103 Green Homes \u0219i BREEAM cu nivelul de performan\u021b\u0103 Excelent\"><img loading=\"lazy\" decoding=\"async\" width=\"1024\" height=\"768\" src=\"https:\/\/stejarii.ro\/collection\/wp-content\/uploads\/sites\/5\/2023\/08\/Stejarii_Collection_1-1-1024x768.jpg\" class=\"attachment-large size-large wp-post-image\" alt=\"\" srcset=\"https:\/\/stejarii.ro\/collection\/wp-content\/uploads\/sites\/5\/2023\/08\/Stejarii_Collection_1-1-1024x768.jpg 1024w, https:\/\/stejarii.ro\/collection\/wp-content\/uploads\/sites\/5\/2023\/08\/Stejarii_Collection_1-1-300x225.jpg 300w, https:\/\/stejarii.ro\/collection\/wp-content\/uploads\/sites\/5\/2023\/08\/Stejarii_Collection_1-1-16x12.jpg 16w, https:\/\/stejarii.ro\/collection\/wp-content\/uploads\/sites\/5\/2023\/08\/Stejarii_Collection_1-1-533x400.jpg 533w, https:\/\/stejarii.ro\/collection\/wp-content\/uploads\/sites\/5\/2023\/08\/Stejarii_Collection_1-1-800x600.jpg 800w, https:\/\/stejarii.ro\/collection\/wp-content\/uploads\/sites\/5\/2023\/08\/Stejarii_Collection_1-1-450x338.jpg 450w, https:\/\/stejarii.ro\/collection\/wp-content\/uploads\/sites\/5\/2023\/08\/Stejarii_Collection_1-1-1280x960.jpg 1280w, https:\/\/stejarii.ro\/collection\/wp-content\/uploads\/sites\/5\/2023\/08\/Stejarii_Collection_1-1-120x90.jpg 120w, https:\/\/stejarii.ro\/collection\/wp-content\/uploads\/sites\/5\/2023\/08\/Stejarii_Collection_1-1.jpg 1500w\" sizes=\"auto, (max-width: 1024px) 100vw, 1024px\" \/><\/a><\/div><div class=\"w-hwrapper usg_hwrapper_1 styleSectionDataLabel align_none valign_baseline\" style=\"--hwrapper-gap:1.20rem\"><time class=\"w-post-elm post_date usg_post_date_1 has_text_color entry-date published\" datetime=\"2023-08-25T15:11:47+03:00\"><i class=\"fad fa-calendar\"><\/i>25 august<\/time><div class=\"w-post-elm post_taxonomy usg_post_taxonomy_1 labelNew style_simple color_link_inherit\"><span class=\"term-105 term-new\">NOU<\/span><\/div><\/div><div class=\"w-vwrapper usg_vwrapper_1 align_none valign_top\"><h2 class=\"w-post-elm post_title usg_post_title_1 entry-title color_link_inherit\"><a href=\"https:\/\/stejarii.ro\/collection\/ro\/news\/premiera-in-imobiliarele-de-lux-stejarii-collection-prima-cladire-rezidentiala-din-bucuresti-dublu-certificata-green-homes-si-breeam-cu-nivelul-de-performanta-excelent\/\">Premier\u0103 \u00een imobiliarele de lux: Stejarii Collection, prima cl\u0103dire reziden\u021bial\u0103 din Bucure\u0219ti dublu certificat\u0103 Green Homes \u0219i BREEAM cu nivelul de performan\u021b\u0103 Excelent<\/a><\/h2><\/div><a class=\"w-btn us-btn-style_16 usg_btn_1\" href=\"https:\/\/stejarii.ro\/collection\/ro\/news\/premiera-in-imobiliarele-de-lux-stejarii-collection-prima-cladire-rezidentiala-din-bucuresti-dublu-certificata-green-homes-si-breeam-cu-nivelul-de-performanta-excelent\/\"><span class=\"w-btn-label\">Cite\u0219te mai mult<\/span><\/a>\t\t<\/div>\r\n\t<\/article>\r\n\t<article class=\"w-grid-item size_1x1 post-14468 news type-news status-publish has-post-thumbnail hentry\" data-id=\"14468\">\r\n\t\t<div class=\"w-grid-item-h\">\r\n\t\t\t\t\t\t<div class=\"w-post-elm post_image usg_post_image_1 boxHoverNews stretched\"><a href=\"https:\/\/stejarii.ro\/collection\/ro\/news\/stejarii-collection-isi-deschide-portile-pentru-vizite-clientii-pot-explora-cel-mai-exclusivist-proiect-rezidential-marca-stejarii-incepand-din-16-iulie-2023\/\" aria-label=\"Stejarii Collection \u00ee\u0219i deschide por\u021bile pentru vizite: Clien\u021bii pot explora cel mai exclusivist proiect reziden\u021bial marca Stejarii, \u00eencep\u00e2nd din 16 iulie 2023\"><img loading=\"lazy\" decoding=\"async\" width=\"1024\" height=\"640\" src=\"https:\/\/stejarii.ro\/collection\/wp-content\/uploads\/sites\/5\/2023\/06\/TIRIAC-GROUP_STEJARII_VIEW-06_STREET-NIGHT-1024x640.jpg\" class=\"attachment-large size-large wp-post-image\" alt=\"\" srcset=\"https:\/\/stejarii.ro\/collection\/wp-content\/uploads\/sites\/5\/2023\/06\/TIRIAC-GROUP_STEJARII_VIEW-06_STREET-NIGHT-1024x640.jpg 1024w, https:\/\/stejarii.ro\/collection\/wp-content\/uploads\/sites\/5\/2023\/06\/TIRIAC-GROUP_STEJARII_VIEW-06_STREET-NIGHT-300x188.jpg 300w, https:\/\/stejarii.ro\/collection\/wp-content\/uploads\/sites\/5\/2023\/06\/TIRIAC-GROUP_STEJARII_VIEW-06_STREET-NIGHT-18x12.jpg 18w, https:\/\/stejarii.ro\/collection\/wp-content\/uploads\/sites\/5\/2023\/06\/TIRIAC-GROUP_STEJARII_VIEW-06_STREET-NIGHT-600x375.jpg 600w, https:\/\/stejarii.ro\/collection\/wp-content\/uploads\/sites\/5\/2023\/06\/TIRIAC-GROUP_STEJARII_VIEW-06_STREET-NIGHT-800x500.jpg 800w, https:\/\/stejarii.ro\/collection\/wp-content\/uploads\/sites\/5\/2023\/06\/TIRIAC-GROUP_STEJARII_VIEW-06_STREET-NIGHT-450x281.jpg 450w, https:\/\/stejarii.ro\/collection\/wp-content\/uploads\/sites\/5\/2023\/06\/TIRIAC-GROUP_STEJARII_VIEW-06_STREET-NIGHT.jpg 1280w, https:\/\/stejarii.ro\/collection\/wp-content\/uploads\/sites\/5\/2023\/06\/TIRIAC-GROUP_STEJARII_VIEW-06_STREET-NIGHT-120x75.jpg 120w\" sizes=\"auto, (max-width: 1024px) 100vw, 1024px\" \/><\/a><\/div><div class=\"w-hwrapper usg_hwrapper_1 styleSectionDataLabel align_none valign_baseline\" style=\"--hwrapper-gap:1.20rem\"><time class=\"w-post-elm post_date usg_post_date_1 has_text_color entry-date published\" datetime=\"2023-07-12T16:12:46+03:00\"><i class=\"fad fa-calendar\"><\/i>12 iulie<\/time><\/div><div class=\"w-vwrapper usg_vwrapper_1 align_none valign_top\"><h2 class=\"w-post-elm post_title usg_post_title_1 entry-title color_link_inherit\"><a href=\"https:\/\/stejarii.ro\/collection\/ro\/news\/stejarii-collection-isi-deschide-portile-pentru-vizite-clientii-pot-explora-cel-mai-exclusivist-proiect-rezidential-marca-stejarii-incepand-din-16-iulie-2023\/\">Stejarii Collection \u00ee\u0219i deschide por\u021bile pentru vizite: Clien\u021bii pot explora cel mai exclusivist proiect reziden\u021bial marca Stejarii, \u00eencep\u00e2nd din 16 iulie 2023<\/a><\/h2><\/div><a class=\"w-btn us-btn-style_16 usg_btn_1\" href=\"https:\/\/stejarii.ro\/collection\/ro\/news\/stejarii-collection-isi-deschide-portile-pentru-vizite-clientii-pot-explora-cel-mai-exclusivist-proiect-rezidential-marca-stejarii-incepand-din-16-iulie-2023\/\"><span class=\"w-btn-label\">Cite\u0219te mai mult<\/span><\/a>\t\t<\/div>\r\n\t<\/article>\r\n\t<article class=\"w-grid-item size_1x1 post-14298 news type-news status-publish has-post-thumbnail hentry\" data-id=\"14298\">\r\n\t\t<div class=\"w-grid-item-h\">\r\n\t\t\t\t\t\t<div class=\"w-post-elm post_image usg_post_image_1 boxHoverNews stretched\"><a href=\"https:\/\/stejarii.ro\/collection\/ro\/news\/lucrarile-pentru-finalizarea-stejarii-collection-au-intrat-in-linie-dreapta\/\" aria-label=\"Lucr\u0103rile pentru finalizarea Stejarii Collection au intrat \u00een linie dreapt\u0103\"><img loading=\"lazy\" decoding=\"async\" width=\"1024\" height=\"576\" src=\"https:\/\/stejarii.ro\/collection\/wp-content\/uploads\/sites\/5\/2023\/06\/Stejarii-Collection-news1-1-min-1024x576.jpg\" class=\"attachment-large size-large wp-post-image\" alt=\"\" srcset=\"https:\/\/stejarii.ro\/collection\/wp-content\/uploads\/sites\/5\/2023\/06\/Stejarii-Collection-news1-1-min-1024x576.jpg 1024w, https:\/\/stejarii.ro\/collection\/wp-content\/uploads\/sites\/5\/2023\/06\/Stejarii-Collection-news1-1-min-300x169.jpg 300w, https:\/\/stejarii.ro\/collection\/wp-content\/uploads\/sites\/5\/2023\/06\/Stejarii-Collection-news1-1-min-18x10.jpg 18w, https:\/\/stejarii.ro\/collection\/wp-content\/uploads\/sites\/5\/2023\/06\/Stejarii-Collection-news1-1-min-600x338.jpg 600w, https:\/\/stejarii.ro\/collection\/wp-content\/uploads\/sites\/5\/2023\/06\/Stejarii-Collection-news1-1-min-800x450.jpg 800w, https:\/\/stejarii.ro\/collection\/wp-content\/uploads\/sites\/5\/2023\/06\/Stejarii-Collection-news1-1-min-450x253.jpg 450w, https:\/\/stejarii.ro\/collection\/wp-content\/uploads\/sites\/5\/2023\/06\/Stejarii-Collection-news1-1-min-1280x720.jpg 1280w, https:\/\/stejarii.ro\/collection\/wp-content\/uploads\/sites\/5\/2023\/06\/Stejarii-Collection-news1-1-min-120x68.jpg 120w, https:\/\/stejarii.ro\/collection\/wp-content\/uploads\/sites\/5\/2023\/06\/Stejarii-Collection-news1-1-min.jpg 1920w\" sizes=\"auto, (max-width: 1024px) 100vw, 1024px\" \/><\/a><\/div><div class=\"w-hwrapper usg_hwrapper_1 styleSectionDataLabel align_none valign_baseline\" style=\"--hwrapper-gap:1.20rem\"><time class=\"w-post-elm post_date usg_post_date_1 has_text_color entry-date published\" datetime=\"2023-06-21T17:04:09+03:00\"><i class=\"fad fa-calendar\"><\/i>21 iunie<\/time><\/div><div class=\"w-vwrapper usg_vwrapper_1 align_none valign_top\"><h2 class=\"w-post-elm post_title usg_post_title_1 entry-title color_link_inherit\"><a href=\"https:\/\/stejarii.ro\/collection\/ro\/news\/lucrarile-pentru-finalizarea-stejarii-collection-au-intrat-in-linie-dreapta\/\">Lucr\u0103rile pentru finalizarea Stejarii Collection au intrat \u00een linie dreapt\u0103<\/a><\/h2><\/div><a class=\"w-btn us-btn-style_16 usg_btn_1\" href=\"https:\/\/stejarii.ro\/collection\/ro\/news\/lucrarile-pentru-finalizarea-stejarii-collection-au-intrat-in-linie-dreapta\/\"><span class=\"w-btn-label\">Cite\u0219te mai mult<\/span><\/a>\t\t<\/div>\r\n\t<\/article>\r\n<\/div><div class=\"w-grid-preloader\"><div class=\"g-preloader type_5\">\r\n\t<div><\/div>\r\n<\/div>\r\n<\/div>\t<div class=\"w-grid-json hidden\" onclick='return {&quot;action&quot;:&quot;us_ajax_grid&quot;,&quot;ajax_url&quot;:&quot;https:\\\/\\\/stejarii.ro\\\/collection\\\/wp-admin\\\/admin-ajax.php&quot;,&quot;infinite_scroll&quot;:0,&quot;max_num_pages&quot;:1,&quot;pagination&quot;:&quot;none&quot;,&quot;permalink_url&quot;:&quot;https:\\\/\\\/stejarii.ro\\\/collection\\\/ro\\\/wp-json\\\/wp\\\/v2\\\/pages\\\/14302&quot;,&quot;template_vars&quot;:{&quot;columns&quot;:&quot;3&quot;,&quot;exclude_items&quot;:&quot;none&quot;,&quot;img_size&quot;:&quot;default&quot;,&quot;ignore_items_size&quot;:0,&quot;items_layout&quot;:&quot;14303&quot;,&quot;items_offset&quot;:&quot;1&quot;,&quot;load_animation&quot;:&quot;none&quot;,&quot;overriding_link&quot;:&quot;none&quot;,&quot;post_id&quot;:14302,&quot;query_args&quot;:{&quot;post_type&quot;:[&quot;news&quot;],&quot;post_status&quot;:[&quot;publish&quot;,&quot;acf-disabled&quot;],&quot;posts_per_page&quot;:&quot;10&quot;},&quot;orderby_query_args&quot;:{&quot;orderby&quot;:{&quot;date&quot;:&quot;DESC&quot;}},&quot;type&quot;:&quot;grid&quot;,&quot;us_grid_ajax_index&quot;:1,&quot;us_grid_filter_params&quot;:null,&quot;us_grid_index&quot;:1,&quot;_us_grid_post_type&quot;:&quot;news&quot;}}'><\/div>\r\n\t<\/div><\/div><\/div><\/div><\/div><\/div><\/div><\/div><\/div><\/div><\/section>","protected":false},"excerpt":{"rendered":"Preg\u0103tirile pentru lansarea celui mai nou proiect \u201ebuild to rent\u201d din portofoliul \u021airiac Imobiliare, Stejarii Collection, sunt pe ultima sut\u0103 de metri. Noul complex reziden\u021bial este situat \u00een inima p\u0103durii B\u0103neasa \u0219i, odat\u0103 cu finalizarea lucr\u0103rilor, va impune noi standarde de lux pe pia\u021ba imobiliar\u0103 din Rom\u00e2nia. Stejarii Collection este extensia deja celebrului Stejarii Clubul...","protected":false},"author":11,"featured_media":0,"parent":0,"menu_order":0,"comment_status":"closed","ping_status":"closed","template":"","meta":{"_acf_changed":false,"_lmt_disableupdate":"no","_lmt_disable":"","footnotes":""},"class_list":["post-14302","page","type-page","status-publish","hentry"],"acf":[],"_links":{"self":[{"href":"https:\/\/stejarii.ro\/collection\/ro\/wp-json\/wp\/v2\/pages\/14302","targetHints":{"allow":["GET"]}}],"collection":[{"href":"https:\/\/stejarii.ro\/collection\/ro\/wp-json\/wp\/v2\/pages"}],"about":[{"href":"https:\/\/stejarii.ro\/collection\/ro\/wp-json\/wp\/v2\/types\/page"}],"author":[{"embeddable":true,"href":"https:\/\/stejarii.ro\/collection\/ro\/wp-json\/wp\/v2\/users\/11"}],"replies":[{"embeddable":true,"href":"https:\/\/stejarii.ro\/collection\/ro\/wp-json\/wp\/v2\/comments?post=14302"}],"version-history":[{"count":2,"href":"https:\/\/stejarii.ro\/collection\/ro\/wp-json\/wp\/v2\/pages\/14302\/revisions"}],"predecessor-version":[{"id":14307,"href":"https:\/\/stejarii.ro\/collection\/ro\/wp-json\/wp\/v2\/pages\/14302\/revisions\/14307"}],"wp:attachment":[{"href":"https:\/\/stejarii.ro\/collection\/ro\/wp-json\/wp\/v2\/media?parent=14302"}],"curies":[{"name":"wp","href":"https:\/\/api.w.org\/{rel}","templated":true}]}}