{"id":12968,"date":"2023-03-22T16:33:48","date_gmt":"2023-03-22T13:33:48","guid":{"rendered":"https:\/\/dev.stejarii.ro\/residential-club\/?page_id=12968"},"modified":"2024-04-01T17:05:56","modified_gmt":"2024-04-01T14:05:56","slug":"facilities","status":"publish","type":"page","link":"https:\/\/stejarii.ro\/residential-club\/ro\/facilities\/","title":{"rendered":"Facilitati"},"content":{"rendered":"<section class=\"l-section wpb_row us_custom_ae04ae51 height_medium width_full\"><div class=\"l-section-h i-cf\"><div class=\"g-cols vc_row via_flex valign_middle type_default stacking_default\"><div class=\"vc_col-sm-4 wpb_column vc_column_container\"><div class=\"vc_column-inner us_custom_5cc1f544\"><div class=\"wpb_wrapper\"><h1 style=\"text-align: left\" class=\"vc_custom_heading headingTitle mb-0 us_custom_7d83e5fc\" >Facilitati<\/h1><h2 style=\"text-align: left\" class=\"vc_custom_heading headingTitle us_custom_096d376f\" >Partenerii clubului<\/h2><\/div><\/div><\/div><div class=\"vc_col-sm-12 wpb_column vc_column_container\"><div class=\"vc_column-inner\"><div class=\"wpb_wrapper\"><div class=\"w-btn-wrapper default_align_right laptops_align_right tablets_align_center mobiles_align_center\"><a class=\"w-btn us-btn-style_4 us_custom_064d3121 icon_atleft\" href=\"\/residential-club\/ro\/apartments\/\"><i class=\"far fa-calendar-alt\"><\/i><span class=\"w-btn-label\">Vezi apartamentele<\/span><\/a><\/div><\/div><\/div><\/div><\/div><\/div><\/section><section class=\"l-section wpb_row height_medium\"><div class=\"l-section-h i-cf\"><div class=\"g-cols vc_row via_flex valign_top type_default stacking_default\"><div class=\"vc_col-sm-12 wpb_column vc_column_container\"><div class=\"vc_column-inner\"><div class=\"wpb_wrapper\"><div class=\"g-cols wpb_row us_custom_a9d41b50 via_flex valign_middle type_default stacking_default\"><div class=\"vc_col-sm-6 wpb_column vc_column_container\"><div class=\"vc_column-inner\"><div class=\"wpb_wrapper\"><div class=\"w-image align_center\"><div class=\"w-image-h\"><img loading=\"lazy\" decoding=\"async\" width=\"100\" height=\"100\" src=\"https:\/\/stejarii.ro\/residential-club\/wp-content\/uploads\/sites\/2\/2023\/03\/country-club-edit-1-min.png\" class=\"attachment-full size-full\" alt=\"\" srcset=\"https:\/\/stejarii.ro\/residential-club\/wp-content\/uploads\/sites\/2\/2023\/03\/country-club-edit-1-min.png 100w, https:\/\/stejarii.ro\/residential-club\/wp-content\/uploads\/sites\/2\/2023\/03\/country-club-edit-1-min-12x12.png 12w\" sizes=\"auto, (max-width: 100px) 100vw, 100px\" \/><\/div><\/div><div class=\"wpb_text_column\"><div class=\"wpb_wrapper\"><p style=\"text-align: center;\"><strong>Stejarii Country Club<\/strong><\/p>\n<p style=\"text-align: center;\">Combinand o varietate de servicii, Clubul creeaza un cadru calduros si distinct, care <strong>imbina sportul, relaxarea si serviciile de wellness<\/strong>, adaptate pentru o gama larga de nevoi. Rezidentii nostri nu achita taxa de inregistrare pentru abonamentele Stejarii Country Club si au acces la o varietate de servicii si pachete personalizate pentru acestia si pentru familia lor. Pentru mai multe informatii, va invitam sa accesati <a href=\"https:\/\/stejariicountryclub.ro\/\" target=\"_blank\" rel=\"noopener\">stejariicountryclub.ro<\/a><\/p>\n<\/div><\/div><\/div><\/div><\/div><div class=\"vc_col-sm-6 wpb_column vc_column_container\"><div class=\"vc_column-inner\"><div class=\"wpb_wrapper\"><div class=\"w-image align_none\"><div class=\"w-image-h\"><img loading=\"lazy\" decoding=\"async\" width=\"2000\" height=\"1335\" src=\"https:\/\/stejarii.ro\/residential-club\/wp-content\/uploads\/sites\/2\/2022\/03\/SCC.jpg\" class=\"attachment-full size-full\" alt=\"\" srcset=\"https:\/\/stejarii.ro\/residential-club\/wp-content\/uploads\/sites\/2\/2022\/03\/SCC.jpg 2000w, https:\/\/stejarii.ro\/residential-club\/wp-content\/uploads\/sites\/2\/2022\/03\/SCC-450x300.jpg 450w, https:\/\/stejarii.ro\/residential-club\/wp-content\/uploads\/sites\/2\/2022\/03\/SCC-1280x854.jpg 1280w, https:\/\/stejarii.ro\/residential-club\/wp-content\/uploads\/sites\/2\/2022\/03\/SCC-18x12.jpg 18w, https:\/\/stejarii.ro\/residential-club\/wp-content\/uploads\/sites\/2\/2022\/03\/SCC-600x400.jpg 600w, https:\/\/stejarii.ro\/residential-club\/wp-content\/uploads\/sites\/2\/2022\/03\/SCC-800x534.jpg 800w, https:\/\/stejarii.ro\/residential-club\/wp-content\/uploads\/sites\/2\/2022\/03\/SCC-120x80.jpg 120w, https:\/\/stejarii.ro\/residential-club\/wp-content\/uploads\/sites\/2\/2022\/03\/SCC-300x200.jpg 300w, https:\/\/stejarii.ro\/residential-club\/wp-content\/uploads\/sites\/2\/2022\/03\/SCC-1024x684.jpg 1024w, https:\/\/stejarii.ro\/residential-club\/wp-content\/uploads\/sites\/2\/2022\/03\/SCC-768x513.jpg 768w, https:\/\/stejarii.ro\/residential-club\/wp-content\/uploads\/sites\/2\/2022\/03\/SCC-1536x1025.jpg 1536w, https:\/\/stejarii.ro\/residential-club\/wp-content\/uploads\/sites\/2\/2022\/03\/SCC-370x247.jpg 370w, https:\/\/stejarii.ro\/residential-club\/wp-content\/uploads\/sites\/2\/2022\/03\/SCC-760x507.jpg 760w\" sizes=\"auto, (max-width: 2000px) 100vw, 2000px\" \/><\/div><\/div><\/div><\/div><\/div><\/div><div class=\"g-cols wpb_row us_custom_a9d41b50 via_flex valign_middle type_default reversed stacking_default\"><div class=\"vc_col-sm-6 wpb_column vc_column_container\"><div class=\"vc_column-inner\"><div class=\"wpb_wrapper\"><div class=\"w-image align_none\"><div class=\"w-image-h\"><img loading=\"lazy\" decoding=\"async\" width=\"2000\" height=\"1333\" src=\"https:\/\/stejarii.ro\/residential-club\/wp-content\/uploads\/sites\/2\/2022\/03\/gradinita-BEST-.jpg\" class=\"attachment-full size-full\" alt=\"\" srcset=\"https:\/\/stejarii.ro\/residential-club\/wp-content\/uploads\/sites\/2\/2022\/03\/gradinita-BEST-.jpg 2000w, https:\/\/stejarii.ro\/residential-club\/wp-content\/uploads\/sites\/2\/2022\/03\/gradinita-BEST--450x300.jpg 450w, https:\/\/stejarii.ro\/residential-club\/wp-content\/uploads\/sites\/2\/2022\/03\/gradinita-BEST--1280x853.jpg 1280w, https:\/\/stejarii.ro\/residential-club\/wp-content\/uploads\/sites\/2\/2022\/03\/gradinita-BEST--800x533.jpg 800w, https:\/\/stejarii.ro\/residential-club\/wp-content\/uploads\/sites\/2\/2022\/03\/gradinita-BEST--120x80.jpg 120w, https:\/\/stejarii.ro\/residential-club\/wp-content\/uploads\/sites\/2\/2022\/03\/gradinita-BEST--18x12.jpg 18w, https:\/\/stejarii.ro\/residential-club\/wp-content\/uploads\/sites\/2\/2022\/03\/gradinita-BEST--600x400.jpg 600w, https:\/\/stejarii.ro\/residential-club\/wp-content\/uploads\/sites\/2\/2022\/03\/gradinita-BEST--300x200.jpg 300w, https:\/\/stejarii.ro\/residential-club\/wp-content\/uploads\/sites\/2\/2022\/03\/gradinita-BEST--1024x682.jpg 1024w, https:\/\/stejarii.ro\/residential-club\/wp-content\/uploads\/sites\/2\/2022\/03\/gradinita-BEST--768x512.jpg 768w, https:\/\/stejarii.ro\/residential-club\/wp-content\/uploads\/sites\/2\/2022\/03\/gradinita-BEST--1536x1024.jpg 1536w, https:\/\/stejarii.ro\/residential-club\/wp-content\/uploads\/sites\/2\/2022\/03\/gradinita-BEST--370x247.jpg 370w, https:\/\/stejarii.ro\/residential-club\/wp-content\/uploads\/sites\/2\/2022\/03\/gradinita-BEST--760x507.jpg 760w\" sizes=\"auto, (max-width: 2000px) 100vw, 2000px\" \/><\/div><\/div><\/div><\/div><\/div><div class=\"vc_col-sm-6 wpb_column vc_column_container\"><div class=\"vc_column-inner\"><div class=\"wpb_wrapper\"><div class=\"w-image align_center\"><div class=\"w-image-h\"><img loading=\"lazy\" decoding=\"async\" width=\"100\" height=\"100\" src=\"https:\/\/stejarii.ro\/residential-club\/wp-content\/uploads\/sites\/2\/2023\/03\/best-preschool-edit-min.png\" class=\"attachment-full size-full\" alt=\"\" srcset=\"https:\/\/stejarii.ro\/residential-club\/wp-content\/uploads\/sites\/2\/2023\/03\/best-preschool-edit-min.png 100w, https:\/\/stejarii.ro\/residential-club\/wp-content\/uploads\/sites\/2\/2023\/03\/best-preschool-edit-min-12x12.png 12w\" sizes=\"auto, (max-width: 100px) 100vw, 100px\" \/><\/div><\/div><div class=\"wpb_text_column\"><div class=\"wpb_wrapper\"><p style=\"text-align: center;\"><strong>Best Preschool<\/strong><\/p>\n<p style=\"text-align: center;\">Descopera BEST Preschool (British Education &amp; Sports Tiriac Preschool), cea mai completa experienta locala pe care o pot intalni cei mici in ceea ce priveste interesele si dezvoltarea abilitatilor prin curriculum britanic, combinata cu initierea sportiva, intr-un mediu sanatos si curat. Pentru mai multe informatii, va invitam sa accesati <a href=\"https:\/\/bestpreschool.ro\/\" target=\"_blank\" rel=\"noopener\">bestpreschool.ro<\/a><\/p>\n<\/div><\/div><\/div><\/div><\/div><\/div><div class=\"g-cols wpb_row us_custom_a9d41b50 via_flex valign_middle type_default stacking_default\"><div class=\"vc_col-sm-6 wpb_column vc_column_container\"><div class=\"vc_column-inner\"><div class=\"wpb_wrapper\"><div class=\"w-image align_center\"><div class=\"w-image-h\"><img loading=\"lazy\" decoding=\"async\" width=\"100\" height=\"100\" src=\"https:\/\/stejarii.ro\/residential-club\/wp-content\/uploads\/sites\/2\/2023\/03\/logo-shiseido2-min.png\" class=\"attachment-full size-full\" alt=\"\" srcset=\"https:\/\/stejarii.ro\/residential-club\/wp-content\/uploads\/sites\/2\/2023\/03\/logo-shiseido2-min.png 100w, https:\/\/stejarii.ro\/residential-club\/wp-content\/uploads\/sites\/2\/2023\/03\/logo-shiseido2-min-12x12.png 12w\" sizes=\"auto, (max-width: 100px) 100vw, 100px\" \/><\/div><\/div><div class=\"wpb_text_column\"><div class=\"wpb_wrapper\"><p style=\"text-align: center;\"><strong>Shiseido Spa<\/strong><\/p>\n<p style=\"text-align: center;\">Perfect Fusion of Spa, Ambiance Art and Design - Shiseido Spa aflat in incinta Stejarii Country Club va invita sa descoperiti primul Spa International din Romania. Locatia va intampina cu spatii pentru terapie, piscina pentru o doza de energie, zone de relaxare, hamam, sauna si bai de aburi, terasa intima aflata la soare, salon de infrumusetare si un studio de wellness. Pentru mai multe informatii, va invitam sa accesati <a href=\"https:\/\/stejariicountryclub.ro\/shiseido-spa\/\" target=\"_blank\" rel=\"noopener\">stejariicountryclub.ro\/shiseido-spa\/<\/a><\/p>\n<\/div><\/div><\/div><\/div><\/div><div class=\"vc_col-sm-6 wpb_column vc_column_container\"><div class=\"vc_column-inner\"><div class=\"wpb_wrapper\"><div class=\"w-image align_none\"><div class=\"w-image-h\"><img loading=\"lazy\" decoding=\"async\" width=\"2000\" height=\"1333\" src=\"https:\/\/stejarii.ro\/residential-club\/wp-content\/uploads\/sites\/2\/2022\/03\/Shiseido-Spa-.jpg\" class=\"attachment-full size-full\" alt=\"\" srcset=\"https:\/\/stejarii.ro\/residential-club\/wp-content\/uploads\/sites\/2\/2022\/03\/Shiseido-Spa-.jpg 2000w, https:\/\/stejarii.ro\/residential-club\/wp-content\/uploads\/sites\/2\/2022\/03\/Shiseido-Spa--450x300.jpg 450w, https:\/\/stejarii.ro\/residential-club\/wp-content\/uploads\/sites\/2\/2022\/03\/Shiseido-Spa--1280x853.jpg 1280w, https:\/\/stejarii.ro\/residential-club\/wp-content\/uploads\/sites\/2\/2022\/03\/Shiseido-Spa--18x12.jpg 18w, https:\/\/stejarii.ro\/residential-club\/wp-content\/uploads\/sites\/2\/2022\/03\/Shiseido-Spa--600x400.jpg 600w, https:\/\/stejarii.ro\/residential-club\/wp-content\/uploads\/sites\/2\/2022\/03\/Shiseido-Spa--800x533.jpg 800w, https:\/\/stejarii.ro\/residential-club\/wp-content\/uploads\/sites\/2\/2022\/03\/Shiseido-Spa--120x80.jpg 120w, https:\/\/stejarii.ro\/residential-club\/wp-content\/uploads\/sites\/2\/2022\/03\/Shiseido-Spa--300x200.jpg 300w, https:\/\/stejarii.ro\/residential-club\/wp-content\/uploads\/sites\/2\/2022\/03\/Shiseido-Spa--1024x682.jpg 1024w, https:\/\/stejarii.ro\/residential-club\/wp-content\/uploads\/sites\/2\/2022\/03\/Shiseido-Spa--768x512.jpg 768w, https:\/\/stejarii.ro\/residential-club\/wp-content\/uploads\/sites\/2\/2022\/03\/Shiseido-Spa--1536x1024.jpg 1536w, https:\/\/stejarii.ro\/residential-club\/wp-content\/uploads\/sites\/2\/2022\/03\/Shiseido-Spa--370x247.jpg 370w, https:\/\/stejarii.ro\/residential-club\/wp-content\/uploads\/sites\/2\/2022\/03\/Shiseido-Spa--760x507.jpg 760w\" sizes=\"auto, (max-width: 2000px) 100vw, 2000px\" \/><\/div><\/div><\/div><\/div><\/div><\/div><div class=\"g-cols wpb_row us_custom_a9d41b50 via_flex valign_middle type_default reversed stacking_default\"><div class=\"vc_col-sm-6 wpb_column vc_column_container\"><div class=\"vc_column-inner\"><div class=\"wpb_wrapper\"><div class=\"w-image align_none\"><div class=\"w-image-h\"><img loading=\"lazy\" decoding=\"async\" width=\"860\" height=\"572\" src=\"https:\/\/stejarii.ro\/residential-club\/wp-content\/uploads\/sites\/2\/2023\/04\/Stejarii-restaurant-min.jpg\" class=\"attachment-full size-full\" alt=\"\" srcset=\"https:\/\/stejarii.ro\/residential-club\/wp-content\/uploads\/sites\/2\/2023\/04\/Stejarii-restaurant-min.jpg 860w, https:\/\/stejarii.ro\/residential-club\/wp-content\/uploads\/sites\/2\/2023\/04\/Stejarii-restaurant-min-450x299.jpg 450w, https:\/\/stejarii.ro\/residential-club\/wp-content\/uploads\/sites\/2\/2023\/04\/Stejarii-restaurant-min-120x80.jpg 120w, https:\/\/stejarii.ro\/residential-club\/wp-content\/uploads\/sites\/2\/2023\/04\/Stejarii-restaurant-min-18x12.jpg 18w, https:\/\/stejarii.ro\/residential-club\/wp-content\/uploads\/sites\/2\/2023\/04\/Stejarii-restaurant-min-600x400.jpg 600w, https:\/\/stejarii.ro\/residential-club\/wp-content\/uploads\/sites\/2\/2023\/04\/Stejarii-restaurant-min-800x532.jpg 800w, https:\/\/stejarii.ro\/residential-club\/wp-content\/uploads\/sites\/2\/2023\/04\/Stejarii-restaurant-min-300x200.jpg 300w\" sizes=\"auto, (max-width: 860px) 100vw, 860px\" \/><\/div><\/div><\/div><\/div><\/div><div class=\"vc_col-sm-6 wpb_column vc_column_container\"><div class=\"vc_column-inner\"><div class=\"wpb_wrapper\"><div class=\"w-image align_center\"><div class=\"w-image-h\"><img loading=\"lazy\" decoding=\"async\" width=\"100\" height=\"100\" src=\"https:\/\/stejarii.ro\/residential-club\/wp-content\/uploads\/sites\/2\/2023\/03\/logo-stejarii-club-pool_xs-min.png\" class=\"attachment-full size-full\" alt=\"\" srcset=\"https:\/\/stejarii.ro\/residential-club\/wp-content\/uploads\/sites\/2\/2023\/03\/logo-stejarii-club-pool_xs-min.png 100w, https:\/\/stejarii.ro\/residential-club\/wp-content\/uploads\/sites\/2\/2023\/03\/logo-stejarii-club-pool_xs-min-12x12.png 12w\" sizes=\"auto, (max-width: 100px) 100vw, 100px\" \/><\/div><\/div><div class=\"wpb_text_column\"><div class=\"wpb_wrapper\"><p style=\"text-align: center;\"><strong>Stejarii restaurant<\/strong><\/p>\n<p style=\"text-align: center;\">Restaurantul rafinat si terasa acestuia reprezinta destinatia suprema pentru pasionatii de lux, intimitate si bun gust. Situat in apropierea zonei noastre rezidentiale, Restaurantul Stejarii ofera un voiaj  gastronomic, servit la locatie sau gata de livrare rezidentilor nostri. Pentru mai multe informatii, va invitam sa accesati <a href=\"https:\/\/stejariicountryclub.ro\/restaurant\/\" target=\"_blank\" rel=\"noopener\">stejariicountryclub.ro\/restaurant\/<\/a><\/p>\n<\/div><\/div><\/div><\/div><\/div><\/div><div class=\"g-cols wpb_row us_custom_a9d41b50 via_flex valign_middle type_default stacking_default\"><div class=\"vc_col-sm-6 wpb_column vc_column_container\"><div class=\"vc_column-inner\"><div class=\"wpb_wrapper\"><div class=\"w-image align_center\"><div class=\"w-image-h\"><img loading=\"lazy\" decoding=\"async\" width=\"100\" height=\"100\" src=\"https:\/\/stejarii.ro\/residential-club\/wp-content\/uploads\/sites\/2\/2023\/03\/Logo-Sunday-Morning-min.png\" class=\"attachment-full size-full\" alt=\"\" srcset=\"https:\/\/stejarii.ro\/residential-club\/wp-content\/uploads\/sites\/2\/2023\/03\/Logo-Sunday-Morning-min.png 100w, https:\/\/stejarii.ro\/residential-club\/wp-content\/uploads\/sites\/2\/2023\/03\/Logo-Sunday-Morning-min-12x12.png 12w\" sizes=\"auto, (max-width: 100px) 100vw, 100px\" \/><\/div><\/div><div class=\"wpb_text_column\"><div class=\"wpb_wrapper\"><p style=\"text-align: center;\"><strong>Sunday Morning<br \/>\n<\/strong><\/p>\n<p style=\"text-align: center;\">Cafeneaua de duminic\u0103 diminea\u021b\u0103 urmeaz\u0103 conceptul \"U\u0219or ca o diminea\u021b\u0103 de duminic\u0103\", duminica fiind cea mai pl\u0103cut\u0103 zi a s\u0103pt\u0103m\u00e2nii, pe care o petreci al\u0103turi de familie \u0219i prieteni, atunci c\u00e2nd vrei s\u0103 te sim\u021bi liber\u0103 \u0219i relaxat\u0103.\nPreparatele \u0219i meniurile variate preg\u0103tite de Chef cu expertiz\u0103 interna\u021bional\u0103, produsele alimentare tradi\u021bionale italiene, p\u00e2inea artizanal\u0103, fructele \u0219i legumele ecologice, deserturile, b\u0103uturile proaspete preparate prin procesul de presare la rece, apa plat\u0103 alcalin\u0103, cafeaua etiopian\u0103 atent selectat\u0103 din pr\u0103jitorul de p\u00e2ine Madison \u0219i trabucurile v\u00e2ndute \u00een loca\u021bie sunt doar c\u00e2teva dintre motivele pentru care ve\u021bi sim\u021bi conceptul de \"diminea\u021b\u0103 de duminic\u0103 \"\u00een fiecare zi a s\u0103pt\u0103m\u00e2nii\".<\/p>\n<\/div><\/div><\/div><\/div><\/div><div class=\"vc_col-sm-6 wpb_column vc_column_container\"><div class=\"vc_column-inner\"><div class=\"wpb_wrapper\"><div class=\"w-image align_none\"><div class=\"w-image-h\"><img loading=\"lazy\" decoding=\"async\" width=\"1024\" height=\"683\" src=\"https:\/\/stejarii.ro\/residential-club\/wp-content\/uploads\/sites\/2\/2023\/01\/image00001.jpeg\" class=\"attachment-full size-full\" alt=\"\" srcset=\"https:\/\/stejarii.ro\/residential-club\/wp-content\/uploads\/sites\/2\/2023\/01\/image00001.jpeg 1024w, https:\/\/stejarii.ro\/residential-club\/wp-content\/uploads\/sites\/2\/2023\/01\/image00001-450x300.jpeg 450w, https:\/\/stejarii.ro\/residential-club\/wp-content\/uploads\/sites\/2\/2023\/01\/image00001-18x12.jpeg 18w, https:\/\/stejarii.ro\/residential-club\/wp-content\/uploads\/sites\/2\/2023\/01\/image00001-800x534.jpeg 800w, https:\/\/stejarii.ro\/residential-club\/wp-content\/uploads\/sites\/2\/2023\/01\/image00001-120x80.jpeg 120w, https:\/\/stejarii.ro\/residential-club\/wp-content\/uploads\/sites\/2\/2023\/01\/image00001-600x400.jpeg 600w, https:\/\/stejarii.ro\/residential-club\/wp-content\/uploads\/sites\/2\/2023\/01\/image00001-300x200.jpeg 300w, https:\/\/stejarii.ro\/residential-club\/wp-content\/uploads\/sites\/2\/2023\/01\/image00001-768x512.jpeg 768w, https:\/\/stejarii.ro\/residential-club\/wp-content\/uploads\/sites\/2\/2023\/01\/image00001-370x247.jpeg 370w, https:\/\/stejarii.ro\/residential-club\/wp-content\/uploads\/sites\/2\/2023\/01\/image00001-760x507.jpeg 760w\" sizes=\"auto, (max-width: 1024px) 100vw, 1024px\" \/><\/div><\/div><\/div><\/div><\/div><\/div><div class=\"g-cols wpb_row us_custom_a9d41b50 via_flex valign_middle type_default reversed stacking_default\"><div class=\"vc_col-sm-6 wpb_column vc_column_container\"><div class=\"vc_column-inner\"><div class=\"wpb_wrapper\"><div class=\"w-image align_none\"><div class=\"w-image-h\"><img loading=\"lazy\" decoding=\"async\" width=\"2000\" height=\"1334\" src=\"https:\/\/stejarii.ro\/residential-club\/wp-content\/uploads\/sites\/2\/2022\/03\/beauty-district-1.jpg\" class=\"attachment-full size-full\" alt=\"\" srcset=\"https:\/\/stejarii.ro\/residential-club\/wp-content\/uploads\/sites\/2\/2022\/03\/beauty-district-1.jpg 2000w, https:\/\/stejarii.ro\/residential-club\/wp-content\/uploads\/sites\/2\/2022\/03\/beauty-district-1-450x300.jpg 450w, https:\/\/stejarii.ro\/residential-club\/wp-content\/uploads\/sites\/2\/2022\/03\/beauty-district-1-1280x854.jpg 1280w, https:\/\/stejarii.ro\/residential-club\/wp-content\/uploads\/sites\/2\/2022\/03\/beauty-district-1-18x12.jpg 18w, https:\/\/stejarii.ro\/residential-club\/wp-content\/uploads\/sites\/2\/2022\/03\/beauty-district-1-600x400.jpg 600w, https:\/\/stejarii.ro\/residential-club\/wp-content\/uploads\/sites\/2\/2022\/03\/beauty-district-1-800x534.jpg 800w, https:\/\/stejarii.ro\/residential-club\/wp-content\/uploads\/sites\/2\/2022\/03\/beauty-district-1-120x80.jpg 120w, https:\/\/stejarii.ro\/residential-club\/wp-content\/uploads\/sites\/2\/2022\/03\/beauty-district-1-300x200.jpg 300w, https:\/\/stejarii.ro\/residential-club\/wp-content\/uploads\/sites\/2\/2022\/03\/beauty-district-1-1024x683.jpg 1024w, https:\/\/stejarii.ro\/residential-club\/wp-content\/uploads\/sites\/2\/2022\/03\/beauty-district-1-768x512.jpg 768w, https:\/\/stejarii.ro\/residential-club\/wp-content\/uploads\/sites\/2\/2022\/03\/beauty-district-1-1536x1025.jpg 1536w, https:\/\/stejarii.ro\/residential-club\/wp-content\/uploads\/sites\/2\/2022\/03\/beauty-district-1-370x247.jpg 370w, https:\/\/stejarii.ro\/residential-club\/wp-content\/uploads\/sites\/2\/2022\/03\/beauty-district-1-760x507.jpg 760w\" sizes=\"auto, (max-width: 2000px) 100vw, 2000px\" \/><\/div><\/div><\/div><\/div><\/div><div class=\"vc_col-sm-6 wpb_column vc_column_container\"><div class=\"vc_column-inner\"><div class=\"wpb_wrapper\"><div class=\"w-image align_center\"><div class=\"w-image-h\"><img loading=\"lazy\" decoding=\"async\" width=\"100\" height=\"100\" src=\"https:\/\/stejarii.ro\/residential-club\/wp-content\/uploads\/sites\/2\/2023\/03\/bd_logo-edit-min.png\" class=\"attachment-full size-full\" alt=\"\" srcset=\"https:\/\/stejarii.ro\/residential-club\/wp-content\/uploads\/sites\/2\/2023\/03\/bd_logo-edit-min.png 100w, https:\/\/stejarii.ro\/residential-club\/wp-content\/uploads\/sites\/2\/2023\/03\/bd_logo-edit-min-12x12.png 12w\" sizes=\"auto, (max-width: 100px) 100vw, 100px\" \/><\/div><\/div><div class=\"wpb_text_column\"><div class=\"wpb_wrapper\"><p style=\"text-align: center;\"><strong>Beauty District<\/strong><\/p>\n<p style=\"text-align: center;\">Beauty District, un salon cu servicii complete, reprezinta o lume a frumusetii absolute. Situat in perimetrul Stejarii Country Club, salonul ofera stiluri si coafuri in voga, servicii de machiaj si ingrijire a unghiilor, precum si o gama larga de servicii suplimentare: carduri cadou, asistenta pentru sedinte foto si evenimente, pachete de infrumuetare speciale pentru nunti si seminarii corporate personalizate. Pentru mai multe informatii, va invitam sa accesati <a href=\"https:\/\/stejariicountryclub.ro\/beauty-district\/\" target=\"_blank\" rel=\"noopener\">stejariicountryclub.ro\/beauty-district\/<\/a><\/p>\n<\/div><\/div><\/div><\/div><\/div><\/div><div class=\"g-cols wpb_row us_custom_a9d41b50 via_flex valign_middle type_default stacking_default\"><div class=\"vc_col-sm-6 wpb_column vc_column_container\"><div class=\"vc_column-inner\"><div class=\"wpb_wrapper\"><div class=\"w-image align_center\"><div class=\"w-image-h\"><img loading=\"lazy\" decoding=\"async\" width=\"100\" height=\"100\" src=\"https:\/\/stejarii.ro\/residential-club\/wp-content\/uploads\/sites\/2\/2023\/03\/mega-image-edit-min.png\" class=\"attachment-full size-full\" alt=\"\" srcset=\"https:\/\/stejarii.ro\/residential-club\/wp-content\/uploads\/sites\/2\/2023\/03\/mega-image-edit-min.png 100w, https:\/\/stejarii.ro\/residential-club\/wp-content\/uploads\/sites\/2\/2023\/03\/mega-image-edit-min-12x12.png 12w\" sizes=\"auto, (max-width: 100px) 100vw, 100px\" \/><\/div><\/div><div class=\"wpb_text_column\"><div class=\"wpb_wrapper\"><p style=\"text-align: center;\"><strong>Mega Image<\/strong><\/p>\n<p style=\"text-align: center;\">Infiintat in 1995, Mega Image este cel mai mare lant de supermarketuri din Romania, cu o retea de peste 325 de magazine in toata tara. La Mega Image, vei gasi zilnic o varietate de produse proaspete si gustoase. Aflat intr-o locatie accesibila, veti gasi inspiratia pentru a pregati feluri de mancare usoare si gustoase acasa. In ceea ce priveste cumparaturile de baza, puteti alege rapid de la Shop&amp;Go orice aveti nevoie. Pentru mai multe informatii, va invitam sa accesati <a href=\"https:\/\/www.mega-image.ro\/\" target=\"_blank\" rel=\"noopener\">mega-image.ro<\/a><\/p>\n<\/div><\/div><\/div><\/div><\/div><div class=\"vc_col-sm-6 wpb_column vc_column_container\"><div class=\"vc_column-inner\"><div class=\"wpb_wrapper\"><div class=\"w-image align_none\"><div class=\"w-image-h\"><img loading=\"lazy\" decoding=\"async\" width=\"865\" height=\"497\" src=\"https:\/\/stejarii.ro\/residential-club\/wp-content\/uploads\/sites\/2\/2022\/03\/Retail_Food_Mega-Image_Shop-Go-1-e1533570453699.jpg\" class=\"attachment-full size-full\" alt=\"\" srcset=\"https:\/\/stejarii.ro\/residential-club\/wp-content\/uploads\/sites\/2\/2022\/03\/Retail_Food_Mega-Image_Shop-Go-1-e1533570453699.jpg 865w, https:\/\/stejarii.ro\/residential-club\/wp-content\/uploads\/sites\/2\/2022\/03\/Retail_Food_Mega-Image_Shop-Go-1-e1533570453699-450x259.jpg 450w, https:\/\/stejarii.ro\/residential-club\/wp-content\/uploads\/sites\/2\/2022\/03\/Retail_Food_Mega-Image_Shop-Go-1-e1533570453699-600x345.jpg 600w, https:\/\/stejarii.ro\/residential-club\/wp-content\/uploads\/sites\/2\/2022\/03\/Retail_Food_Mega-Image_Shop-Go-1-e1533570453699-800x460.jpg 800w, https:\/\/stejarii.ro\/residential-club\/wp-content\/uploads\/sites\/2\/2022\/03\/Retail_Food_Mega-Image_Shop-Go-1-e1533570453699-120x69.jpg 120w, https:\/\/stejarii.ro\/residential-club\/wp-content\/uploads\/sites\/2\/2022\/03\/Retail_Food_Mega-Image_Shop-Go-1-e1533570453699-18x10.jpg 18w, https:\/\/stejarii.ro\/residential-club\/wp-content\/uploads\/sites\/2\/2022\/03\/Retail_Food_Mega-Image_Shop-Go-1-e1533570453699-300x172.jpg 300w, https:\/\/stejarii.ro\/residential-club\/wp-content\/uploads\/sites\/2\/2022\/03\/Retail_Food_Mega-Image_Shop-Go-1-e1533570453699-768x441.jpg 768w, https:\/\/stejarii.ro\/residential-club\/wp-content\/uploads\/sites\/2\/2022\/03\/Retail_Food_Mega-Image_Shop-Go-1-e1533570453699-370x213.jpg 370w, https:\/\/stejarii.ro\/residential-club\/wp-content\/uploads\/sites\/2\/2022\/03\/Retail_Food_Mega-Image_Shop-Go-1-e1533570453699-760x437.jpg 760w\" sizes=\"auto, (max-width: 865px) 100vw, 865px\" \/><\/div><\/div><\/div><\/div><\/div><\/div><\/div><\/div><\/div><\/div><\/div><\/section>","protected":false},"excerpt":{"rendered":"FacilitiesPartners of the clubView apartmentsStejarii Country Club Combining a variety of services, the Club creates a warm and distinctive setting that blends sports, relaxation, and wellness services, tailored for a wide range of needs. Our residents have free enrolment fee at Stejarii Country Club and access to a variety of customized services and packages, both...","protected":false},"author":11,"featured_media":0,"parent":0,"menu_order":0,"comment_status":"closed","ping_status":"closed","template":"","meta":{"_acf_changed":false,"_lmt_disableupdate":"no","_lmt_disable":"","footnotes":""},"class_list":["post-12968","page","type-page","status-publish","hentry"],"acf":[],"_links":{"self":[{"href":"https:\/\/stejarii.ro\/residential-club\/ro\/wp-json\/wp\/v2\/pages\/12968","targetHints":{"allow":["GET"]}}],"collection":[{"href":"https:\/\/stejarii.ro\/residential-club\/ro\/wp-json\/wp\/v2\/pages"}],"about":[{"href":"https:\/\/stejarii.ro\/residential-club\/ro\/wp-json\/wp\/v2\/types\/page"}],"author":[{"embeddable":true,"href":"https:\/\/stejarii.ro\/residential-club\/ro\/wp-json\/wp\/v2\/users\/11"}],"replies":[{"embeddable":true,"href":"https:\/\/stejarii.ro\/residential-club\/ro\/wp-json\/wp\/v2\/comments?post=12968"}],"version-history":[{"count":1,"href":"https:\/\/stejarii.ro\/residential-club\/ro\/wp-json\/wp\/v2\/pages\/12968\/revisions"}],"predecessor-version":[{"id":14731,"href":"https:\/\/stejarii.ro\/residential-club\/ro\/wp-json\/wp\/v2\/pages\/12968\/revisions\/14731"}],"wp:attachment":[{"href":"https:\/\/stejarii.ro\/residential-club\/ro\/wp-json\/wp\/v2\/media?parent=12968"}],"curies":[{"name":"wp","href":"https:\/\/api.w.org\/{rel}","templated":true}]}}