{"id":1407,"date":"2023-03-29T12:41:21","date_gmt":"2023-03-29T09:41:21","guid":{"rendered":"https:\/\/dev.stejarii.ro\/?page_id=1407"},"modified":"2025-07-28T17:33:22","modified_gmt":"2025-07-28T14:33:22","slug":"birthday","status":"publish","type":"page","link":"https:\/\/stejarii.ro\/ro\/birthday\/","title":{"rendered":"Birthday Programe"},"content":{"rendered":"<section class=\"l-section wpb_row us_custom_1e82ee13 height_medium with_img\" id=\"headeR\"><div class=\"l-section-img\" data-img-width=\"1920\" data-img-height=\"800\" style=\"background-image: url(https:\/\/stejarii.ro\/wp-content\/uploads\/2025\/07\/cadou-rezidente-banner-site-1920x800-V4min.jpg);background-repeat: no-repeat;\"><\/div><div class=\"l-section-h i-cf\"><div class=\"g-cols vc_row via_flex valign_top type_default stacking_default\"><div class=\"vc_col-sm-10 wpb_column vc_column_container\"><div class=\"vc_column-inner\"><div class=\"wpb_wrapper\"><div class=\"wpb_text_column us_custom_0ac875d9 has_text_color\"><div class=\"wpb_wrapper\"><p class=\"f_size_50\">Draga noastr\u0103 rezident\u0103,<br \/>\n<b>ziua ta de nastere<\/b><br \/>\neste o ocazie special\u0103 pentru noi.<\/p>\n<\/div><\/div><\/div><\/div><\/div><\/div><\/div><\/section><section class=\"l-section wpb_row us_custom_7b2b6b37 height_medium with_img\" id=\"row-1\"><div class=\"l-section-img\" data-img-width=\"1888\" data-img-height=\"980\" style=\"background-image: url(https:\/\/stejarii.ro\/wp-content\/uploads\/2023\/04\/bg-birthday-section-min.png);background-position: center right;background-repeat: no-repeat;\"><\/div><div class=\"l-section-h i-cf\"><div class=\"g-cols vc_row via_flex valign_top type_default stacking_default\"><div class=\"vc_col-sm-12 wpb_column vc_column_container\"><div class=\"vc_column-inner\"><div class=\"wpb_wrapper\"><div class=\"w-image us_custom_100d1e64 w_35 align_center\"><a href=\"#next-section1\" aria-label=\"Leg\u0103tur\u0103\" class=\"w-image-h\"><img loading=\"lazy\" decoding=\"async\" width=\"211\" height=\"339\" src=\"https:\/\/stejarii.ro\/wp-content\/uploads\/2023\/02\/down-section-mouse.gif\" class=\"attachment-full size-full\" alt=\"\" \/><\/a><\/div><div class=\"g-cols wpb_row us_custom_e46a1e02 via_flex valign_top type_default stacking_default\" id=\"next-section1\"><div class=\"vc_col-sm-12 vc_col-lg-offset-2 vc_col-lg-8 wpb_column vc_column_container\"><div class=\"vc_column-inner\"><div class=\"wpb_wrapper\"><div class=\"w-image w_80 align_center\"><div class=\"w-image-h\"><img loading=\"lazy\" decoding=\"async\" width=\"264\" height=\"264\" src=\"https:\/\/stejarii.ro\/wp-content\/uploads\/2023\/02\/img-gift-min.png\" class=\"attachment-full size-full\" alt=\"\" srcset=\"https:\/\/stejarii.ro\/wp-content\/uploads\/2023\/02\/img-gift-min.png 264w, https:\/\/stejarii.ro\/wp-content\/uploads\/2023\/02\/img-gift-min-150x150.png 150w, https:\/\/stejarii.ro\/wp-content\/uploads\/2023\/02\/img-gift-min-12x12.png 12w, https:\/\/stejarii.ro\/wp-content\/uploads\/2023\/02\/img-gift-min-220x220.png 220w, https:\/\/stejarii.ro\/wp-content\/uploads\/2023\/02\/img-gift-min-250x250.png 250w, https:\/\/stejarii.ro\/wp-content\/uploads\/2023\/02\/img-gift-min-200x200.png 200w, https:\/\/stejarii.ro\/wp-content\/uploads\/2023\/02\/img-gift-min-90x90.png 90w\" sizes=\"auto, (max-width: 264px) 100vw, 264px\" \/><\/div><\/div><div class=\"wpb_text_column us_custom_e3cacf6a italic_p has_text_color\"><div class=\"wpb_wrapper\"><p class=\"\">Permite\u021bi-ne s\u0103 v\u0103 transmitem un semn al aprecierii noastre, de ziua Dvs.<\/p>\n<\/div><\/div><div class=\"wpb_text_column us_custom_3f5faec1 has_text_color\"><div class=\"wpb_wrapper\"><p>In acest sens, v\u0103 rug\u0103m s\u0103 v\u0103 \u00eenscrie\u021bi \u00een programul \u201cStejarii -  Zi de na\u0219tere\u201d introduc\u00e2nd<br \/>\ninforma\u021biile Dvs. solicitate \u00een formularul de mai jos:<\/p>\n<\/div><\/div><div role=\"form\" class=\"wpcf7\" id=\"wpcf7-f953-o1\" lang=\"en-US\" dir=\"ltr\">\n<div class=\"screen-reader-response\"><p role=\"status\" aria-live=\"polite\" aria-atomic=\"true\"><\/p> <ul><\/ul><\/div>\n<form action=\"\/ro\/wp-json\/wp\/v2\/pages\/1407#wpcf7-f953-o1\" method=\"post\" class=\"wpcf7-form init cf7mls-no-scroll cf7mls-no-moving-animation\" novalidate=\"novalidate\" data-status=\"init\" data-trp-original-action=\"\/ro\/wp-json\/wp\/v2\/pages\/1407#wpcf7-f953-o1\">\n<div style=\"display: none;\">\n<input type=\"hidden\" name=\"_wpcf7\" value=\"953\" \/>\n<input type=\"hidden\" name=\"_wpcf7_version\" value=\"5.5.6.1\" \/>\n<input type=\"hidden\" name=\"_wpcf7_locale\" value=\"en_US\" \/>\n<input type=\"hidden\" name=\"_wpcf7_unit_tag\" value=\"wpcf7-f953-o1\" \/>\n<input type=\"hidden\" name=\"_wpcf7_container_post\" value=\"0\" \/>\n<input type=\"hidden\" name=\"_wpcf7_posted_data_hash\" value=\"\" \/>\n<input type=\"hidden\" name=\"_wpcf7cf_hidden_group_fields\" value=\"[]\" \/>\n<input type=\"hidden\" name=\"_wpcf7cf_hidden_groups\" value=\"[]\" \/>\n<input type=\"hidden\" name=\"_wpcf7cf_visible_groups\" value=\"[]\" \/>\n<input type=\"hidden\" name=\"_wpcf7cf_repeaters\" value=\"[]\" \/>\n<input type=\"hidden\" name=\"_wpcf7cf_steps\" value=\"{}\" \/>\n<input type=\"hidden\" name=\"_wpcf7cf_options\" value=\"{&quot;form_id&quot;:953,&quot;conditions&quot;:[{&quot;then_field&quot;:&quot;selectresidentials&quot;,&quot;and_rules&quot;:[{&quot;if_field&quot;:&quot;select-complex&quot;,&quot;operator&quot;:&quot;equals&quot;,&quot;if_value&quot;:&quot;Stejarii Residential Club&quot;}]},{&quot;then_field&quot;:&quot;selectcollectionss&quot;,&quot;and_rules&quot;:[{&quot;if_field&quot;:&quot;select-complex&quot;,&quot;operator&quot;:&quot;equals&quot;,&quot;if_value&quot;:&quot;Stejarii Collection&quot;}]}],&quot;settings&quot;:{&quot;animation&quot;:&quot;yes&quot;,&quot;animation_intime&quot;:200,&quot;animation_outtime&quot;:200,&quot;conditions_ui&quot;:&quot;normal&quot;,&quot;notice_dismissed&quot;:true,&quot;notice_dismissed_update-cf7-5.7.6&quot;:true,&quot;notice_dismissed_update-cf7-6.0&quot;:true}}\" \/>\n<input type=\"hidden\" name=\"remote_ip\" value=\"216.73.216.58\" \/>\n<\/div>\n<style>\n    .forms-en-bday { width:100%!important }\n    .forms-en-bday input[type=text] { background: transparent!important; border: none!important; \n        border-bottom: 1px solid #FFFFFF4C!important; margin-bottom: 8px!important; }\n    .col1 { width: 50%; display: inline-block; } .col2 { width: 48%; float: right; }\n    .coloane-forms-bday-en { margin-bottom:20px }\n    div.select_container { border-bottom:1px solid #595861!important }\n    .forms-en-bday select.selectComplex { background:#1b1927!important; border-bottom: 1px solid #FFFFFF4C!important;}\n    .forms-en-bday select.selectComplex:before { background:#1b1927!important }\n    .scheme_default .select_container:before { background:#1b1927!important }\n    .scheme_default .select_container select:focus { background:#1b1927!important }\n    .scheme_default .select_container:after { color:#FFFFFF4C!important }\n    .forms-en-bday select.selectComplex { padding-bottom: 12px!important }\n.forms-en-bday input { font-size:16px!important }\n    .forms-en-bday input[type=date] { background: transparent!important; color: #FFFFFF4C!important; \n        font-size: 1p6x!important; border-bottom: 1px solid #FFFFFF4C!important; \n        margin-bottom: 8px!important; line-height: 53px!important; }\n    .forms-en-bday .col11 { width:33%;display: inline-block;margin-right:9px; float: left; } .col22 { width:34%;display: inline-block } .col33 { width:30%;float: right }\n    .scheme_default input[type=submit] { background: white!important; color: #000000!important; \n        font-weight: bold!important; border-radius: 45px!important; }\n    .scheme_default input[type=submit]:hover { background: #AE9A64!important; color: #000000!important; }\n    .forms-en-bday .wpcf7-not-valid + span.wpcf7-not-valid-tip { font-size:12px!important }\n    span.wpcf7-not-valid-tip { font-size:12px!important }\n    ::placeholder { color: #FFFFFF4C!important; opacity: 1!important; }\n    :-ms-input-placeholder { color: #FFFFFF4C!important; }\n    ::-ms-input-placeholder { color: #FFFFFF4C!important; }\n    .forms-en-bday input[type=\"checkbox\"] + .wpcf7-list-item-label:before { border: 1px solid #AE9A64!important; border-radius: 20px; }\n    .scheme_default .sc_button_hover_slide_left:not([class^=\"xdsoft_\"]) { background:#ffffff!important }\n    .forms-en-bday div.select_container { margin-bottom:8px!important }\n    ::-webkit-calendar-picker-indicator { filter: invert(1); opacity: 0.6; }\n    .forms-en-bday select option[value=\"\"], select option:not([value]) { font-style: italic; color:rgba(255,255,255.3)!important }\n    \/*select option[value=\"\"], select option:not([value])::before {  }*\/\n    .forms-en-bday .wpcf7 form.sent .wpcf7-response-output { color:rgba(255,255,255.3)!important }\n    .forms-en-bday .wpcf7 form.invalid .wpcf7-response-output { color:rgba(255,255,255.3)!important }\n    .forms-en-bday span.wpcf7-list-item-label { color: #FFFFFF4C!important; }\n    .forms-en-bday .wpcf7-spinner { position:absolute!important }\n    .elementor-932 .elementor-element.elementor-element-daadf28 .eael-contact-form-7 .wpcf7-form-control.wpcf7-select { color: #FFFFFF4C!important; }\n    input.wpcf7-datepicker { color:#ffffff!important }\n    .scheme_default table th { background-color:#AE9A64!important }\n    @media only screen and (max-width: 800px) {\n    .forms-en-bday .col1 { width: 100%; display: inline-block; } .forms-en-bday .col2 { width: 100%; float: none; }\n    .forms-en-bday .col11 { width: 100%; } .forms-en-bday .col22 { width: 100%; } .forms-en-bday .col33 { width: 100%; margin-bottom: 20px; } }\n    .divSelectAp { display:flex } .inpt-block, .inpt-scara, .inpt-ap { width: 120px; margin-right: 15px; } .Q12-ap-client input{ width:100%; border-color: transparent!important }\n    .wpcf7-form select.select-block-ap, select.select-scara-ap, select.select-ap { background-color: #1b1927!important;border-bottom: 1px solid #FFFFFF4C!important }\n    @media only screen and (max-width: 800px) {\n    .divSelectAp { display:block} .inpt-block, .inpt-scara, .inpt-ap { width: 100% } .inpt-block, .inpt-scara { margin-bottom:10px } }\n    [data-id=\"selects\"] { height:auto; display:none; color:gray; text-align:center; margin:0px auto; font-size: 12px; }\n    [data-id=\"selectresidentials\"] { display:flex } [data-id=\"selectresidentials\"] div { width:auto!important }\n    [data-id=\"selectcollectionss\"] { display:flex } [data-id=\"selectcollectionss\"] div { width:auto!important }\n        label span.label { font-size: 12px; color: gray; top: 5px; position: relative }\n        [data-id=\"selectresidentials\"] label { top: -30px!important; position: relative; }\n        [data-id=\"selectcollectionss\"] label { top: -30px!important; position: relative; }\n        .col22 label { top: -30px!important; position: relative; }\n        .col33 label { top: -30px!important; position: relative; }\n        @media only screen and (max-width: 800px) {\n        .col22 label { top: 0px!important }\n        .col33 label { top: 0px!important }\n        [data-id=\"selectresidentials\"] label { top: 0px!important } [data-id=\"selectcollectionss\"] label { top: 0px!important } }\n        .wpcf7-not-valid-tip { position: absolute; right: 0px; top: 0px } .wpcf7-form input[type='email'] { background: transparent !important; border-bottom: 1px solid #FFFFFF4C !important;}<\/style>\n<div class=\"forms-en-bday\">\n    <div class=\"coloane-forms-bday-en\">\n        <div class=\"col1\">\n            <label> <span class=\"wpcf7-form-control-wrap inpt-lname\"><input type=\"text\" name=\"inpt-lname\" value=\"\" size=\"40\" class=\"wpcf7-form-control wpcf7-text wpcf7-validates-as-required inpt-lname\" aria-required=\"true\" aria-invalid=\"false\" placeholder=\"Prenume\" \/><\/span> <\/label><\/div>\n        <div class=\"col2\">\n            <label> <span class=\"wpcf7-form-control-wrap inpt-fname\"><input type=\"text\" name=\"inpt-fname\" value=\"\" size=\"40\" class=\"wpcf7-form-control wpcf7-text wpcf7-validates-as-required inpt-fname\" aria-required=\"true\" aria-invalid=\"false\" placeholder=\"Nume\" \/><\/span> <\/label><\/div>\n        <div class=\"col3\">\n            <label> <span class=\"wpcf7-form-control-wrap birthday-inpt-email\"><input type=\"email\" name=\"birthday-inpt-email\" value=\"\" size=\"40\" class=\"wpcf7-form-control wpcf7-text wpcf7-email wpcf7-validates-as-required wpcf7-validates-as-email inpt-email\" aria-required=\"true\" aria-invalid=\"false\" placeholder=\"Email\" \/><\/span> <\/label><\/div>\n    <\/div>\n\n    <div class=\"coloane-forms-bday-en\" style=\"margin-bottom: 10px;\">\n        <div class=\"col11\">\n            <label><span class=\"wpcf7-form-control-wrap myFirstDatepicker\" data-name=\"myFirstDatepicker\"><input type=\"text\" name=\"myFirstDatepicker\" value=\"\" class=\"wpcf7-form-control wpcf7-datepicker wpcf7-validates-as-required wpcf7-validates-as-date nmr-datepicker\" id=\"myFirstDatepicker\" min=\"1933-01-01\" data-format=\"dd.mm.yy\" readonly=\"readonly\" aria-required=\"true\" aria-invalid=\"false\" placeholder=\"Ziua de nastere (dd\/mm\/yyyy)\" \/><\/span><\/label><\/div>\n        <div class=\"col22\">\n            <label><span class=\"label\">Alege complex<\/span><span class=\"wpcf7-form-control-wrap select-complex\"><select name=\"select-complex\" class=\"wpcf7-form-control wpcf7-select wpcf7-validates-as-required selectComplex\" aria-required=\"true\" aria-invalid=\"false\"><option value=\"\">---<\/option><option value=\"Stejarii Residential Club\">Clubul Rezidential Stejarii<\/option><option value=\"Stejarii Collection\">Stejarii Collection<\/option><\/select><\/span><\/label><\/div>\n        <div class=\"col33\">\n            <div class=\"divSelectAp\">\n        <div data-id=\"selectresidentials\" data-orig_data_id=\"selectresidentials\"  data-class=\"wpcf7cf_group\">\n        <div class=\"inpt-block\">\n            <label><span class=\"label\">Bloc<\/span><span class=\"wpcf7-form-control-wrap select-block-s\"><select name=\"select-block-s\" class=\"wpcf7-form-control wpcf7-select wpcf7-validates-as-required select-block-ap\" id=\"select-block-ap\" aria-required=\"true\" aria-invalid=\"false\"><option value=\"\">---<\/option><option value=\"1\">1<\/option><option value=\"2\">2<\/option><option value=\"3\">3<\/option><option value=\"4\">4<\/option><option value=\"5\">5<\/option><option value=\"6\">6<\/option><option value=\"7\">7<\/option><option value=\"8\">8<\/option><\/select><\/span><\/label>\n        <\/div>\n        <div class=\"inpt-scara\">\n            <label><span class=\"label\">Scara<\/span><span class=\"wpcf7-form-control-wrap select-scara-s\"><select name=\"select-scara-s\" class=\"wpcf7-form-control wpcf7-select wpcf7-validates-as-required select-scara-ap\" id=\"select-scara-ap\" aria-required=\"true\" aria-invalid=\"false\"><option value=\"\">---<\/option><option value=\"A\">A<\/option><option value=\"B\">B<\/option><option value=\"C\">C<\/option><\/select><\/span><\/label>\n        <\/div>\n        <div class=\"inpt-ap\">\n            <label><span class=\"label\">Apartament<\/span><span class=\"wpcf7-form-control-wrap Q12-ap-client-s\"><select name=\"Q12-ap-client-s\" class=\"wpcf7-form-control wpcf7-select wpcf7-validates-as-required select-ap\" id=\"select-ap\" aria-required=\"true\" aria-invalid=\"false\"><option value=\"\">---<\/option><option value=\"1\">1<\/option><option value=\"2\">2<\/option><option value=\"3\">3<\/option><option value=\"4\">4<\/option><option value=\"5\">5<\/option><option value=\"11\">11<\/option><option value=\"12\">12<\/option><option value=\"13\">13<\/option><option value=\"14\">14<\/option><option value=\"15\">15<\/option><option value=\"21\">21<\/option><option value=\"22\">22<\/option><option value=\"23\">23<\/option><option value=\"24\">24<\/option><option value=\"31\">31<\/option><option value=\"32\">32<\/option><option value=\"33\">33<\/option><option value=\"34\">34<\/option><option value=\"41\">41<\/option><\/select><\/span><\/label>\n        <\/div>\n        <\/div>\n        <div data-id=\"selectcollectionss\" data-orig_data_id=\"selectcollectionss\"  data-class=\"wpcf7cf_group\">\n        <div class=\"inpt-block\">\n            <label><span class=\"label\">Etaj<\/span><span class=\"wpcf7-form-control-wrap select-block-ss\"><select name=\"select-block-ss\" class=\"wpcf7-form-control wpcf7-select wpcf7-validates-as-required select-block-ap\" id=\"select-block-ap\" aria-required=\"true\" aria-invalid=\"false\"><option value=\"\">---<\/option><option value=\"P\">P<\/option><option value=\"1\">1<\/option><option value=\"2\">2<\/option><option value=\"3\">3<\/option><option value=\"4\">4<\/option><option value=\"5\">5<\/option><\/select><\/span><\/label>\n        <\/div>\n        <div class=\"inpt-scara\">\n            <label><span class=\"label\">Scara<\/span><span class=\"wpcf7-form-control-wrap select-scara-ss\"><select name=\"select-scara-ss\" class=\"wpcf7-form-control wpcf7-select wpcf7-validates-as-required select-scara-ap\" id=\"select-scara-ap\" aria-required=\"true\" aria-invalid=\"false\"><option value=\"\">---<\/option><option value=\"A\">A<\/option><option value=\"B\">B<\/option><option value=\"C\">C<\/option><option value=\"D\">D<\/option><option value=\"E\">E<\/option><option value=\"F\">F<\/option><option value=\"G\">G<\/option><option value=\"H\">H<\/option><option value=\"I\">I<\/option><option value=\"J\">J<\/option><\/select><\/span><\/label>\n        <\/div>\n        <div class=\"inpt-ap\">\n            <label><span class=\"label\">Apartament<\/span><span class=\"wpcf7-form-control-wrap Q12-ap-client-ss\"><select name=\"Q12-ap-client-ss\" class=\"wpcf7-form-control wpcf7-select wpcf7-validates-as-required select-ap\" id=\"select-ap\" aria-required=\"true\" aria-invalid=\"false\"><option value=\"\">---<\/option><option value=\"1\">1<\/option><option value=\"2\">2<\/option><option value=\"3\">3<\/option><option value=\"4\">4<\/option><\/select><\/span><\/label>\n        <\/div>\n        <\/div>\n    <\/div>\n        <\/div>\n    <\/div>\n\n    <div class=\"sc_form_field sc_form_field_checkbox label_1\" style=\"margin-bottom:10px\">\n    <label style=\"font-size:14px;letter-spacing: 0;\"><span class=\"wpcf7-form-control-wrap confirmare-peste-18-ani\"><span class=\"wpcf7-form-control wpcf7-acceptance\"><span class=\"wpcf7-list-item\"><input type=\"checkbox\" name=\"confirmare-peste-18-ani\" value=\"1\" aria-invalid=\"false\" class=\"peste-18-ani\" id=\"peste-18-ani\" \/><\/span><\/span><\/span> Am peste 18 ani. <\/label>\n    <label style=\"font-size:14px;letter-spacing: 0;\"><span class=\"wpcf7-form-control-wrap accept-info-note\"><span class=\"wpcf7-form-control wpcf7-acceptance\"><span class=\"wpcf7-list-item\"><input type=\"checkbox\" name=\"accept-info-note\" value=\"1\" aria-invalid=\"false\" \/><\/span><\/span><\/span> Am citit <a href=\"\/\/stejarii.ro\/fisiere\/nota-de-informare-bday-page-en.pdf\" style=\"color:#AE9A64\" target=\"_blank\">Politica de Confiden\u021bialitate<\/a>.<\/label>\n<div class=\"reCaptcha\">Acest site este protejat de reCAPTCHA \u0219i de Google. Vezi <a href=\"nota-de-informare-bday-page-ro.pdf\" target=\"_blank\">Politica de Confiden\u021bialitate<\/a> \u0219i <a href=\"https:\/\/policies.google.com\/terms\" target=\"_blank\">Termenii Serviciului<\/a><\/div>\n    <\/div>\n\n    <div style=\"margin-bottom: 20px; color: #FFFFFF4C!important; font-size:15px\">\n    Acest program este adresat doamnelor care locuiesc \u00een Stejarii Clubul Rezidential \u015fi va fi verificat. Orice \u00eenscriere care nu se reg\u0103se\u015fte \u00een eviden\u0163ele locatarilor va fi \u015ftears\u0103.\n    <\/div>\n\n    <div class=\"coloane-forms-bday-en\" style=\"text-align:center!important;margin:0 auto!important\">\n    <label><input type=\"submit\" value=\"TRIMITE -&gt;\" class=\"wpcf7-form-control has-spinner wpcf7-submit\" \/><\/label><\/div>\n<\/div><div class=\"wpcf7-response-output\" aria-hidden=\"true\"><\/div><input type=\"hidden\" name=\"trp-form-language\" value=\"ro\"\/><\/form><\/div><\/div><\/div><\/div><\/div><\/div><\/div><\/div><\/div><\/div><\/section>","protected":false},"excerpt":{"rendered":"Draga noastr\u0103 rezident\u0103, ziua ta de nastere este o ocazie special\u0103 pentru noi. Allow us to send you a token of our appreciation on your birthday Towards this, please register to Stejarii Birthday Program by entering your information below: Select Complex---Stejarii Residential ClubStejarii Collection Block---12345678 Staircase---ABC Apartment---123451112131415212223243132333441 Floor---P12345 Staircase---ABCDEFGHIJ Apartment---1234 I\u2019m over 18 years old....","protected":false},"author":11,"featured_media":0,"parent":0,"menu_order":0,"comment_status":"closed","ping_status":"closed","template":"","meta":{"_acf_changed":false,"_lmt_disableupdate":"no","_lmt_disable":"","footnotes":""},"class_list":["post-1407","page","type-page","status-publish","hentry"],"acf":[],"_links":{"self":[{"href":"https:\/\/stejarii.ro\/ro\/wp-json\/wp\/v2\/pages\/1407","targetHints":{"allow":["GET"]}}],"collection":[{"href":"https:\/\/stejarii.ro\/ro\/wp-json\/wp\/v2\/pages"}],"about":[{"href":"https:\/\/stejarii.ro\/ro\/wp-json\/wp\/v2\/types\/page"}],"author":[{"embeddable":true,"href":"https:\/\/stejarii.ro\/ro\/wp-json\/wp\/v2\/users\/11"}],"replies":[{"embeddable":true,"href":"https:\/\/stejarii.ro\/ro\/wp-json\/wp\/v2\/comments?post=1407"}],"version-history":[{"count":27,"href":"https:\/\/stejarii.ro\/ro\/wp-json\/wp\/v2\/pages\/1407\/revisions"}],"predecessor-version":[{"id":3730,"href":"https:\/\/stejarii.ro\/ro\/wp-json\/wp\/v2\/pages\/1407\/revisions\/3730"}],"wp:attachment":[{"href":"https:\/\/stejarii.ro\/ro\/wp-json\/wp\/v2\/media?parent=1407"}],"curies":[{"name":"wp","href":"https:\/\/api.w.org\/{rel}","templated":true}]}}