{"id":2232,"date":"2023-10-21T14:41:55","date_gmt":"2023-10-21T11:41:55","guid":{"rendered":"https:\/\/stejarii.ro\/?page_id=2232"},"modified":"2025-09-29T18:51:29","modified_gmt":"2025-09-29T15:51:29","slug":"protectiadatelor","status":"publish","type":"page","link":"https:\/\/stejarii.ro\/ro\/protectiadatelor\/","title":{"rendered":"Protectia Datelor"},"content":{"rendered":"<section class=\"l-section wpb_row us_custom_ef340b8f height_small\"><div class=\"l-section-h i-cf\"><div class=\"g-cols vc_row via_flex valign_top type_default stacking_default\"><div class=\"vc_col-sm-12 wpb_column vc_column_container\"><div class=\"vc_column-inner\"><div class=\"wpb_wrapper\"><div class=\"wpb_text_column us_custom_e4cbb3fe has_text_color\"><div class=\"wpb_wrapper\"><p>INFORMA\u0162II PRIVIND PRELUCRAREA DATELOR PERSONALE<\/p>\n<\/div><\/div><div class=\"wpb_text_column us_custom_b64ed160 has_text_color\"><div class=\"wpb_wrapper\"><p>INFORMATION REGARDING THE PROCESSING OF PERSONAL DATA<\/p>\n<\/div><\/div><div class=\"vc_empty_space\"   style=\"height: 20px\"><span class=\"vc_empty_space_inner\"><\/span><\/div><\/div><\/div><\/div><\/div><\/div><\/section><section class=\"l-section wpb_row borderBottomRowStwo height_small\" id=\"row\"><div class=\"l-section-h i-cf\"><div class=\"g-cols vc_row via_flex valign_top type_default stacking_default\"><div class=\"vc_col-sm-12 vc_col-lg-offset-1 vc_col-lg-10 wpb_column vc_column_container\"><div class=\"vc_column-inner\"><div class=\"wpb_wrapper\"><h2 style=\"text-align: left\" class=\"vc_custom_heading us_custom_46fc92d9\" >Clubul Rezidential Stejarii<\/h2><div class=\"wpb_text_column us_custom_eb8cb727 has_text_color\"><div class=\"wpb_wrapper\"><p>NOT\u0102 DE INFORMARE GENERAL\u0102<\/p>\n<\/div><\/div><div class=\"wpb_text_column us_custom_d8be7828 has_text_color\"><div class=\"wpb_wrapper\"><p>GENERAL PRIVACY NOTICE<\/p>\n<\/div><\/div><div class=\"g-cols wpb_row us_custom_2f0fb3dd via_flex valign_top type_default stacking_default\" id=\"row-1a\"><div class=\"vc_col-sm-8 wpb_column vc_column_container\"><div class=\"vc_column-inner us_custom_0f0c9235\"><div class=\"wpb_wrapper\"><div class=\"w-text us_custom_2c0945f8\"><span class=\"w-text-h\"><span class=\"w-text-value\">Not\u0103 de informare privind datele personale ale reziden\u021bilor \u0219i reprezentan\u021bilor<\/span><\/span><\/div><div class=\"wpb_text_column hide_on_default hide_on_laptops hide_on_tablets hide_on_mobiles\"><div class=\"wpb_wrapper\"><p>Residents &amp; Representatives Stejarii Residential Club<\/p>\n<\/div><\/div><\/div><\/div><\/div><div class=\"vc_col-sm-4 wpb_column vc_column_container\"><div class=\"vc_column-inner\"><div class=\"wpb_wrapper\"><div class=\"w-hwrapper align_none valign_top\" style=\"--hwrapper-gap:1.20rem\"><div class=\"w-iconbox iconpos_left style_default color_primary align_center no_text\"><a href=\"https:\/\/stejarii.ro\/wp-content\/uploads\/2025\/09\/Nota-de-informare-rezidenti-reprezentanti_ro_Stejarii-Rezidential_25.09.2025.pdf\" class=\"w-iconbox-link\" aria-label=\"Descarc\u0103 Nota de Informare\"><div class=\"w-iconbox-icon\" style=\"font-size:2rem;\"><i class=\"fad fa-file-pdf\"><\/i><\/div><\/a><div class=\"w-iconbox-meta\"><a href=\"https:\/\/stejarii.ro\/wp-content\/uploads\/2025\/09\/Nota-de-informare-rezidenti-reprezentanti_ro_Stejarii-Rezidential_25.09.2025.pdf\" class=\"w-iconbox-link\" aria-label=\"Descarc\u0103 Nota de Informare\"><h4 class=\"w-iconbox-title\" style=\"font-size:1.125rem;\">Descarc\u0103 Nota de Informare<\/h4><\/a><\/div><\/div><\/div><\/div><\/div><\/div><\/div><div class=\"g-cols wpb_row us_custom_2f0fb3dd via_flex valign_top type_default stacking_default\" id=\"row-1a\"><div class=\"vc_col-sm-8 wpb_column vc_column_container\"><div class=\"vc_column-inner us_custom_0f0c9235\"><div class=\"wpb_wrapper\"><div class=\"w-text us_custom_2c0945f8\"><span class=\"w-text-h\"><span class=\"w-text-value\">Privacy notice regarding personal data of the residents and representatives<\/span><\/span><\/div><div class=\"wpb_text_column hide_on_default hide_on_laptops hide_on_tablets hide_on_mobiles\"><div class=\"wpb_wrapper\"><p>Residents &amp; Representatives Stejarii Residential Club<\/p>\n<\/div><\/div><\/div><\/div><\/div><div class=\"vc_col-sm-4 wpb_column vc_column_container\"><div class=\"vc_column-inner\"><div class=\"wpb_wrapper\"><div class=\"w-hwrapper align_none valign_top\" style=\"--hwrapper-gap:1.20rem\"><div class=\"w-iconbox iconpos_left style_default color_primary align_center no_text\"><a href=\"https:\/\/stejarii.ro\/wp-content\/uploads\/2025\/09\/Nota-de-informare-rezidenti-reprezentanti_en_Stejarii-Rezidential_25.09.2025.pdf\" class=\"w-iconbox-link\" aria-label=\"Download Privacy Notice\"><div class=\"w-iconbox-icon\" style=\"font-size:2rem;\"><i class=\"fad fa-file-pdf\"><\/i><\/div><\/a><div class=\"w-iconbox-meta\"><a href=\"https:\/\/stejarii.ro\/wp-content\/uploads\/2025\/09\/Nota-de-informare-rezidenti-reprezentanti_en_Stejarii-Rezidential_25.09.2025.pdf\" class=\"w-iconbox-link\" aria-label=\"Download Privacy Notice\"><h4 class=\"w-iconbox-title\" style=\"font-size:1.125rem;\">Download Privacy Notice<\/h4><\/a><\/div><\/div><\/div><\/div><\/div><\/div><\/div><div class=\"wpb_text_column us_custom_097dabc1 has_text_color\"><div class=\"wpb_wrapper\"><p>CONTROL ACCES \u0218I SUPRAVEGHERE VIDEO<\/p>\n<\/div><\/div><div class=\"wpb_text_column us_custom_d8be7828 has_text_color\"><div class=\"wpb_wrapper\"><p>ACCESS CONTROL AND VIDEO SURVEILLANCE<\/p>\n<\/div><\/div><div class=\"g-cols wpb_row us_custom_2f0fb3dd via_flex valign_top type_default stacking_default\" id=\"row-1a\"><div class=\"vc_col-sm-8 wpb_column vc_column_container\"><div class=\"vc_column-inner us_custom_0f0c9235\"><div class=\"wpb_wrapper\"><div class=\"w-text us_custom_2c0945f8\"><span class=\"w-text-h\"><span class=\"w-text-value\">Not\u0103 de informare CCTV \u0219i control acces<\/span><\/span><\/div><div class=\"wpb_text_column hide_on_default hide_on_laptops hide_on_tablets hide_on_mobiles\"><div class=\"wpb_wrapper\"><p>Residents &amp; Representatives Stejarii Residential Club<\/p>\n<\/div><\/div><\/div><\/div><\/div><div class=\"vc_col-sm-4 wpb_column vc_column_container\"><div class=\"vc_column-inner\"><div class=\"wpb_wrapper\"><div class=\"w-hwrapper align_none valign_top\" style=\"--hwrapper-gap:1.20rem\"><div class=\"w-iconbox iconpos_left style_default color_primary align_center no_text\"><a href=\"https:\/\/stejarii.ro\/wp-content\/uploads\/2025\/08\/Nota-de-informare-CCTVcontrol-acces-_Stejarii-Rezidential_RO_12.08.2025.pdf\" class=\"w-iconbox-link\" aria-label=\"Descarc\u0103 Nota de Informare\"><div class=\"w-iconbox-icon\" style=\"font-size:2rem;\"><i class=\"fad fa-file-pdf\"><\/i><\/div><\/a><div class=\"w-iconbox-meta\"><a href=\"https:\/\/stejarii.ro\/wp-content\/uploads\/2025\/08\/Nota-de-informare-CCTVcontrol-acces-_Stejarii-Rezidential_RO_12.08.2025.pdf\" class=\"w-iconbox-link\" aria-label=\"Descarc\u0103 Nota de Informare\"><h4 class=\"w-iconbox-title\" style=\"font-size:1.125rem;\">Descarc\u0103 Nota de Informare<\/h4><\/a><\/div><\/div><\/div><\/div><\/div><\/div><\/div><div class=\"g-cols wpb_row us_custom_2f0fb3dd via_flex valign_top type_default stacking_default\" id=\"row-1a\"><div class=\"vc_col-sm-8 wpb_column vc_column_container\"><div class=\"vc_column-inner us_custom_0f0c9235\"><div class=\"wpb_wrapper\"><div class=\"w-text us_custom_2c0945f8\"><span class=\"w-text-h\"><span class=\"w-text-value\">CCTV and access control privacy notice<\/span><\/span><\/div><div class=\"wpb_text_column hide_on_default hide_on_laptops hide_on_tablets hide_on_mobiles\"><div class=\"wpb_wrapper\"><p>Residents &amp; Representatives Stejarii Residential Club<\/p>\n<\/div><\/div><\/div><\/div><\/div><div class=\"vc_col-sm-4 wpb_column vc_column_container\"><div class=\"vc_column-inner\"><div class=\"wpb_wrapper\"><div class=\"w-hwrapper align_none valign_top\" style=\"--hwrapper-gap:1.20rem\"><div class=\"w-iconbox iconpos_left style_default color_primary align_center no_text\"><a href=\"https:\/\/stejarii.ro\/wp-content\/uploads\/2025\/08\/Nota-de-informare-CCTVcontrol-acces-_Stejarii-Rezidential_EN_12.08.2025.pdf\" class=\"w-iconbox-link\" aria-label=\"Download Privacy Notice\"><div class=\"w-iconbox-icon\" style=\"font-size:2rem;\"><i class=\"fad fa-file-pdf\"><\/i><\/div><\/a><div class=\"w-iconbox-meta\"><a href=\"https:\/\/stejarii.ro\/wp-content\/uploads\/2025\/08\/Nota-de-informare-CCTVcontrol-acces-_Stejarii-Rezidential_EN_12.08.2025.pdf\" class=\"w-iconbox-link\" aria-label=\"Download Privacy Notice\"><h4 class=\"w-iconbox-title\" style=\"font-size:1.125rem;\">Download Privacy Notice<\/h4><\/a><\/div><\/div><\/div><\/div><\/div><\/div><\/div><\/div><\/div><\/div><\/div><\/div><\/section><section class=\"l-section wpb_row borderBottomRowStwo height_small\" id=\"row\"><div class=\"l-section-h i-cf\"><div class=\"g-cols vc_row via_flex valign_top type_default stacking_default\"><div class=\"vc_col-sm-12 vc_col-lg-offset-1 vc_col-lg-10 wpb_column vc_column_container\"><div class=\"vc_column-inner\"><div class=\"wpb_wrapper\"><h2 style=\"text-align: left\" class=\"vc_custom_heading us_custom_46fc92d9\" >Stejarii Collection<\/h2><div class=\"wpb_text_column us_custom_eb8cb727 has_text_color\"><div class=\"wpb_wrapper\"><p>NOT\u0102 DE INFORMARE GENERAL\u0102<\/p>\n<\/div><\/div><div class=\"wpb_text_column us_custom_d8be7828 has_text_color\"><div class=\"wpb_wrapper\"><p>GENERAL PRIVACY NOTICE<\/p>\n<\/div><\/div><div class=\"g-cols wpb_row us_custom_2f0fb3dd via_flex valign_top type_default stacking_default\" id=\"row-1a\"><div class=\"vc_col-sm-8 wpb_column vc_column_container\"><div class=\"vc_column-inner us_custom_0f0c9235\"><div class=\"wpb_wrapper\"><div class=\"w-text us_custom_2c0945f8\"><span class=\"w-text-h\"><span class=\"w-text-value\">Not\u0103 de informare privind datele personale ale reziden\u021bilor \u0219i reprezentan\u021bilor<\/span><\/span><\/div><div class=\"wpb_text_column hide_on_default hide_on_laptops hide_on_tablets hide_on_mobiles\"><div class=\"wpb_wrapper\"><p>Reziden\u021bi &amp; Reprezentan\u021bi Stejarii Collection<\/p>\n<\/div><\/div><\/div><\/div><\/div><div class=\"vc_col-sm-4 wpb_column vc_column_container\"><div class=\"vc_column-inner\"><div class=\"wpb_wrapper\"><div class=\"w-hwrapper align_none valign_top\" style=\"--hwrapper-gap:1.20rem\"><div class=\"w-iconbox iconpos_left style_default color_primary align_center no_text\"><a href=\"https:\/\/stejarii.ro\/wp-content\/uploads\/2025\/09\/Nota-de-informare-rezidenti-reprezentanti_ro_Stejarii-Collection_25.09.2025.pdf\" class=\"w-iconbox-link\" aria-label=\"Descarc\u0103 Nota de Informare\"><div class=\"w-iconbox-icon\" style=\"font-size:2rem;\"><i class=\"fad fa-file-pdf\"><\/i><\/div><\/a><div class=\"w-iconbox-meta\"><a href=\"https:\/\/stejarii.ro\/wp-content\/uploads\/2025\/09\/Nota-de-informare-rezidenti-reprezentanti_ro_Stejarii-Collection_25.09.2025.pdf\" class=\"w-iconbox-link\" aria-label=\"Descarc\u0103 Nota de Informare\"><h4 class=\"w-iconbox-title\" style=\"font-size:1.125rem;\">Descarc\u0103 Nota de Informare<\/h4><\/a><\/div><\/div><\/div><\/div><\/div><\/div><\/div><div class=\"g-cols wpb_row us_custom_2f0fb3dd via_flex valign_top type_default stacking_default\" id=\"row-1a\"><div class=\"vc_col-sm-8 wpb_column vc_column_container\"><div class=\"vc_column-inner us_custom_0f0c9235\"><div class=\"wpb_wrapper\"><div class=\"w-text us_custom_2c0945f8\"><span class=\"w-text-h\"><span class=\"w-text-value\">Privacy notice regarding personal data of the residents and representatives<\/span><\/span><\/div><div class=\"wpb_text_column hide_on_default hide_on_laptops hide_on_tablets hide_on_mobiles\"><div class=\"wpb_wrapper\"><p>Residents &amp; Representatives Stejarii Collection<\/p>\n<\/div><\/div><\/div><\/div><\/div><div class=\"vc_col-sm-4 wpb_column vc_column_container\"><div class=\"vc_column-inner\"><div class=\"wpb_wrapper\"><div class=\"w-hwrapper align_none valign_top\" style=\"--hwrapper-gap:1.20rem\"><div class=\"w-iconbox iconpos_left style_default color_primary align_center no_text\"><a href=\"https:\/\/stejarii.ro\/wp-content\/uploads\/2025\/09\/Nota-de-informare-rezidenti-reprezentanti_en_Stejarii-Collection_25.09.2025.pdf\" class=\"w-iconbox-link\" aria-label=\"Download Privacy Notice\"><div class=\"w-iconbox-icon\" style=\"font-size:2rem;\"><i class=\"fad fa-file-pdf\"><\/i><\/div><\/a><div class=\"w-iconbox-meta\"><a href=\"https:\/\/stejarii.ro\/wp-content\/uploads\/2025\/09\/Nota-de-informare-rezidenti-reprezentanti_en_Stejarii-Collection_25.09.2025.pdf\" class=\"w-iconbox-link\" aria-label=\"Download Privacy Notice\"><h4 class=\"w-iconbox-title\" style=\"font-size:1.125rem;\">Download Privacy Notice<\/h4><\/a><\/div><\/div><\/div><\/div><\/div><\/div><\/div><div class=\"wpb_text_column us_custom_097dabc1 has_text_color\"><div class=\"wpb_wrapper\"><p>CONTROL ACCES \u0218I SUPRAVEGHERE VIDEO<\/p>\n<\/div><\/div><div class=\"wpb_text_column us_custom_d8be7828 has_text_color\"><div class=\"wpb_wrapper\"><p>ACCESS CONTROL AND VIDEO SURVEILLANCE<\/p>\n<\/div><\/div><div class=\"g-cols wpb_row us_custom_2f0fb3dd via_flex valign_top type_default stacking_default\" id=\"row-1a\"><div class=\"vc_col-sm-8 wpb_column vc_column_container\"><div class=\"vc_column-inner us_custom_0f0c9235\"><div class=\"wpb_wrapper\"><div class=\"w-text us_custom_2c0945f8\"><span class=\"w-text-h\"><span class=\"w-text-value\">Not\u0103 de informare CCTV \u0219i control acces<\/span><\/span><\/div><\/div><\/div><\/div><div class=\"vc_col-sm-4 wpb_column vc_column_container\"><div class=\"vc_column-inner\"><div class=\"wpb_wrapper\"><div class=\"w-hwrapper align_none valign_top\" style=\"--hwrapper-gap:1.20rem\"><div class=\"w-iconbox iconpos_left style_default color_primary align_center no_text\"><a href=\"https:\/\/stejarii.ro\/wp-content\/uploads\/2025\/08\/Nota-de-informare-CCTVcontrol-acces-_Stejarii-Collection_RO_12.08.2025.pdf\" class=\"w-iconbox-link\" aria-label=\"Descarc\u0103 Nota de Informare\"><div class=\"w-iconbox-icon\" style=\"font-size:2rem;\"><i class=\"fad fa-file-pdf\"><\/i><\/div><\/a><div class=\"w-iconbox-meta\"><a href=\"https:\/\/stejarii.ro\/wp-content\/uploads\/2025\/08\/Nota-de-informare-CCTVcontrol-acces-_Stejarii-Collection_RO_12.08.2025.pdf\" class=\"w-iconbox-link\" aria-label=\"Descarc\u0103 Nota de Informare\"><h4 class=\"w-iconbox-title\" style=\"font-size:1.125rem;\">Descarc\u0103 Nota de Informare<\/h4><\/a><\/div><\/div><\/div><\/div><\/div><\/div><\/div><div class=\"g-cols wpb_row us_custom_2f0fb3dd via_flex valign_top type_default stacking_default\" id=\"row-1a\"><div class=\"vc_col-sm-8 wpb_column vc_column_container\"><div class=\"vc_column-inner us_custom_0f0c9235\"><div class=\"wpb_wrapper\"><div class=\"w-text us_custom_2c0945f8\"><span class=\"w-text-h\"><span class=\"w-text-value\">CCTV and access control privacy notice<\/span><\/span><\/div><\/div><\/div><\/div><div class=\"vc_col-sm-4 wpb_column vc_column_container\"><div class=\"vc_column-inner\"><div class=\"wpb_wrapper\"><div class=\"w-hwrapper align_none valign_top\" style=\"--hwrapper-gap:1.20rem\"><div class=\"w-iconbox iconpos_left style_default color_primary align_center no_text\"><a href=\"https:\/\/stejarii.ro\/wp-content\/uploads\/2025\/08\/Nota-de-informare-CCTVcontrol-acces-_Stejarii-Collection_EN_12.08.2025.pdf\" class=\"w-iconbox-link\" aria-label=\"Download Privacy Notice\"><div class=\"w-iconbox-icon\" style=\"font-size:2rem;\"><i class=\"fad fa-file-pdf\"><\/i><\/div><\/a><div class=\"w-iconbox-meta\"><a href=\"https:\/\/stejarii.ro\/wp-content\/uploads\/2025\/08\/Nota-de-informare-CCTVcontrol-acces-_Stejarii-Collection_EN_12.08.2025.pdf\" class=\"w-iconbox-link\" aria-label=\"Download Privacy Notice\"><h4 class=\"w-iconbox-title\" style=\"font-size:1.125rem;\">Download Privacy Notice<\/h4><\/a><\/div><\/div><\/div><\/div><\/div><\/div><\/div><\/div><\/div><\/div><\/div><\/div><\/section><section class=\"l-section wpb_row us_custom_19737bc8 height_small\"><div class=\"l-section-h i-cf\"><div class=\"g-cols vc_row via_flex valign_top type_default stacking_default\"><div class=\"vc_col-sm-12 wpb_column vc_column_container\"><div class=\"vc_column-inner\"><div class=\"wpb_wrapper\"><div class=\"vc_empty_space\"   style=\"height: 20px\"><span class=\"vc_empty_space_inner\"><\/span><\/div><div class=\"wpb_text_column us_custom_515cca65 has_text_color\"><div class=\"wpb_wrapper\"><p>Datele de contact ale Responsabilului cu Protec\u021bia Datelor<br \/>\nTelefon: <a href=\"tel:+40214312149\">+40214312149<\/a><br \/>\nE-mail: <a href=\"mailto:dataprotection@tiriacimobiliare.ro\" target=\"_blank\" rel=\"noopener\">dataprotection@tiriacimobiliare.ro<\/a><\/p>\n<\/div><\/div><div class=\"wpb_text_column us_custom_3ebf5aac has_text_color\"><div class=\"wpb_wrapper\"><p>Contact details of the Data Protection Officer<br \/>\nPhone number: <a href=\"tel:+40214312149\">+40214312149<\/a><br \/>\nE-mail: <a href=\"mailto:dataprotection@tiriacimobiliare.ro\" target=\"_blank\" rel=\"noopener\">dataprotection@tiriacimobiliare.ro<\/a><\/p>\n<\/div><\/div><\/div><\/div><\/div><\/div><\/div><\/section>","protected":false},"excerpt":{"rendered":"INFORMA\u0162II PRIVIND PRELUCRAREA DATELOR PERSONALE INFORMATION REGARDING THE PROCESSING OF PERSONAL DATA Stejarii Residential ClubNOT\u0102 DE INFORMARE GENERAL\u0102 GENERAL PRIVACY NOTICE Not\u0103 de informare privind datele personale ale reziden\u021bilor \u0219i reprezentan\u021bilorResidents &amp; Representatives Stejarii Residential Club Descarc\u0103 Nota de InformarePrivacy notice regarding personal data of the residents and representativesResidents &amp; Representatives Stejarii Residential Club Download...","protected":false},"author":2,"featured_media":0,"parent":0,"menu_order":0,"comment_status":"closed","ping_status":"closed","template":"","meta":{"_acf_changed":false,"_lmt_disableupdate":"no","_lmt_disable":"","footnotes":""},"class_list":["post-2232","page","type-page","status-publish","hentry"],"acf":[],"_links":{"self":[{"href":"https:\/\/stejarii.ro\/ro\/wp-json\/wp\/v2\/pages\/2232","targetHints":{"allow":["GET"]}}],"collection":[{"href":"https:\/\/stejarii.ro\/ro\/wp-json\/wp\/v2\/pages"}],"about":[{"href":"https:\/\/stejarii.ro\/ro\/wp-json\/wp\/v2\/types\/page"}],"author":[{"embeddable":true,"href":"https:\/\/stejarii.ro\/ro\/wp-json\/wp\/v2\/users\/2"}],"replies":[{"embeddable":true,"href":"https:\/\/stejarii.ro\/ro\/wp-json\/wp\/v2\/comments?post=2232"}],"version-history":[{"count":51,"href":"https:\/\/stejarii.ro\/ro\/wp-json\/wp\/v2\/pages\/2232\/revisions"}],"predecessor-version":[{"id":3829,"href":"https:\/\/stejarii.ro\/ro\/wp-json\/wp\/v2\/pages\/2232\/revisions\/3829"}],"wp:attachment":[{"href":"https:\/\/stejarii.ro\/ro\/wp-json\/wp\/v2\/media?parent=2232"}],"curies":[{"name":"wp","href":"https:\/\/api.w.org\/{rel}","templated":true}]}}