{"id":2391,"date":"2023-11-21T17:42:04","date_gmt":"2023-11-21T14:42:04","guid":{"rendered":"https:\/\/stejarii.ro\/?page_id=2391"},"modified":"2024-04-18T14:15:57","modified_gmt":"2024-04-18T11:15:57","slug":"form-test","status":"publish","type":"page","link":"https:\/\/stejarii.ro\/ro\/form-test\/","title":{"rendered":"Form test"},"content":{"rendered":"<section class=\"l-section wpb_row height_medium\"><div class=\"l-section-h i-cf\"><div class=\"g-cols vc_row via_flex valign_top type_default stacking_default\"><div class=\"vc_col-sm-12 wpb_column vc_column_container\"><div class=\"vc_column-inner\"><div class=\"wpb_wrapper\"><div class=\"g-cols wpb_row via_flex valign_top type_default stacking_default\"><div class=\"vc_col-sm-12 wpb_column vc_column_container\"><div class=\"vc_column-inner\"><div class=\"wpb_wrapper\"><div class=\"wpb_text_column\"><div class=\"wpb_wrapper\"><div style=\"margin-top: 5rem; margin-bottom: 5rem;\">\n<hr \/>\n<\/div>\n<h2>Withdrawal<\/h2>\n<div role=\"form\" class=\"wpcf7\" id=\"wpcf7-f2692-o1\" lang=\"en-US\" dir=\"ltr\">\n<div class=\"screen-reader-response\"><p role=\"status\" aria-live=\"polite\" aria-atomic=\"true\"><\/p> <ul><\/ul><\/div>\n<form action=\"\/ro\/wp-json\/wp\/v2\/pages\/2391#wpcf7-f2692-o1\" method=\"post\" class=\"wpcf7-form init cf7mls-no-scroll cf7mls-no-moving-animation\" novalidate=\"novalidate\" data-status=\"init\" data-trp-original-action=\"\/ro\/wp-json\/wp\/v2\/pages\/2391#wpcf7-f2692-o1\">\n<div style=\"display: none;\">\n<input type=\"hidden\" name=\"_wpcf7\" value=\"2692\" \/>\n<input type=\"hidden\" name=\"_wpcf7_version\" value=\"5.5.6.1\" \/>\n<input type=\"hidden\" name=\"_wpcf7_locale\" value=\"en_US\" \/>\n<input type=\"hidden\" name=\"_wpcf7_unit_tag\" value=\"wpcf7-f2692-o1\" \/>\n<input type=\"hidden\" name=\"_wpcf7_container_post\" value=\"0\" \/>\n<input type=\"hidden\" name=\"_wpcf7_posted_data_hash\" value=\"\" \/>\n<input type=\"hidden\" name=\"_wpcf7cf_hidden_group_fields\" value=\"[]\" \/>\n<input type=\"hidden\" name=\"_wpcf7cf_hidden_groups\" value=\"[]\" \/>\n<input type=\"hidden\" name=\"_wpcf7cf_visible_groups\" value=\"[]\" \/>\n<input type=\"hidden\" name=\"_wpcf7cf_repeaters\" value=\"[]\" \/>\n<input type=\"hidden\" name=\"_wpcf7cf_steps\" value=\"{}\" \/>\n<input type=\"hidden\" name=\"_wpcf7cf_options\" value=\"{&quot;form_id&quot;:2692,&quot;conditions&quot;:[{&quot;then_field&quot;:&quot;selectS1&quot;,&quot;and_rules&quot;:[{&quot;if_field&quot;:&quot;select-complex&quot;,&quot;operator&quot;:&quot;equals&quot;,&quot;if_value&quot;:&quot;Stejarii Residential Club&quot;}]},{&quot;then_field&quot;:&quot;selectCollection&quot;,&quot;and_rules&quot;:[{&quot;if_field&quot;:&quot;select-complex&quot;,&quot;operator&quot;:&quot;equals&quot;,&quot;if_value&quot;:&quot;Stejarii Collection&quot;}]}],&quot;settings&quot;:{&quot;animation&quot;:&quot;yes&quot;,&quot;animation_intime&quot;:200,&quot;animation_outtime&quot;:200,&quot;conditions_ui&quot;:&quot;normal&quot;,&quot;notice_dismissed&quot;:true,&quot;notice_dismissed_update-cf7-5.7.6&quot;:true,&quot;notice_dismissed_update-cf7-6.0&quot;:true}}\" \/>\n<input type=\"hidden\" name=\"remote_ip\" value=\"216.73.216.120\" \/>\n<\/div>\n<div class=\"forms-en-bday\">\n    <div class=\"coloane-forms-bday-en\">\n        <div class=\"col1\">\n            <label> <span class=\"wpcf7-form-control-wrap inpt-lname\"><input type=\"text\" name=\"inpt-lname\" value=\"\" size=\"40\" class=\"wpcf7-form-control wpcf7-text wpcf7-validates-as-required inpt-lname\" aria-required=\"true\" aria-invalid=\"false\" placeholder=\"Prenume\" \/><\/span> <\/label>\n        <\/div>\n        <div class=\"col2\">\n            <label> <span class=\"wpcf7-form-control-wrap inpt-fname\"><input type=\"text\" name=\"inpt-fname\" value=\"\" size=\"40\" class=\"wpcf7-form-control wpcf7-text wpcf7-validates-as-required inpt-fname\" aria-required=\"true\" aria-invalid=\"false\" placeholder=\"Nume\" \/><\/span> <\/label>\n        <\/div>\n        <div class=\"col3\">\n            <label class=\"emailUnic\"> <span class=\"wpcf7-form-control-wrap inpt-email\"><input type=\"email\" name=\"inpt-email\" value=\"\" size=\"40\" class=\"wpcf7-form-control wpcf7-text wpcf7-email wpcf7-validates-as-required wpcf7-validates-as-email inpt-email\" aria-required=\"true\" aria-invalid=\"false\" placeholder=\"Email\" \/><\/span> <\/label>\n        <\/div>\n    <\/div>\n    <div class=\"coloane-forms-bday-enn\" style=\"margin-bottom: 10px;\">\n        <div class=\"col11\">\n            <label><span class=\"label\">Alege complex<\/span><span class=\"wpcf7-form-control-wrap select-complex\"><select name=\"select-complex\" class=\"wpcf7-form-control wpcf7-select wpcf7-validates-as-required selectComplex\" aria-required=\"true\" aria-invalid=\"false\"><option value=\"\">---<\/option><option value=\"Stejarii Residential Club\">Clubul Rezidential Stejarii<\/option><option value=\"Stejarii Collection\">Stejarii Collection<\/option><\/select><\/span><\/label>\n        <\/div>\n        <div class=\"col22\" style=\"margin-bottom: 0px\">\n            <div class=\"divSelectAp\">\n                <div data-id=\"selectS1\" data-orig_data_id=\"selectS1\"  data-class=\"wpcf7cf_group\">\n                <div class=\"inpt-block\"><label><span class=\"label\">Bloc<\/span>\n                    <span class=\"wpcf7-form-control-wrap select-block-s\"><select name=\"select-block-s\" class=\"wpcf7-form-control wpcf7-select wpcf7-validates-as-required select-block-ap\" id=\"select-block-ap\" aria-required=\"true\" aria-invalid=\"false\"><option value=\"\">---<\/option><option value=\"1\">1<\/option><option value=\"2\">2<\/option><option value=\"3\">3<\/option><option value=\"4\">4<\/option><option value=\"5\">5<\/option><option value=\"6\">6<\/option><option value=\"7\">7<\/option><option value=\"8\">8<\/option><\/select><\/span><\/label>\n                <\/div>\n                <div class=\"inpt-scara\"><label><span class=\"label\">Scara<\/span>\n                    <span class=\"wpcf7-form-control-wrap select-scara-s\"><select name=\"select-scara-s\" class=\"wpcf7-form-control wpcf7-select wpcf7-validates-as-required select-scara-ap\" id=\"select-scara-ap\" aria-required=\"true\" aria-invalid=\"false\"><option value=\"\">---<\/option><option value=\"A\">A<\/option><option value=\"B\">B<\/option><option value=\"C\">C<\/option><\/select><\/span><\/label><\/div>\n                <div class=\"inpt-ap\"><label><span class=\"label\">Apartament<\/span>\n                    <span class=\"wpcf7-form-control-wrap Q12-ap-client-s\"><select name=\"Q12-ap-client-s\" class=\"wpcf7-form-control wpcf7-select wpcf7-validates-as-required select-ap\" id=\"select-ap\" aria-required=\"true\" aria-invalid=\"false\"><option value=\"\">---<\/option><option value=\"1\">1<\/option><option value=\"2\">2<\/option><option value=\"3\">3<\/option><option value=\"4\">4<\/option><option value=\"5\">5<\/option><option value=\"11\">11<\/option><option value=\"12\">12<\/option><option value=\"13\">13<\/option><option value=\"14\">14<\/option><option value=\"15\">15<\/option><option value=\"21\">21<\/option><option value=\"22\">22<\/option><option value=\"23\">23<\/option><option value=\"24\">24<\/option><option value=\"31\">31<\/option><option value=\"32\">32<\/option><option value=\"33\">33<\/option><option value=\"34\">34<\/option><option value=\"41\">41<\/option><\/select><\/span><\/label><\/div>\n                <\/div>\n                <div data-id=\"selectCollection\" data-orig_data_id=\"selectCollection\"  data-class=\"wpcf7cf_group\">\n                <div class=\"inpt-block\"><label><span class=\"label\">Etaj<\/span>\n                    <span class=\"wpcf7-form-control-wrap select-block-ss\"><select name=\"select-block-ss\" class=\"wpcf7-form-control wpcf7-select wpcf7-validates-as-required select-block-ap-sc\" id=\"select-block-ap-sc\" aria-required=\"true\" aria-invalid=\"false\"><option value=\"\">---<\/option><option value=\"P\">P<\/option><option value=\"1\">1<\/option><option value=\"2\">2<\/option><option value=\"3\">3<\/option><option value=\"4\">4<\/option><option value=\"5\">5<\/option><\/select><\/span><\/label><\/div>\n                <div class=\"inpt-scara\"><label><span class=\"label\">Scara<\/span>\n                    <span class=\"wpcf7-form-control-wrap select-scara-ss\"><select name=\"select-scara-ss\" class=\"wpcf7-form-control wpcf7-select wpcf7-validates-as-required select-scara-ap-sc\" id=\"select-scara-ap-sc\" aria-required=\"true\" aria-invalid=\"false\"><option value=\"\">---<\/option><option value=\"A\">A<\/option><option value=\"B\">B<\/option><option value=\"C\">C<\/option><option value=\"D\">D<\/option><option value=\"E\">E<\/option><option value=\"F\">F<\/option><option value=\"G\">G<\/option><option value=\"H\">H<\/option><option value=\"I\">I<\/option><option value=\"J\">J<\/option><\/select><\/span><\/label><\/div>\n                <div class=\"inpt-ap\"><label><span class=\"label\">Apartament<\/span>\n                    <span class=\"wpcf7-form-control-wrap Q12-ap-client-ss\"><select name=\"Q12-ap-client-ss\" class=\"wpcf7-form-control wpcf7-select wpcf7-validates-as-required select-ap-sc\" id=\"select-ap\" aria-required=\"true\" aria-invalid=\"false\"><option value=\"\">---<\/option><option value=\"1\">1<\/option><option value=\"2\">2<\/option><option value=\"3\">3<\/option><option value=\"4\">4<\/option><\/select><\/span><\/label><\/div><\/div>\n            <\/div>\n        <\/div>\n    <\/div>\n<\/div>\n<div class=\"coloane-forms-bday-en\" style=\"text-align:center!important;margin:0 auto!important\">\n    <label><input type=\"submit\" value=\"TRIMITE -&gt;\" class=\"wpcf7-form-control has-spinner wpcf7-submit\" \/><\/label>\n<\/div>\n<p style=\"color:#c2b28a;margin-top:1rem\">Modificarea va fi operat\u0103 \u00een cel mult 5 zile lucr\u0103toare de la data solicit\u0103rii.<\/p><div class=\"wpcf7-response-output\" aria-hidden=\"true\"><\/div><input type=\"hidden\" name=\"trp-form-language\" value=\"ro\"\/><\/form><\/div>\n<\/div><\/div><\/div><\/div><\/div><\/div><\/div><\/div><\/div><\/div><\/div><\/section>","protected":false},"excerpt":{"rendered":"Withdrawal Select Complex---Stejarii Residential ClubStejarii Collection Block ---12345678 Staircase ---ABC Apartment ---123451112131415212223243132333441 Floor ---P12345 Staircase ---ABCDEFGHIJ Apartment ---1234 The change will be operated within 5 working days from the date of your request.","protected":false},"author":11,"featured_media":0,"parent":0,"menu_order":0,"comment_status":"closed","ping_status":"closed","template":"page-consent-withdrawal.php","meta":{"_acf_changed":false,"_lmt_disableupdate":"no","_lmt_disable":"","footnotes":""},"class_list":["post-2391","page","type-page","status-publish","hentry"],"acf":[],"_links":{"self":[{"href":"https:\/\/stejarii.ro\/ro\/wp-json\/wp\/v2\/pages\/2391","targetHints":{"allow":["GET"]}}],"collection":[{"href":"https:\/\/stejarii.ro\/ro\/wp-json\/wp\/v2\/pages"}],"about":[{"href":"https:\/\/stejarii.ro\/ro\/wp-json\/wp\/v2\/types\/page"}],"author":[{"embeddable":true,"href":"https:\/\/stejarii.ro\/ro\/wp-json\/wp\/v2\/users\/11"}],"replies":[{"embeddable":true,"href":"https:\/\/stejarii.ro\/ro\/wp-json\/wp\/v2\/comments?post=2391"}],"version-history":[{"count":13,"href":"https:\/\/stejarii.ro\/ro\/wp-json\/wp\/v2\/pages\/2391\/revisions"}],"predecessor-version":[{"id":2733,"href":"https:\/\/stejarii.ro\/ro\/wp-json\/wp\/v2\/pages\/2391\/revisions\/2733"}],"wp:attachment":[{"href":"https:\/\/stejarii.ro\/ro\/wp-json\/wp\/v2\/media?parent=2391"}],"curies":[{"name":"wp","href":"https:\/\/api.w.org\/{rel}","templated":true}]}}