{"id":2937,"date":"2024-09-27T15:36:26","date_gmt":"2024-09-27T12:36:26","guid":{"rendered":"https:\/\/stejarii.ro\/?page_id=2937"},"modified":"2025-06-13T14:55:37","modified_gmt":"2025-06-13T11:55:37","slug":"stejariiprivilegeuniverse","status":"publish","type":"page","link":"https:\/\/stejarii.ro\/ro\/stejariiprivilegeuniverse\/","title":{"rendered":"Stejarii Privilege Universe RS &#8211; Registration Closed"},"content":{"rendered":"<section class=\"l-section wpb_row height_small\"><div class=\"l-section-h i-cf\"><div class=\"g-cols vc_row via_flex valign_top type_default stacking_default\"><div class=\"vc_col-sm-12 wpb_column vc_column_container\"><div class=\"vc_column-inner\"><div class=\"wpb_wrapper\"><div class=\"wpb_text_column us_custom_0595e09a\"><div class=\"wpb_wrapper\"><p style=\"text-align: center;\">Va mul\u021bumim pentru interes, \u00eenregistr\u0103rile s-au \u00eencheiat.<\/p>\n<\/div><\/div><\/div><\/div><\/div><\/div><\/div><\/section>","protected":false},"excerpt":{"rendered":"Va mul\u021bumim pentru interes, \u00eenregistr\u0103rile s-au \u00eencheiat.","protected":false},"author":2,"featured_media":0,"parent":0,"menu_order":0,"comment_status":"closed","ping_status":"closed","template":"","meta":{"_acf_changed":false,"_lmt_disableupdate":"no","_lmt_disable":"","footnotes":""},"class_list":["post-2937","page","type-page","status-publish","hentry"],"acf":[],"_links":{"self":[{"href":"https:\/\/stejarii.ro\/ro\/wp-json\/wp\/v2\/pages\/2937","targetHints":{"allow":["GET"]}}],"collection":[{"href":"https:\/\/stejarii.ro\/ro\/wp-json\/wp\/v2\/pages"}],"about":[{"href":"https:\/\/stejarii.ro\/ro\/wp-json\/wp\/v2\/types\/page"}],"author":[{"embeddable":true,"href":"https:\/\/stejarii.ro\/ro\/wp-json\/wp\/v2\/users\/2"}],"replies":[{"embeddable":true,"href":"https:\/\/stejarii.ro\/ro\/wp-json\/wp\/v2\/comments?post=2937"}],"version-history":[{"count":3,"href":"https:\/\/stejarii.ro\/ro\/wp-json\/wp\/v2\/pages\/2937\/revisions"}],"predecessor-version":[{"id":3688,"href":"https:\/\/stejarii.ro\/ro\/wp-json\/wp\/v2\/pages\/2937\/revisions\/3688"}],"wp:attachment":[{"href":"https:\/\/stejarii.ro\/ro\/wp-json\/wp\/v2\/media?parent=2937"}],"curies":[{"name":"wp","href":"https:\/\/api.w.org\/{rel}","templated":true}]}}