{"id":3167,"date":"2024-11-27T15:24:34","date_gmt":"2024-11-27T13:24:34","guid":{"rendered":"https:\/\/stejarii.ro\/?page_id=3167"},"modified":"2024-12-25T18:55:21","modified_gmt":"2024-12-25T16:55:21","slug":"rangerover","status":"publish","type":"page","link":"https:\/\/stejarii.ro\/ro\/rangerover\/","title":{"rendered":"Range Rover"},"content":{"rendered":"<section class=\"l-section wpb_row us_custom_f10ca1de height_small\" id=\"headeR\"><div class=\"l-section-h i-cf\"><div class=\"g-cols vc_row via_flex valign_top type_default stacking_default\"><div class=\"vc_col-sm-12 wpb_column vc_column_container\"><div class=\"vc_column-inner\"><div class=\"wpb_wrapper\"><h1 style=\"text-align: center\" class=\"vc_custom_heading us_custom_e6aeaa88 translation-block\" ><b>Oportunitate exclusiv\u0103:<\/b><br>\nRange Rover Sport SV Edition One<br>\nSesiuni de test drive dedicate Stejarii<\/h1><div class=\"g-cols wpb_row us_custom_0f8f44b7 via_flex valign_top type_default stacking_default\"><div class=\"vc_col-sm-12 vc_col-lg-8 vc_col-md-offset-2 vc_col-md-8 wpb_column vc_column_container\"><div class=\"vc_column-inner us_custom_b62fc58e\"><div class=\"wpb_wrapper\"><div class=\"wpb_text_column us_custom_eb849559 noBR\"><div class=\"wpb_wrapper\"><p class=\" translation-block\">\u00cen calitate de rezident al Stejarii ave\u021bi oportunitatea de a descoperi \u0219i testa singurul model<br> <b>Range Rover SV Edition One<\/b> disponibil pentru test drive, \u00een Rom\u00e2nia.<\/p>\n<\/div><\/div><\/div><\/div><\/div><\/div><div class=\"w-image us_custom_a553f3dd align_center\"><div class=\"w-image-h\"><img loading=\"lazy\" decoding=\"async\" width=\"800\" height=\"534\" src=\"https:\/\/stejarii.ro\/wp-content\/uploads\/2024\/11\/Range-Rover-Stejarii-26-Nov-2024-54-2.jpg\" class=\"attachment-full size-full\" alt=\"\" srcset=\"https:\/\/stejarii.ro\/wp-content\/uploads\/2024\/11\/Range-Rover-Stejarii-26-Nov-2024-54-2.jpg 800w, https:\/\/stejarii.ro\/wp-content\/uploads\/2024\/11\/Range-Rover-Stejarii-26-Nov-2024-54-2-300x200.jpg 300w, https:\/\/stejarii.ro\/wp-content\/uploads\/2024\/11\/Range-Rover-Stejarii-26-Nov-2024-54-2-18x12.jpg 18w, https:\/\/stejarii.ro\/wp-content\/uploads\/2024\/11\/Range-Rover-Stejarii-26-Nov-2024-54-2-600x400.jpg 600w, https:\/\/stejarii.ro\/wp-content\/uploads\/2024\/11\/Range-Rover-Stejarii-26-Nov-2024-54-2-250x167.jpg 250w, https:\/\/stejarii.ro\/wp-content\/uploads\/2024\/11\/Range-Rover-Stejarii-26-Nov-2024-54-2-200x134.jpg 200w, https:\/\/stejarii.ro\/wp-content\/uploads\/2024\/11\/Range-Rover-Stejarii-26-Nov-2024-54-2-375x250.jpg 375w, https:\/\/stejarii.ro\/wp-content\/uploads\/2024\/11\/Range-Rover-Stejarii-26-Nov-2024-54-2-120x80.jpg 120w\" sizes=\"auto, (max-width: 800px) 100vw, 800px\" \/><\/div><\/div><div class=\"g-cols wpb_row us_custom_0f8f44b7 via_flex valign_top type_default stacking_default\"><div class=\"vc_col-sm-12 vc_col-lg-8 vc_col-md-offset-2 vc_col-md-8 wpb_column vc_column_container\"><div class=\"vc_column-inner\"><div class=\"wpb_wrapper\"><div class=\"wpb_text_column us_custom_19db04e1\"><div class=\"wpb_wrapper\"><p>Fiind considerat un adev\u0103rat simbol al filosofiei Range Rover, aceast\u0103 edi\u021bie special\u0103 \u00eembin\u0103 inova\u021bia \u0219i rafinamentul, beneficiind de dot\u0103ri, culori \u0219i finisaje unice.<\/p>\n<\/div><\/div><div class=\"wpb_text_column us_custom_1f257949\"><div class=\"wpb_wrapper\"><ul type=\"circle\">\n<li><span data-olk-copy-source=\"MessageBody\">4.4 L V8<u><\/u><u><\/u><\/span><\/li>\n<li>635 CP<u><\/u><u><\/u><\/li>\n<li>3,8\u2019\u2019\u00a0 \u00a00 \u2013 100 km\/h<\/li>\n<\/ul>\n<\/div><\/div><\/div><\/div><\/div><\/div><div class=\"g-cols wpb_row us_custom_d5ba11bb via_flex valign_top type_default stacking_default\"><div class=\"vc_col-sm-6 vc_col-lg-2 vc_col-md-offset-2 vc_col-md-2 vc_col-xs-6 wpb_column vc_column_container\"><div class=\"vc_column-inner\"><div class=\"wpb_wrapper\"><div class=\"w-iconbox us_custom_f266c922 has_text_color iconpos_top style_default color_primary align_center no_text\"><div class=\"w-iconbox-icon\" style=\"font-size:2rem;\"><i class=\"fas fa-calendar\"><\/i><\/div><div class=\"w-iconbox-meta\"><p class=\"w-iconbox-title\">10 \u2013 31 Ianuarie<\/p><\/div><\/div><\/div><\/div><\/div><div class=\"vc_col-sm-6 vc_col-lg-2 vc_col-md-2 vc_col-xs-6 wpb_column vc_column_container\"><div class=\"vc_column-inner\"><div class=\"wpb_wrapper\"><div class=\"w-iconbox us_custom_f266c922 has_text_color iconpos_top style_default color_primary align_center no_text\"><div class=\"w-iconbox-icon\" style=\"font-size:2rem;\"><i class=\"fas fa-clock\"><\/i><\/div><div class=\"w-iconbox-meta\"><p class=\"w-iconbox-title\">Ore de preluare<br \/>\nde luni pana duminica<br \/>\n10:00 - 16:00<\/p><\/div><\/div><\/div><\/div><\/div><div class=\"vc_col-sm-6 vc_col-lg-2 vc_col-md-2 vc_col-xs-6 wpb_column vc_column_container\"><div class=\"vc_column-inner\"><div class=\"wpb_wrapper\"><div class=\"w-iconbox us_custom_f266c922 has_text_color iconpos_top style_default color_primary align_center no_text\"><div class=\"w-iconbox-icon\" style=\"font-size:2rem;\"><i class=\"fas fa-map-marker-alt\"><\/i><\/div><div class=\"w-iconbox-meta\"><p class=\"w-iconbox-title translation-block\">Social Club\nStejarii Collection<\/p><\/div><\/div><\/div><\/div><\/div><div class=\"vc_col-sm-6 vc_col-lg-2 vc_col-md-2 vc_col-xs-6 wpb_column vc_column_container\"><div class=\"vc_column-inner\"><div class=\"wpb_wrapper\"><div class=\"w-iconbox us_custom_f266c922 has_text_color iconpos_top style_default color_primary align_center no_text\"><div class=\"w-iconbox-icon\" style=\"font-size:2rem;\"><i class=\"fas fa-hourglass-half\"><\/i><\/div><div class=\"w-iconbox-meta\"><p class=\"w-iconbox-title\">Durata: 3 ore<\/p><\/div><\/div><\/div><\/div><\/div><\/div><div class=\"g-cols wpb_row us_custom_0f8f44b7 via_flex valign_top type_default stacking_default\"><div class=\"vc_col-sm-12 vc_col-lg-8 vc_col-md-offset-2 vc_col-md-8 wpb_column vc_column_container\"><div class=\"vc_column-inner\"><div class=\"wpb_wrapper\"><div class=\"wpb_text_column us_custom_aa1aee10\"><div class=\"wpb_wrapper\"><p><strong>Pentru a rezerva un test drive, v\u0103 rug\u0103m s\u0103 v\u0103 adresati biroului Concierge.<\/strong><\/p>\n<p><strong>Rezerv\u0103rile se fac \u00een ordinea \u00eenscrierilor, realizate cu minimum 3 zile \u00eenainte de data la care se dore\u0219te test drive-ul.<\/strong><\/p>\n<\/div><\/div><\/div><\/div><\/div><\/div><\/div><\/div><\/div><\/div><\/div><\/section><section class=\"l-section wpb_row us_custom_4d895560 height_small\"><div class=\"l-section-h i-cf\"><div class=\"g-cols vc_row via_flex valign_top type_default stacking_default\"><div class=\"vc_col-sm-12 vc_col-lg-10 vc_col-md-offset-1 vc_col-md-10 wpb_column vc_column_container\"><div class=\"vc_column-inner\"><div class=\"wpb_wrapper\"><div class=\"g-cols wpb_row via_flex valign_top type_default stacking_default\"><div class=\"vc_col-sm-12 wpb_column vc_column_container\"><div class=\"vc_column-inner\"><div class=\"wpb_wrapper\"><div class=\"w-grid type_carousel layout_3182 cols_3\" id=\"us_grid_1\"><style>#us_grid_1 .w-grid-item{padding:0.6rem}#us_grid_1 .w-grid-list{margin:-0.6rem}.w-grid + #us_grid_1 .w-grid-list,.w-grid-none + #us_grid_1 .w-grid-list{margin-top:0.6rem}.layout_3182 .w-grid-item-h{}.layout_3182 .usg_post_image_1{border-radius:6px!important}<\/style><div class=\"w-grid-list owl-carousel navstyle_9 navpos_outside first_at_center\" style=\"--arrows-size:1.20rem;\">\t<article class=\"w-grid-item post-3209 attachment type-attachment status-inherit hentry\" data-id=\"3209\">\r\n\t\t<div class=\"w-grid-item-h\">\r\n\t\t\t\t\t\t\t<a class=\"w-grid-item-anchor\" href=\"https:\/\/stejarii.ro\/wp-content\/uploads\/2024\/11\/Range-Rover-Stejarii-26-Nov-2024-100.jpg\" ref=\"magnificPopupGrid\" title=\"Range Rover Stejarii 26 Nov 2024 100\"><\/a>\r\n\t\t\t\t\t\t<div class=\"w-post-elm post_image usg_post_image_1 stretched\"><img loading=\"lazy\" decoding=\"async\" width=\"800\" height=\"533\" src=\"https:\/\/stejarii.ro\/wp-content\/uploads\/2024\/11\/Range-Rover-Stejarii-26-Nov-2024-100.jpg\" class=\"attachment-full size-full\" alt=\"\" srcset=\"https:\/\/stejarii.ro\/wp-content\/uploads\/2024\/11\/Range-Rover-Stejarii-26-Nov-2024-100.jpg 800w, https:\/\/stejarii.ro\/wp-content\/uploads\/2024\/11\/Range-Rover-Stejarii-26-Nov-2024-100-300x200.jpg 300w, https:\/\/stejarii.ro\/wp-content\/uploads\/2024\/11\/Range-Rover-Stejarii-26-Nov-2024-100-18x12.jpg 18w, https:\/\/stejarii.ro\/wp-content\/uploads\/2024\/11\/Range-Rover-Stejarii-26-Nov-2024-100-600x400.jpg 600w, https:\/\/stejarii.ro\/wp-content\/uploads\/2024\/11\/Range-Rover-Stejarii-26-Nov-2024-100-250x167.jpg 250w, https:\/\/stejarii.ro\/wp-content\/uploads\/2024\/11\/Range-Rover-Stejarii-26-Nov-2024-100-200x133.jpg 200w, https:\/\/stejarii.ro\/wp-content\/uploads\/2024\/11\/Range-Rover-Stejarii-26-Nov-2024-100-375x250.jpg 375w, https:\/\/stejarii.ro\/wp-content\/uploads\/2024\/11\/Range-Rover-Stejarii-26-Nov-2024-100-120x80.jpg 120w\" sizes=\"auto, (max-width: 800px) 100vw, 800px\" \/><\/div>\t\t<\/div>\r\n\t<\/article>\r\n\t<article class=\"w-grid-item post-3216 attachment type-attachment status-inherit hentry\" data-id=\"3216\">\r\n\t\t<div class=\"w-grid-item-h\">\r\n\t\t\t\t\t\t\t<a class=\"w-grid-item-anchor\" href=\"https:\/\/stejarii.ro\/wp-content\/uploads\/2024\/11\/Range-Rover-Stejarii-26-Nov-2024-54-2.jpg\" ref=\"magnificPopupGrid\" title=\"Range Rover Stejarii 26 Nov 2024 54-2\"><\/a>\r\n\t\t\t\t\t\t<div class=\"w-post-elm post_image usg_post_image_1 stretched\"><img loading=\"lazy\" decoding=\"async\" width=\"800\" height=\"534\" src=\"https:\/\/stejarii.ro\/wp-content\/uploads\/2024\/11\/Range-Rover-Stejarii-26-Nov-2024-54-2.jpg\" class=\"attachment-full size-full\" alt=\"\" srcset=\"https:\/\/stejarii.ro\/wp-content\/uploads\/2024\/11\/Range-Rover-Stejarii-26-Nov-2024-54-2.jpg 800w, https:\/\/stejarii.ro\/wp-content\/uploads\/2024\/11\/Range-Rover-Stejarii-26-Nov-2024-54-2-300x200.jpg 300w, https:\/\/stejarii.ro\/wp-content\/uploads\/2024\/11\/Range-Rover-Stejarii-26-Nov-2024-54-2-18x12.jpg 18w, https:\/\/stejarii.ro\/wp-content\/uploads\/2024\/11\/Range-Rover-Stejarii-26-Nov-2024-54-2-600x400.jpg 600w, https:\/\/stejarii.ro\/wp-content\/uploads\/2024\/11\/Range-Rover-Stejarii-26-Nov-2024-54-2-250x167.jpg 250w, https:\/\/stejarii.ro\/wp-content\/uploads\/2024\/11\/Range-Rover-Stejarii-26-Nov-2024-54-2-200x134.jpg 200w, https:\/\/stejarii.ro\/wp-content\/uploads\/2024\/11\/Range-Rover-Stejarii-26-Nov-2024-54-2-375x250.jpg 375w, https:\/\/stejarii.ro\/wp-content\/uploads\/2024\/11\/Range-Rover-Stejarii-26-Nov-2024-54-2-120x80.jpg 120w\" sizes=\"auto, (max-width: 800px) 100vw, 800px\" \/><\/div>\t\t<\/div>\r\n\t<\/article>\r\n\t<article class=\"w-grid-item post-3204 attachment type-attachment status-inherit hentry\" data-id=\"3204\">\r\n\t\t<div class=\"w-grid-item-h\">\r\n\t\t\t\t\t\t\t<a class=\"w-grid-item-anchor\" href=\"https:\/\/stejarii.ro\/wp-content\/uploads\/2024\/11\/Range-Rover-Stejarii-26-Nov-2024-48.jpg\" ref=\"magnificPopupGrid\" title=\"Range Rover Stejarii 26 Nov 2024 48\"><\/a>\r\n\t\t\t\t\t\t<div class=\"w-post-elm post_image usg_post_image_1 stretched\"><img loading=\"lazy\" decoding=\"async\" width=\"800\" height=\"533\" src=\"https:\/\/stejarii.ro\/wp-content\/uploads\/2024\/11\/Range-Rover-Stejarii-26-Nov-2024-48.jpg\" class=\"attachment-full size-full\" alt=\"\" srcset=\"https:\/\/stejarii.ro\/wp-content\/uploads\/2024\/11\/Range-Rover-Stejarii-26-Nov-2024-48.jpg 800w, https:\/\/stejarii.ro\/wp-content\/uploads\/2024\/11\/Range-Rover-Stejarii-26-Nov-2024-48-300x200.jpg 300w, https:\/\/stejarii.ro\/wp-content\/uploads\/2024\/11\/Range-Rover-Stejarii-26-Nov-2024-48-18x12.jpg 18w, https:\/\/stejarii.ro\/wp-content\/uploads\/2024\/11\/Range-Rover-Stejarii-26-Nov-2024-48-600x400.jpg 600w, https:\/\/stejarii.ro\/wp-content\/uploads\/2024\/11\/Range-Rover-Stejarii-26-Nov-2024-48-250x167.jpg 250w, https:\/\/stejarii.ro\/wp-content\/uploads\/2024\/11\/Range-Rover-Stejarii-26-Nov-2024-48-200x133.jpg 200w, https:\/\/stejarii.ro\/wp-content\/uploads\/2024\/11\/Range-Rover-Stejarii-26-Nov-2024-48-375x250.jpg 375w, https:\/\/stejarii.ro\/wp-content\/uploads\/2024\/11\/Range-Rover-Stejarii-26-Nov-2024-48-120x80.jpg 120w\" sizes=\"auto, (max-width: 800px) 100vw, 800px\" \/><\/div>\t\t<\/div>\r\n\t<\/article>\r\n\t<article class=\"w-grid-item post-3203 attachment type-attachment status-inherit hentry\" data-id=\"3203\">\r\n\t\t<div class=\"w-grid-item-h\">\r\n\t\t\t\t\t\t\t<a class=\"w-grid-item-anchor\" href=\"https:\/\/stejarii.ro\/wp-content\/uploads\/2024\/11\/Range-Rover-Stejarii-26-Nov-2024-31.jpg\" ref=\"magnificPopupGrid\" title=\"Range Rover Stejarii 26 Nov 2024 31\"><\/a>\r\n\t\t\t\t\t\t<div class=\"w-post-elm post_image usg_post_image_1 stretched\"><img loading=\"lazy\" decoding=\"async\" width=\"800\" height=\"533\" src=\"https:\/\/stejarii.ro\/wp-content\/uploads\/2024\/11\/Range-Rover-Stejarii-26-Nov-2024-31.jpg\" class=\"attachment-full size-full\" alt=\"\" srcset=\"https:\/\/stejarii.ro\/wp-content\/uploads\/2024\/11\/Range-Rover-Stejarii-26-Nov-2024-31.jpg 800w, https:\/\/stejarii.ro\/wp-content\/uploads\/2024\/11\/Range-Rover-Stejarii-26-Nov-2024-31-300x200.jpg 300w, https:\/\/stejarii.ro\/wp-content\/uploads\/2024\/11\/Range-Rover-Stejarii-26-Nov-2024-31-18x12.jpg 18w, https:\/\/stejarii.ro\/wp-content\/uploads\/2024\/11\/Range-Rover-Stejarii-26-Nov-2024-31-600x400.jpg 600w, https:\/\/stejarii.ro\/wp-content\/uploads\/2024\/11\/Range-Rover-Stejarii-26-Nov-2024-31-250x167.jpg 250w, https:\/\/stejarii.ro\/wp-content\/uploads\/2024\/11\/Range-Rover-Stejarii-26-Nov-2024-31-200x133.jpg 200w, https:\/\/stejarii.ro\/wp-content\/uploads\/2024\/11\/Range-Rover-Stejarii-26-Nov-2024-31-375x250.jpg 375w, https:\/\/stejarii.ro\/wp-content\/uploads\/2024\/11\/Range-Rover-Stejarii-26-Nov-2024-31-120x80.jpg 120w\" sizes=\"auto, (max-width: 800px) 100vw, 800px\" \/><\/div>\t\t<\/div>\r\n\t<\/article>\r\n\t<article class=\"w-grid-item post-3206 attachment type-attachment status-inherit hentry\" data-id=\"3206\">\r\n\t\t<div class=\"w-grid-item-h\">\r\n\t\t\t\t\t\t\t<a class=\"w-grid-item-anchor\" href=\"https:\/\/stejarii.ro\/wp-content\/uploads\/2024\/11\/Range-Rover-Stejarii-26-Nov-2024-67.jpg\" ref=\"magnificPopupGrid\" title=\"Range Rover Stejarii 26 Nov 2024 67\"><\/a>\r\n\t\t\t\t\t\t<div class=\"w-post-elm post_image usg_post_image_1 stretched\"><img loading=\"lazy\" decoding=\"async\" width=\"800\" height=\"533\" src=\"https:\/\/stejarii.ro\/wp-content\/uploads\/2024\/11\/Range-Rover-Stejarii-26-Nov-2024-67.jpg\" class=\"attachment-full size-full\" alt=\"\" srcset=\"https:\/\/stejarii.ro\/wp-content\/uploads\/2024\/11\/Range-Rover-Stejarii-26-Nov-2024-67.jpg 800w, https:\/\/stejarii.ro\/wp-content\/uploads\/2024\/11\/Range-Rover-Stejarii-26-Nov-2024-67-300x200.jpg 300w, https:\/\/stejarii.ro\/wp-content\/uploads\/2024\/11\/Range-Rover-Stejarii-26-Nov-2024-67-18x12.jpg 18w, https:\/\/stejarii.ro\/wp-content\/uploads\/2024\/11\/Range-Rover-Stejarii-26-Nov-2024-67-600x400.jpg 600w, https:\/\/stejarii.ro\/wp-content\/uploads\/2024\/11\/Range-Rover-Stejarii-26-Nov-2024-67-250x167.jpg 250w, https:\/\/stejarii.ro\/wp-content\/uploads\/2024\/11\/Range-Rover-Stejarii-26-Nov-2024-67-200x133.jpg 200w, https:\/\/stejarii.ro\/wp-content\/uploads\/2024\/11\/Range-Rover-Stejarii-26-Nov-2024-67-375x250.jpg 375w, https:\/\/stejarii.ro\/wp-content\/uploads\/2024\/11\/Range-Rover-Stejarii-26-Nov-2024-67-120x80.jpg 120w\" sizes=\"auto, (max-width: 800px) 100vw, 800px\" \/><\/div>\t\t<\/div>\r\n\t<\/article>\r\n\t<article class=\"w-grid-item post-3205 attachment type-attachment status-inherit hentry\" data-id=\"3205\">\r\n\t\t<div class=\"w-grid-item-h\">\r\n\t\t\t\t\t\t\t<a class=\"w-grid-item-anchor\" href=\"https:\/\/stejarii.ro\/wp-content\/uploads\/2024\/11\/Range-Rover-Stejarii-26-Nov-2024-63.jpg\" ref=\"magnificPopupGrid\" title=\"Range Rover Stejarii 26 Nov 2024 63\"><\/a>\r\n\t\t\t\t\t\t<div class=\"w-post-elm post_image usg_post_image_1 stretched\"><img loading=\"lazy\" decoding=\"async\" width=\"800\" height=\"533\" src=\"https:\/\/stejarii.ro\/wp-content\/uploads\/2024\/11\/Range-Rover-Stejarii-26-Nov-2024-63.jpg\" class=\"attachment-full size-full\" alt=\"\" srcset=\"https:\/\/stejarii.ro\/wp-content\/uploads\/2024\/11\/Range-Rover-Stejarii-26-Nov-2024-63.jpg 800w, https:\/\/stejarii.ro\/wp-content\/uploads\/2024\/11\/Range-Rover-Stejarii-26-Nov-2024-63-300x200.jpg 300w, https:\/\/stejarii.ro\/wp-content\/uploads\/2024\/11\/Range-Rover-Stejarii-26-Nov-2024-63-18x12.jpg 18w, https:\/\/stejarii.ro\/wp-content\/uploads\/2024\/11\/Range-Rover-Stejarii-26-Nov-2024-63-600x400.jpg 600w, https:\/\/stejarii.ro\/wp-content\/uploads\/2024\/11\/Range-Rover-Stejarii-26-Nov-2024-63-250x167.jpg 250w, https:\/\/stejarii.ro\/wp-content\/uploads\/2024\/11\/Range-Rover-Stejarii-26-Nov-2024-63-200x133.jpg 200w, https:\/\/stejarii.ro\/wp-content\/uploads\/2024\/11\/Range-Rover-Stejarii-26-Nov-2024-63-375x250.jpg 375w, https:\/\/stejarii.ro\/wp-content\/uploads\/2024\/11\/Range-Rover-Stejarii-26-Nov-2024-63-120x80.jpg 120w\" sizes=\"auto, (max-width: 800px) 100vw, 800px\" \/><\/div>\t\t<\/div>\r\n\t<\/article>\r\n\t<article class=\"w-grid-item post-3207 attachment type-attachment status-inherit hentry\" data-id=\"3207\">\r\n\t\t<div class=\"w-grid-item-h\">\r\n\t\t\t\t\t\t\t<a class=\"w-grid-item-anchor\" href=\"https:\/\/stejarii.ro\/wp-content\/uploads\/2024\/11\/Range-Rover-Stejarii-26-Nov-2024-85.jpg\" ref=\"magnificPopupGrid\" title=\"Range Rover Stejarii 26 Nov 2024 85\"><\/a>\r\n\t\t\t\t\t\t<div class=\"w-post-elm post_image usg_post_image_1 stretched\"><img loading=\"lazy\" decoding=\"async\" width=\"800\" height=\"533\" src=\"https:\/\/stejarii.ro\/wp-content\/uploads\/2024\/11\/Range-Rover-Stejarii-26-Nov-2024-85.jpg\" class=\"attachment-full size-full\" alt=\"\" srcset=\"https:\/\/stejarii.ro\/wp-content\/uploads\/2024\/11\/Range-Rover-Stejarii-26-Nov-2024-85.jpg 800w, https:\/\/stejarii.ro\/wp-content\/uploads\/2024\/11\/Range-Rover-Stejarii-26-Nov-2024-85-300x200.jpg 300w, https:\/\/stejarii.ro\/wp-content\/uploads\/2024\/11\/Range-Rover-Stejarii-26-Nov-2024-85-18x12.jpg 18w, https:\/\/stejarii.ro\/wp-content\/uploads\/2024\/11\/Range-Rover-Stejarii-26-Nov-2024-85-600x400.jpg 600w, https:\/\/stejarii.ro\/wp-content\/uploads\/2024\/11\/Range-Rover-Stejarii-26-Nov-2024-85-250x167.jpg 250w, https:\/\/stejarii.ro\/wp-content\/uploads\/2024\/11\/Range-Rover-Stejarii-26-Nov-2024-85-200x133.jpg 200w, https:\/\/stejarii.ro\/wp-content\/uploads\/2024\/11\/Range-Rover-Stejarii-26-Nov-2024-85-375x250.jpg 375w, https:\/\/stejarii.ro\/wp-content\/uploads\/2024\/11\/Range-Rover-Stejarii-26-Nov-2024-85-120x80.jpg 120w\" sizes=\"auto, (max-width: 800px) 100vw, 800px\" \/><\/div>\t\t<\/div>\r\n\t<\/article>\r\n\t<article class=\"w-grid-item post-3208 attachment type-attachment status-inherit hentry\" data-id=\"3208\">\r\n\t\t<div class=\"w-grid-item-h\">\r\n\t\t\t\t\t\t\t<a class=\"w-grid-item-anchor\" href=\"https:\/\/stejarii.ro\/wp-content\/uploads\/2024\/11\/Range-Rover-Stejarii-26-Nov-2024-92.jpg\" ref=\"magnificPopupGrid\" title=\"Range Rover Stejarii 26 Nov 2024 92\"><\/a>\r\n\t\t\t\t\t\t<div class=\"w-post-elm post_image usg_post_image_1 stretched\"><img loading=\"lazy\" decoding=\"async\" width=\"800\" height=\"533\" src=\"https:\/\/stejarii.ro\/wp-content\/uploads\/2024\/11\/Range-Rover-Stejarii-26-Nov-2024-92.jpg\" class=\"attachment-full size-full\" alt=\"\" srcset=\"https:\/\/stejarii.ro\/wp-content\/uploads\/2024\/11\/Range-Rover-Stejarii-26-Nov-2024-92.jpg 800w, https:\/\/stejarii.ro\/wp-content\/uploads\/2024\/11\/Range-Rover-Stejarii-26-Nov-2024-92-300x200.jpg 300w, https:\/\/stejarii.ro\/wp-content\/uploads\/2024\/11\/Range-Rover-Stejarii-26-Nov-2024-92-18x12.jpg 18w, https:\/\/stejarii.ro\/wp-content\/uploads\/2024\/11\/Range-Rover-Stejarii-26-Nov-2024-92-600x400.jpg 600w, https:\/\/stejarii.ro\/wp-content\/uploads\/2024\/11\/Range-Rover-Stejarii-26-Nov-2024-92-250x167.jpg 250w, https:\/\/stejarii.ro\/wp-content\/uploads\/2024\/11\/Range-Rover-Stejarii-26-Nov-2024-92-200x133.jpg 200w, https:\/\/stejarii.ro\/wp-content\/uploads\/2024\/11\/Range-Rover-Stejarii-26-Nov-2024-92-375x250.jpg 375w, https:\/\/stejarii.ro\/wp-content\/uploads\/2024\/11\/Range-Rover-Stejarii-26-Nov-2024-92-120x80.jpg 120w\" sizes=\"auto, (max-width: 800px) 100vw, 800px\" \/><\/div>\t\t<\/div>\r\n\t<\/article>\r\n<\/div><div class=\"g-preloader type_5\">\r\n\t<div><\/div>\r\n<\/div>\r\n\t<div class=\"w-grid-json hidden\" onclick='return {&quot;action&quot;:&quot;us_ajax_grid&quot;,&quot;ajax_url&quot;:&quot;https:\\\/\\\/stejarii.ro\\\/wp-admin\\\/admin-ajax.php&quot;,&quot;infinite_scroll&quot;:0,&quot;max_num_pages&quot;:1,&quot;pagination&quot;:&quot;none&quot;,&quot;permalink_url&quot;:&quot;https:\\\/\\\/stejarii.ro\\\/ro\\\/wp-json\\\/wp\\\/v2\\\/pages\\\/3167&quot;,&quot;template_vars&quot;:{&quot;columns&quot;:&quot;3&quot;,&quot;exclude_items&quot;:&quot;none&quot;,&quot;img_size&quot;:&quot;default&quot;,&quot;ignore_items_size&quot;:0,&quot;items_layout&quot;:&quot;3182&quot;,&quot;items_offset&quot;:&quot;1&quot;,&quot;load_animation&quot;:&quot;none&quot;,&quot;overriding_link&quot;:&quot;popup_post_image&quot;,&quot;post_id&quot;:3167,&quot;query_args&quot;:{&quot;post_type&quot;:[&quot;attachment&quot;],&quot;post__in&quot;:[&quot;3208&quot;,&quot;3207&quot;,&quot;3205&quot;,&quot;3206&quot;,&quot;3203&quot;,&quot;3204&quot;,&quot;3216&quot;,&quot;3209&quot;],&quot;post_status&quot;:&quot;inherit&quot;,&quot;post_mime_type&quot;:&quot;image&quot;,&quot;posts_per_page&quot;:&quot;10&quot;},&quot;orderby_query_args&quot;:{&quot;orderby&quot;:{&quot;post__in&quot;:&quot;DESC&quot;},&quot;order&quot;:&quot;DESC&quot;},&quot;type&quot;:&quot;carousel&quot;,&quot;us_grid_ajax_index&quot;:1,&quot;us_grid_filter_params&quot;:null,&quot;us_grid_index&quot;:1,&quot;_us_grid_post_type&quot;:&quot;attachment&quot;},&quot;carousel_settings&quot;:{&quot;autoHeight&quot;:0,&quot;autoplay&quot;:1,&quot;carousel_fade&quot;:0,&quot;center&quot;:1,&quot;dots&quot;:0,&quot;items&quot;:&quot;3&quot;,&quot;loop&quot;:true,&quot;nav&quot;:1,&quot;slideby&quot;:&quot;1&quot;,&quot;smooth_play&quot;:0,&quot;speed&quot;:250,&quot;timeout&quot;:3000,&quot;transition&quot;:&quot;&quot;,&quot;aria_labels&quot;:{&quot;prev&quot;:&quot;Anterior&quot;,&quot;next&quot;:&quot;Urm\\u0103tor&quot;}},&quot;carousel_breakpoints&quot;:{&quot;0&quot;:{&quot;autoHeight&quot;:0,&quot;autoplay&quot;:1,&quot;autoplayHoverPause&quot;:1,&quot;items&quot;:1,&quot;loop&quot;:true,&quot;stagePadding&quot;:0},&quot;641&quot;:{&quot;autoHeight&quot;:0,&quot;autoplay&quot;:1,&quot;autoplayHoverPause&quot;:1,&quot;items&quot;:2,&quot;loop&quot;:true,&quot;stagePadding&quot;:0},&quot;1180&quot;:{&quot;autoHeight&quot;:0,&quot;autoplay&quot;:1,&quot;autoplayHoverPause&quot;:1,&quot;items&quot;:3,&quot;loop&quot;:true,&quot;stagePadding&quot;:0},&quot;1381&quot;:{&quot;items&quot;:3,&quot;stagePadding&quot;:0}}}'><\/div>\r\n\t<\/div><\/div><\/div><\/div><\/div><div class=\"wpb_text_column us_custom_938809ae hide_on_default hide_on_laptops hide_on_tablets hide_on_mobiles\"><div class=\"wpb_wrapper\"><p style=\"text-align: center;\"><span style=\"color: #888;\"><i>* Imagini cu titlu de prezentare.<\/i><\/span><\/p>\n<\/div><\/div><div class=\"w-btn-wrapper align_center hide_on_default hide_on_laptops hide_on_tablets hide_on_mobiles\"><a class=\"w-btn us-btn-style_1\" target=\"_blank\" href=\"\/wp-content\/uploads\/2024\/11\/Specificatie-Range-Rover-Sport-SV-Edition-One-P1213.pdf\" rel=\"noopener\"><span class=\"w-btn-label\">Oferta comercial\u0103 \u0219i specifica\u021bii<\/span><\/a><\/div><\/div><\/div><\/div><\/div><\/div><\/section>","protected":false},"excerpt":{"rendered":"","protected":false},"author":11,"featured_media":0,"parent":0,"menu_order":0,"comment_status":"closed","ping_status":"closed","template":"","meta":{"_acf_changed":false,"_lmt_disableupdate":"no","_lmt_disable":"","footnotes":""},"class_list":["post-3167","page","type-page","status-publish","hentry"],"acf":[],"_links":{"self":[{"href":"https:\/\/stejarii.ro\/ro\/wp-json\/wp\/v2\/pages\/3167","targetHints":{"allow":["GET"]}}],"collection":[{"href":"https:\/\/stejarii.ro\/ro\/wp-json\/wp\/v2\/pages"}],"about":[{"href":"https:\/\/stejarii.ro\/ro\/wp-json\/wp\/v2\/types\/page"}],"author":[{"embeddable":true,"href":"https:\/\/stejarii.ro\/ro\/wp-json\/wp\/v2\/users\/11"}],"replies":[{"embeddable":true,"href":"https:\/\/stejarii.ro\/ro\/wp-json\/wp\/v2\/comments?post=3167"}],"version-history":[{"count":38,"href":"https:\/\/stejarii.ro\/ro\/wp-json\/wp\/v2\/pages\/3167\/revisions"}],"predecessor-version":[{"id":3319,"href":"https:\/\/stejarii.ro\/ro\/wp-json\/wp\/v2\/pages\/3167\/revisions\/3319"}],"wp:attachment":[{"href":"https:\/\/stejarii.ro\/ro\/wp-json\/wp\/v2\/media?parent=3167"}],"curies":[{"name":"wp","href":"https:\/\/api.w.org\/{rel}","templated":true}]}}