{"id":3278,"date":"2024-12-06T12:36:58","date_gmt":"2024-12-06T10:36:58","guid":{"rendered":"https:\/\/stejarii.ro\/?page_id=3278"},"modified":"2025-11-20T17:57:50","modified_gmt":"2025-11-20T15:57:50","slug":"communityregulation","status":"publish","type":"page","link":"https:\/\/stejarii.ro\/ro\/communityregulation\/","title":{"rendered":"Community Regulation"},"content":{"rendered":"<section class=\"l-section wpb_row us_custom_ef340b8f height_small\"><div class=\"l-section-h i-cf\"><div class=\"g-cols vc_row via_flex valign_top type_default stacking_default\"><div class=\"vc_col-sm-12 wpb_column vc_column_container\"><div class=\"vc_column-inner\"><div class=\"wpb_wrapper\"><div class=\"wpb_text_column us_custom_e4cbb3fe has_text_color\"><div class=\"wpb_wrapper\"><p>INFORMA\u021aII PRIVIND REGULAMENTUL COMUNITAR<\/p>\n<\/div><\/div><div class=\"wpb_text_column us_custom_b64ed160 has_text_color\"><div class=\"wpb_wrapper\"><p>INFORMATION REGARDING THE COMMUNITY REGULATION<\/p>\n<\/div><\/div><div class=\"vc_empty_space\"   style=\"height: 20px\"><span class=\"vc_empty_space_inner\"><\/span><\/div><\/div><\/div><\/div><\/div><\/div><\/section><section class=\"l-section wpb_row borderBottomRowStwo height_small\" id=\"row\"><div class=\"l-section-h i-cf\"><div class=\"g-cols vc_row via_flex valign_top type_default stacking_default\"><div class=\"vc_col-sm-12 vc_col-lg-offset-1 vc_col-lg-10 wpb_column vc_column_container\"><div class=\"vc_column-inner\"><div class=\"wpb_wrapper\"><h2 style=\"text-align: left\" class=\"vc_custom_heading us_custom_46fc92d9\" >Clubul Rezidential Stejarii<\/h2><div class=\"wpb_text_column us_custom_eb8cb727 has_text_color hide_on_default hide_on_laptops hide_on_tablets hide_on_mobiles\"><div class=\"wpb_wrapper\"><p>CONTROL ACCES \u0218I SUPRAVEGHERE VIDEO<\/p>\n<\/div><\/div><div class=\"wpb_text_column us_custom_d8be7828 has_text_color hide_on_default hide_on_laptops hide_on_tablets hide_on_mobiles\"><div class=\"wpb_wrapper\"><p>ACCESS CONTROL AND VIDEO SURVEILLANCE<\/p>\n<\/div><\/div><div class=\"g-cols wpb_row us_custom_2f0fb3dd via_flex valign_top type_default stacking_default\" id=\"row-1a\"><div class=\"vc_col-sm-8 wpb_column vc_column_container\"><div class=\"vc_column-inner us_custom_0f0c9235\"><div class=\"wpb_wrapper\"><div class=\"w-text us_custom_2c0945f8\"><span class=\"w-text-h\"><span class=\"w-text-value\">Regulament comunitar Stejarii Clubul Rezidential<\/span><\/span><\/div><\/div><\/div><\/div><div class=\"vc_col-sm-4 wpb_column vc_column_container\"><div class=\"vc_column-inner\"><div class=\"wpb_wrapper\"><div class=\"w-hwrapper align_none valign_top\" style=\"--hwrapper-gap:1.20rem\"><div class=\"w-iconbox iconpos_left style_default color_primary align_center no_text\"><a href=\"https:\/\/stejarii.ro\/wp-content\/uploads\/2025\/11\/Regulament-Stejarii-Rezidential-01.11.2025-rom.pdf\" class=\"w-iconbox-link\" aria-label=\"Descarc\u0103\"><div class=\"w-iconbox-icon\" style=\"font-size:2rem;\"><i class=\"fad fa-file-pdf\"><\/i><\/div><\/a><div class=\"w-iconbox-meta\"><a href=\"https:\/\/stejarii.ro\/wp-content\/uploads\/2025\/11\/Regulament-Stejarii-Rezidential-01.11.2025-rom.pdf\" class=\"w-iconbox-link\" aria-label=\"Descarc\u0103\"><h4 class=\"w-iconbox-title\" style=\"font-size:1.125rem;\">Descarc\u0103<\/h4><\/a><\/div><\/div><\/div><\/div><\/div><\/div><\/div><div class=\"g-cols wpb_row us_custom_2f0fb3dd via_flex valign_top type_default stacking_default\" id=\"row-1a\"><div class=\"vc_col-sm-8 wpb_column vc_column_container\"><div class=\"vc_column-inner us_custom_0f0c9235\"><div class=\"wpb_wrapper\"><div class=\"w-text us_custom_2c0945f8\"><span class=\"w-text-h\"><span class=\"w-text-value\">Anexa 1 la Regulamentul Comunitar<\/span><\/span><\/div><\/div><\/div><\/div><div class=\"vc_col-sm-4 wpb_column vc_column_container\"><div class=\"vc_column-inner\"><div class=\"wpb_wrapper\"><div class=\"w-hwrapper align_none valign_top\" style=\"--hwrapper-gap:1.20rem\"><div class=\"w-iconbox iconpos_left style_default color_primary align_center no_text\"><a href=\"https:\/\/stejarii.ro\/wp-content\/uploads\/2025\/11\/Anexa-1-Plan-Complex.pdf\" class=\"w-iconbox-link\" aria-label=\"Descarc\u0103\"><div class=\"w-iconbox-icon\" style=\"font-size:2rem;\"><i class=\"fad fa-file-pdf\"><\/i><\/div><\/a><div class=\"w-iconbox-meta\"><a href=\"https:\/\/stejarii.ro\/wp-content\/uploads\/2025\/11\/Anexa-1-Plan-Complex.pdf\" class=\"w-iconbox-link\" aria-label=\"Descarc\u0103\"><h4 class=\"w-iconbox-title\" style=\"font-size:1.125rem;\">Descarc\u0103<\/h4><\/a><\/div><\/div><\/div><\/div><\/div><\/div><\/div><div class=\"g-cols wpb_row us_custom_2f0fb3dd via_flex valign_top type_default stacking_default\" id=\"row-1a\"><div class=\"vc_col-sm-8 wpb_column vc_column_container\"><div class=\"vc_column-inner us_custom_0f0c9235\"><div class=\"wpb_wrapper\"><div class=\"w-text us_custom_2c0945f8\"><span class=\"w-text-h\"><span class=\"w-text-value\">Anexa 2 la Regulamentul Comunitar<\/span><\/span><\/div><\/div><\/div><\/div><div class=\"vc_col-sm-4 wpb_column vc_column_container\"><div class=\"vc_column-inner\"><div class=\"wpb_wrapper\"><div class=\"w-hwrapper align_none valign_top\" style=\"--hwrapper-gap:1.20rem\"><div class=\"w-iconbox iconpos_left style_default color_primary align_center no_text\"><a href=\"https:\/\/stejarii.ro\/wp-content\/uploads\/2025\/11\/Anexa-2-Procedura-de-Acces-Rezidential-01.11.2025-rom.pdf\" class=\"w-iconbox-link\" aria-label=\"Descarc\u0103\"><div class=\"w-iconbox-icon\" style=\"font-size:2rem;\"><i class=\"fad fa-file-pdf\"><\/i><\/div><\/a><div class=\"w-iconbox-meta\"><a href=\"https:\/\/stejarii.ro\/wp-content\/uploads\/2025\/11\/Anexa-2-Procedura-de-Acces-Rezidential-01.11.2025-rom.pdf\" class=\"w-iconbox-link\" aria-label=\"Descarc\u0103\"><h4 class=\"w-iconbox-title\" style=\"font-size:1.125rem;\">Descarc\u0103<\/h4><\/a><\/div><\/div><\/div><\/div><\/div><\/div><\/div><div class=\"g-cols wpb_row us_custom_2f0fb3dd via_flex valign_top type_default stacking_default\" id=\"row-1a\"><div class=\"vc_col-sm-8 wpb_column vc_column_container\"><div class=\"vc_column-inner us_custom_0f0c9235\"><div class=\"wpb_wrapper\"><div class=\"w-text us_custom_2c0945f8\"><span class=\"w-text-h\"><span class=\"w-text-value\">Anexa 3 la Regulamentul Comunitar<\/span><\/span><\/div><\/div><\/div><\/div><div class=\"vc_col-sm-4 wpb_column vc_column_container\"><div class=\"vc_column-inner\"><div class=\"wpb_wrapper\"><div class=\"w-hwrapper align_none valign_top\" style=\"--hwrapper-gap:1.20rem\"><div class=\"w-iconbox iconpos_left style_default color_primary align_center no_text\"><a href=\"https:\/\/stejarii.ro\/wp-content\/uploads\/2025\/11\/Anexa-3-Rezidential-Formular-servicii-Concierge-2025-rom.pdf\" class=\"w-iconbox-link\" aria-label=\"Descarc\u0103\"><div class=\"w-iconbox-icon\" style=\"font-size:2rem;\"><i class=\"fad fa-file-pdf\"><\/i><\/div><\/a><div class=\"w-iconbox-meta\"><a href=\"https:\/\/stejarii.ro\/wp-content\/uploads\/2025\/11\/Anexa-3-Rezidential-Formular-servicii-Concierge-2025-rom.pdf\" class=\"w-iconbox-link\" aria-label=\"Descarc\u0103\"><h4 class=\"w-iconbox-title\" style=\"font-size:1.125rem;\">Descarc\u0103<\/h4><\/a><\/div><\/div><\/div><\/div><\/div><\/div><\/div><div class=\"g-cols wpb_row us_custom_2f0fb3dd via_flex valign_top type_default stacking_default\" id=\"row-1a\"><div class=\"vc_col-sm-8 wpb_column vc_column_container\"><div class=\"vc_column-inner us_custom_0f0c9235\"><div class=\"wpb_wrapper\"><div class=\"w-text us_custom_2c0945f8\"><span class=\"w-text-h\"><span class=\"w-text-value\">Community Regulation Stejarii Residential Club<\/span><\/span><\/div><\/div><\/div><\/div><div class=\"vc_col-sm-4 wpb_column vc_column_container\"><div class=\"vc_column-inner\"><div class=\"wpb_wrapper\"><div class=\"w-hwrapper align_none valign_top\" style=\"--hwrapper-gap:1.20rem\"><div class=\"w-iconbox iconpos_left style_default color_primary align_center no_text\"><a href=\"https:\/\/stejarii.ro\/wp-content\/uploads\/2025\/11\/Regulament-Stejarii-Rezidential-01.11.2025-eng.pdf\" class=\"w-iconbox-link\" aria-label=\"Download\"><div class=\"w-iconbox-icon\" style=\"font-size:2rem;\"><i class=\"fad fa-file-pdf\"><\/i><\/div><\/a><div class=\"w-iconbox-meta\"><a href=\"https:\/\/stejarii.ro\/wp-content\/uploads\/2025\/11\/Regulament-Stejarii-Rezidential-01.11.2025-eng.pdf\" class=\"w-iconbox-link\" aria-label=\"Download\"><h4 class=\"w-iconbox-title\" style=\"font-size:1.125rem;\">Download<\/h4><\/a><\/div><\/div><\/div><\/div><\/div><\/div><\/div><div class=\"g-cols wpb_row us_custom_2f0fb3dd via_flex valign_top type_default stacking_default\" id=\"row-1a\"><div class=\"vc_col-sm-8 wpb_column vc_column_container\"><div class=\"vc_column-inner us_custom_0f0c9235\"><div class=\"wpb_wrapper\"><div class=\"w-text us_custom_2c0945f8\"><span class=\"w-text-h\"><span class=\"w-text-value\">Annex 1 to the Community Regulation<\/span><\/span><\/div><\/div><\/div><\/div><div class=\"vc_col-sm-4 wpb_column vc_column_container\"><div class=\"vc_column-inner\"><div class=\"wpb_wrapper\"><div class=\"w-hwrapper align_none valign_top\" style=\"--hwrapper-gap:1.20rem\"><div class=\"w-iconbox iconpos_left style_default color_primary align_center no_text\"><a href=\"https:\/\/stejarii.ro\/wp-content\/uploads\/2025\/11\/Anexa-1-Plan-Complex.pdf\" class=\"w-iconbox-link\" aria-label=\"Download\"><div class=\"w-iconbox-icon\" style=\"font-size:2rem;\"><i class=\"fad fa-file-pdf\"><\/i><\/div><\/a><div class=\"w-iconbox-meta\"><a href=\"https:\/\/stejarii.ro\/wp-content\/uploads\/2025\/11\/Anexa-1-Plan-Complex.pdf\" class=\"w-iconbox-link\" aria-label=\"Download\"><h4 class=\"w-iconbox-title\" style=\"font-size:1.125rem;\">Download<\/h4><\/a><\/div><\/div><\/div><\/div><\/div><\/div><\/div><div class=\"g-cols wpb_row us_custom_2f0fb3dd via_flex valign_top type_default stacking_default\" id=\"row-1a\"><div class=\"vc_col-sm-8 wpb_column vc_column_container\"><div class=\"vc_column-inner us_custom_0f0c9235\"><div class=\"wpb_wrapper\"><div class=\"w-text us_custom_2c0945f8\"><span class=\"w-text-h\"><span class=\"w-text-value\">Annex 2 to the Community Regulation<\/span><\/span><\/div><\/div><\/div><\/div><div class=\"vc_col-sm-4 wpb_column vc_column_container\"><div class=\"vc_column-inner\"><div class=\"wpb_wrapper\"><div class=\"w-hwrapper align_none valign_top\" style=\"--hwrapper-gap:1.20rem\"><div class=\"w-iconbox iconpos_left style_default color_primary align_center no_text\"><a href=\"https:\/\/stejarii.ro\/wp-content\/uploads\/2025\/11\/Anexa-2-Procedura-d-acces-Rezidential-01.11.2025-eng.pdf\" class=\"w-iconbox-link\" aria-label=\"Download\"><div class=\"w-iconbox-icon\" style=\"font-size:2rem;\"><i class=\"fad fa-file-pdf\"><\/i><\/div><\/a><div class=\"w-iconbox-meta\"><a href=\"https:\/\/stejarii.ro\/wp-content\/uploads\/2025\/11\/Anexa-2-Procedura-d-acces-Rezidential-01.11.2025-eng.pdf\" class=\"w-iconbox-link\" aria-label=\"Download\"><h4 class=\"w-iconbox-title\" style=\"font-size:1.125rem;\">Download<\/h4><\/a><\/div><\/div><\/div><\/div><\/div><\/div><\/div><div class=\"g-cols wpb_row us_custom_2f0fb3dd via_flex valign_top type_default stacking_default\" id=\"row-1a\"><div class=\"vc_col-sm-8 wpb_column vc_column_container\"><div class=\"vc_column-inner us_custom_0f0c9235\"><div class=\"wpb_wrapper\"><div class=\"w-text us_custom_2c0945f8\"><span class=\"w-text-h\"><span class=\"w-text-value\">Annex 3 to the Community Regulation<\/span><\/span><\/div><\/div><\/div><\/div><div class=\"vc_col-sm-4 wpb_column vc_column_container\"><div class=\"vc_column-inner\"><div class=\"wpb_wrapper\"><div class=\"w-hwrapper align_none valign_top\" style=\"--hwrapper-gap:1.20rem\"><div class=\"w-iconbox iconpos_left style_default color_primary align_center no_text\"><a href=\"https:\/\/stejarii.ro\/wp-content\/uploads\/2025\/11\/Anexa-3-Rezidential-Concierge-services-Form-2025-eng.pdf\" class=\"w-iconbox-link\" aria-label=\"Download\"><div class=\"w-iconbox-icon\" style=\"font-size:2rem;\"><i class=\"fad fa-file-pdf\"><\/i><\/div><\/a><div class=\"w-iconbox-meta\"><a href=\"https:\/\/stejarii.ro\/wp-content\/uploads\/2025\/11\/Anexa-3-Rezidential-Concierge-services-Form-2025-eng.pdf\" class=\"w-iconbox-link\" aria-label=\"Download\"><h4 class=\"w-iconbox-title\" style=\"font-size:1.125rem;\">Download<\/h4><\/a><\/div><\/div><\/div><\/div><\/div><\/div><\/div><\/div><\/div><\/div><\/div><\/div><\/section><section class=\"l-section wpb_row borderBottomRowStwo height_small\" id=\"row\"><div class=\"l-section-h i-cf\"><div class=\"g-cols vc_row via_flex valign_top type_default stacking_default\"><div class=\"vc_col-sm-12 vc_col-lg-offset-1 vc_col-lg-10 wpb_column vc_column_container\"><div class=\"vc_column-inner\"><div class=\"wpb_wrapper\"><h2 style=\"text-align: left\" class=\"vc_custom_heading us_custom_46fc92d9\" >Stejarii Collection<\/h2><div class=\"wpb_text_column us_custom_eb8cb727 has_text_color hide_on_default hide_on_laptops hide_on_tablets hide_on_mobiles\"><div class=\"wpb_wrapper\"><p>CONTROL ACCES \u0218I SUPRAVEGHERE VIDEO<\/p>\n<\/div><\/div><div class=\"wpb_text_column us_custom_d8be7828 has_text_color hide_on_default hide_on_laptops hide_on_tablets hide_on_mobiles\"><div class=\"wpb_wrapper\"><p>ACCESS CONTROL AND VIDEO SURVEILLANCE<\/p>\n<\/div><\/div><div class=\"g-cols wpb_row us_custom_2f0fb3dd via_flex valign_top type_default stacking_default\" id=\"row-1a\"><div class=\"vc_col-sm-8 wpb_column vc_column_container\"><div class=\"vc_column-inner us_custom_0f0c9235\"><div class=\"wpb_wrapper\"><div class=\"w-text us_custom_2c0945f8\"><span class=\"w-text-h\"><span class=\"w-text-value\">Regulament comunitar Stejarii Collection<\/span><\/span><\/div><\/div><\/div><\/div><div class=\"vc_col-sm-4 wpb_column vc_column_container\"><div class=\"vc_column-inner\"><div class=\"wpb_wrapper\"><div class=\"w-hwrapper align_none valign_top\" style=\"--hwrapper-gap:1.20rem\"><div class=\"w-iconbox iconpos_left style_default color_primary align_center no_text\"><a href=\"https:\/\/stejarii.ro\/wp-content\/uploads\/2025\/11\/01.11.2025-Regulament-Stejarii-Collection-rom.pdf\" class=\"w-iconbox-link\" aria-label=\"Descarc\u0103\"><div class=\"w-iconbox-icon\" style=\"font-size:2rem;\"><i class=\"fad fa-file-pdf\"><\/i><\/div><\/a><div class=\"w-iconbox-meta\"><a href=\"https:\/\/stejarii.ro\/wp-content\/uploads\/2025\/11\/01.11.2025-Regulament-Stejarii-Collection-rom.pdf\" class=\"w-iconbox-link\" aria-label=\"Descarc\u0103\"><h4 class=\"w-iconbox-title\" style=\"font-size:1.125rem;\">Descarc\u0103<\/h4><\/a><\/div><\/div><\/div><\/div><\/div><\/div><\/div><div class=\"g-cols wpb_row us_custom_2f0fb3dd via_flex valign_top type_default stacking_default\" id=\"row-1a\"><div class=\"vc_col-sm-8 wpb_column vc_column_container\"><div class=\"vc_column-inner us_custom_0f0c9235\"><div class=\"wpb_wrapper\"><div class=\"w-text us_custom_2c0945f8\"><span class=\"w-text-h\"><span class=\"w-text-value\">Anexa 1 la Regulamentul Comunitar<\/span><\/span><\/div><\/div><\/div><\/div><div class=\"vc_col-sm-4 wpb_column vc_column_container\"><div class=\"vc_column-inner\"><div class=\"wpb_wrapper\"><div class=\"w-hwrapper align_none valign_top\" style=\"--hwrapper-gap:1.20rem\"><div class=\"w-iconbox iconpos_left style_default color_primary align_center no_text\"><a href=\"https:\/\/stejarii.ro\/wp-content\/uploads\/2025\/11\/Anexa-1-Plan-Complex-1.pdf\" class=\"w-iconbox-link\" aria-label=\"Descarc\u0103\"><div class=\"w-iconbox-icon\" style=\"font-size:2rem;\"><i class=\"fad fa-file-pdf\"><\/i><\/div><\/a><div class=\"w-iconbox-meta\"><a href=\"https:\/\/stejarii.ro\/wp-content\/uploads\/2025\/11\/Anexa-1-Plan-Complex-1.pdf\" class=\"w-iconbox-link\" aria-label=\"Descarc\u0103\"><h4 class=\"w-iconbox-title\" style=\"font-size:1.125rem;\">Descarc\u0103<\/h4><\/a><\/div><\/div><\/div><\/div><\/div><\/div><\/div><div class=\"g-cols wpb_row us_custom_2f0fb3dd via_flex valign_top type_default stacking_default\" id=\"row-1a\"><div class=\"vc_col-sm-8 wpb_column vc_column_container\"><div class=\"vc_column-inner us_custom_0f0c9235\"><div class=\"wpb_wrapper\"><div class=\"w-text us_custom_2c0945f8\"><span class=\"w-text-h\"><span class=\"w-text-value\">Anexa 2 la Regulamentul Comunitar<\/span><\/span><\/div><\/div><\/div><\/div><div class=\"vc_col-sm-4 wpb_column vc_column_container\"><div class=\"vc_column-inner\"><div class=\"wpb_wrapper\"><div class=\"w-hwrapper align_none valign_top\" style=\"--hwrapper-gap:1.20rem\"><div class=\"w-iconbox iconpos_left style_default color_primary align_center no_text\"><a href=\"https:\/\/stejarii.ro\/wp-content\/uploads\/2025\/11\/Anexa-2-Procedura-de-acces-01.11.2025-rom.pdf\" class=\"w-iconbox-link\" aria-label=\"Descarc\u0103\"><div class=\"w-iconbox-icon\" style=\"font-size:2rem;\"><i class=\"fad fa-file-pdf\"><\/i><\/div><\/a><div class=\"w-iconbox-meta\"><a href=\"https:\/\/stejarii.ro\/wp-content\/uploads\/2025\/11\/Anexa-2-Procedura-de-acces-01.11.2025-rom.pdf\" class=\"w-iconbox-link\" aria-label=\"Descarc\u0103\"><h4 class=\"w-iconbox-title\" style=\"font-size:1.125rem;\">Descarc\u0103<\/h4><\/a><\/div><\/div><\/div><\/div><\/div><\/div><\/div><div class=\"g-cols wpb_row us_custom_2f0fb3dd via_flex valign_top type_default stacking_default\" id=\"row-1a\"><div class=\"vc_col-sm-8 wpb_column vc_column_container\"><div class=\"vc_column-inner us_custom_0f0c9235\"><div class=\"wpb_wrapper\"><div class=\"w-text us_custom_2c0945f8\"><span class=\"w-text-h\"><span class=\"w-text-value\">Anexa 3 la Regulamentul Comunitar<\/span><\/span><\/div><\/div><\/div><\/div><div class=\"vc_col-sm-4 wpb_column vc_column_container\"><div class=\"vc_column-inner\"><div class=\"wpb_wrapper\"><div class=\"w-hwrapper align_none valign_top\" style=\"--hwrapper-gap:1.20rem\"><div class=\"w-iconbox iconpos_left style_default color_primary align_center no_text\"><a href=\"https:\/\/stejarii.ro\/wp-content\/uploads\/2025\/11\/Anexa-3-Servicii-Concierge-Stejarii-Collection-2025-rom.pdf\" class=\"w-iconbox-link\" aria-label=\"Descarc\u0103\"><div class=\"w-iconbox-icon\" style=\"font-size:2rem;\"><i class=\"fad fa-file-pdf\"><\/i><\/div><\/a><div class=\"w-iconbox-meta\"><a href=\"https:\/\/stejarii.ro\/wp-content\/uploads\/2025\/11\/Anexa-3-Servicii-Concierge-Stejarii-Collection-2025-rom.pdf\" class=\"w-iconbox-link\" aria-label=\"Descarc\u0103\"><h4 class=\"w-iconbox-title\" style=\"font-size:1.125rem;\">Descarc\u0103<\/h4><\/a><\/div><\/div><\/div><\/div><\/div><\/div><\/div><div class=\"g-cols wpb_row us_custom_2f0fb3dd via_flex valign_top type_default stacking_default\" id=\"row-1a\"><div class=\"vc_col-sm-8 wpb_column vc_column_container\"><div class=\"vc_column-inner us_custom_0f0c9235\"><div class=\"wpb_wrapper\"><div class=\"w-text us_custom_2c0945f8\"><span class=\"w-text-h\"><span class=\"w-text-value\">Community Regulation Stejarii Collection<\/span><\/span><\/div><\/div><\/div><\/div><div class=\"vc_col-sm-4 wpb_column vc_column_container\"><div class=\"vc_column-inner\"><div class=\"wpb_wrapper\"><div class=\"w-hwrapper align_none valign_top\" style=\"--hwrapper-gap:1.20rem\"><div class=\"w-iconbox iconpos_left style_default color_primary align_center no_text\"><a href=\"https:\/\/stejarii.ro\/wp-content\/uploads\/2025\/11\/01.11.2025-Regulament-Stejarii-Collection-eng.pdf\" class=\"w-iconbox-link\" aria-label=\"Download\"><div class=\"w-iconbox-icon\" style=\"font-size:2rem;\"><i class=\"fad fa-file-pdf\"><\/i><\/div><\/a><div class=\"w-iconbox-meta\"><a href=\"https:\/\/stejarii.ro\/wp-content\/uploads\/2025\/11\/01.11.2025-Regulament-Stejarii-Collection-eng.pdf\" class=\"w-iconbox-link\" aria-label=\"Download\"><h4 class=\"w-iconbox-title\" style=\"font-size:1.125rem;\">Download<\/h4><\/a><\/div><\/div><\/div><\/div><\/div><\/div><\/div><div class=\"g-cols wpb_row us_custom_2f0fb3dd via_flex valign_top type_default stacking_default\" id=\"row-1a\"><div class=\"vc_col-sm-8 wpb_column vc_column_container\"><div class=\"vc_column-inner us_custom_0f0c9235\"><div class=\"wpb_wrapper\"><div class=\"w-text us_custom_2c0945f8\"><span class=\"w-text-h\"><span class=\"w-text-value\">Annex 1 to the Community Regulation<\/span><\/span><\/div><\/div><\/div><\/div><div class=\"vc_col-sm-4 wpb_column vc_column_container\"><div class=\"vc_column-inner\"><div class=\"wpb_wrapper\"><div class=\"w-hwrapper align_none valign_top\" style=\"--hwrapper-gap:1.20rem\"><div class=\"w-iconbox iconpos_left style_default color_primary align_center no_text\"><a href=\"https:\/\/stejarii.ro\/wp-content\/uploads\/2025\/11\/Anexa-1-Plan-Complex-1.pdf\" class=\"w-iconbox-link\" aria-label=\"Download\"><div class=\"w-iconbox-icon\" style=\"font-size:2rem;\"><i class=\"fad fa-file-pdf\"><\/i><\/div><\/a><div class=\"w-iconbox-meta\"><a href=\"https:\/\/stejarii.ro\/wp-content\/uploads\/2025\/11\/Anexa-1-Plan-Complex-1.pdf\" class=\"w-iconbox-link\" aria-label=\"Download\"><h4 class=\"w-iconbox-title\" style=\"font-size:1.125rem;\">Download<\/h4><\/a><\/div><\/div><\/div><\/div><\/div><\/div><\/div><div class=\"g-cols wpb_row us_custom_2f0fb3dd via_flex valign_top type_default stacking_default\" id=\"row-1a\"><div class=\"vc_col-sm-8 wpb_column vc_column_container\"><div class=\"vc_column-inner us_custom_0f0c9235\"><div class=\"wpb_wrapper\"><div class=\"w-text us_custom_2c0945f8\"><span class=\"w-text-h\"><span class=\"w-text-value\">Annex 2 to the Community Regulation<\/span><\/span><\/div><\/div><\/div><\/div><div class=\"vc_col-sm-4 wpb_column vc_column_container\"><div class=\"vc_column-inner\"><div class=\"wpb_wrapper\"><div class=\"w-hwrapper align_none valign_top\" style=\"--hwrapper-gap:1.20rem\"><div class=\"w-iconbox iconpos_left style_default color_primary align_center no_text\"><a href=\"https:\/\/stejarii.ro\/wp-content\/uploads\/2025\/11\/Anexa-2-Procedura-de-acces-01.11.2025-eng.pdf\" class=\"w-iconbox-link\" aria-label=\"Download\"><div class=\"w-iconbox-icon\" style=\"font-size:2rem;\"><i class=\"fad fa-file-pdf\"><\/i><\/div><\/a><div class=\"w-iconbox-meta\"><a href=\"https:\/\/stejarii.ro\/wp-content\/uploads\/2025\/11\/Anexa-2-Procedura-de-acces-01.11.2025-eng.pdf\" class=\"w-iconbox-link\" aria-label=\"Download\"><h4 class=\"w-iconbox-title\" style=\"font-size:1.125rem;\">Download<\/h4><\/a><\/div><\/div><\/div><\/div><\/div><\/div><\/div><div class=\"g-cols wpb_row us_custom_2f0fb3dd via_flex valign_top type_default stacking_default\" id=\"row-1a\"><div class=\"vc_col-sm-8 wpb_column vc_column_container\"><div class=\"vc_column-inner us_custom_0f0c9235\"><div class=\"wpb_wrapper\"><div class=\"w-text us_custom_2c0945f8\"><span class=\"w-text-h\"><span class=\"w-text-value\">Annex 3 to the Community Regulation<\/span><\/span><\/div><\/div><\/div><\/div><div class=\"vc_col-sm-4 wpb_column vc_column_container\"><div class=\"vc_column-inner\"><div class=\"wpb_wrapper\"><div class=\"w-hwrapper align_none valign_top\" style=\"--hwrapper-gap:1.20rem\"><div class=\"w-iconbox iconpos_left style_default color_primary align_center no_text\"><a href=\"https:\/\/stejarii.ro\/wp-content\/uploads\/2025\/11\/Anexa-3-Concierge-services-Form-Stejarii-Collection-01.11.2025-eng.pdf\" class=\"w-iconbox-link\" aria-label=\"Download\"><div class=\"w-iconbox-icon\" style=\"font-size:2rem;\"><i class=\"fad fa-file-pdf\"><\/i><\/div><\/a><div class=\"w-iconbox-meta\"><a href=\"https:\/\/stejarii.ro\/wp-content\/uploads\/2025\/11\/Anexa-3-Concierge-services-Form-Stejarii-Collection-01.11.2025-eng.pdf\" class=\"w-iconbox-link\" aria-label=\"Download\"><h4 class=\"w-iconbox-title\" style=\"font-size:1.125rem;\">Download<\/h4><\/a><\/div><\/div><\/div><\/div><\/div><\/div><\/div><\/div><\/div><\/div><\/div><\/div><\/section>","protected":false},"excerpt":{"rendered":"INFORMA\u021aII PRIVIND REGULAMENTUL COMUNITAR INFORMATION REGARDING THE COMMUNITY REGULATION Stejarii Residential ClubCONTROL ACCES \u0218I SUPRAVEGHERE VIDEO ACCESS CONTROL AND VIDEO SURVEILLANCE Regulament comunitar Stejarii Clubul RezidentialDescarc\u0103Anexa 1 la Regulamentul ComunitarDescarc\u0103Anexa 2 la Regulamentul ComunitarDescarc\u0103Anexa 3 la Regulamentul ComunitarDescarc\u0103Community Regulation Stejarii Residential ClubDownloadAnnex 1 to the Community RegulationDownloadAnnex 2 to the Community RegulationDownloadAnnex 3 to the...","protected":false},"author":2,"featured_media":0,"parent":0,"menu_order":0,"comment_status":"closed","ping_status":"closed","template":"","meta":{"_acf_changed":false,"_lmt_disableupdate":"no","_lmt_disable":"","footnotes":""},"class_list":["post-3278","page","type-page","status-publish","hentry"],"acf":[],"_links":{"self":[{"href":"https:\/\/stejarii.ro\/ro\/wp-json\/wp\/v2\/pages\/3278","targetHints":{"allow":["GET"]}}],"collection":[{"href":"https:\/\/stejarii.ro\/ro\/wp-json\/wp\/v2\/pages"}],"about":[{"href":"https:\/\/stejarii.ro\/ro\/wp-json\/wp\/v2\/types\/page"}],"author":[{"embeddable":true,"href":"https:\/\/stejarii.ro\/ro\/wp-json\/wp\/v2\/users\/2"}],"replies":[{"embeddable":true,"href":"https:\/\/stejarii.ro\/ro\/wp-json\/wp\/v2\/comments?post=3278"}],"version-history":[{"count":21,"href":"https:\/\/stejarii.ro\/ro\/wp-json\/wp\/v2\/pages\/3278\/revisions"}],"predecessor-version":[{"id":4064,"href":"https:\/\/stejarii.ro\/ro\/wp-json\/wp\/v2\/pages\/3278\/revisions\/4064"}],"wp:attachment":[{"href":"https:\/\/stejarii.ro\/ro\/wp-json\/wp\/v2\/media?parent=3278"}],"curies":[{"name":"wp","href":"https:\/\/api.w.org\/{rel}","templated":true}]}}