{"id":4073,"date":"2025-12-09T13:59:34","date_gmt":"2025-12-09T11:59:34","guid":{"rendered":"https:\/\/stejarii.ro\/?page_id=4073"},"modified":"2025-12-09T17:41:22","modified_gmt":"2025-12-09T15:41:22","slug":"laundry","status":"publish","type":"page","link":"https:\/\/stejarii.ro\/ro\/laundry\/","title":{"rendered":"Laundry"},"content":{"rendered":"<section class=\"l-section wpb_row us_custom_a2ebf4ae height_auto\" id=\"headRow\"><div class=\"l-section-h i-cf\"><div class=\"g-cols vc_row via_flex valign_top type_default stacking_default\"><div class=\"vc_col-sm-12 wpb_column vc_column_container\"><div class=\"vc_column-inner\"><div class=\"wpb_wrapper\"><div class=\"g-cols wpb_row via_flex valign_top type_default stacking_default\"><div class=\"vc_col-sm-12 wpb_column vc_column_container stretched\"><div class=\"vc_column-inner us_custom_e7f5d98a\"><div class=\"wpb_wrapper\"><div class=\"w-image align_none\" id=\"img1\"><div class=\"w-image-h\"><img loading=\"lazy\" decoding=\"async\" width=\"1580\" height=\"619\" src=\"https:\/\/stejarii.ro\/wp-content\/uploads\/2025\/12\/laundry-1.png\" class=\"attachment-full size-full\" alt=\"\" srcset=\"https:\/\/stejarii.ro\/wp-content\/uploads\/2025\/12\/laundry-1.png 1580w, https:\/\/stejarii.ro\/wp-content\/uploads\/2025\/12\/laundry-1-300x118.png 300w, https:\/\/stejarii.ro\/wp-content\/uploads\/2025\/12\/laundry-1-1024x401.png 1024w, https:\/\/stejarii.ro\/wp-content\/uploads\/2025\/12\/laundry-1-18x7.png 18w, https:\/\/stejarii.ro\/wp-content\/uploads\/2025\/12\/laundry-1-600x235.png 600w, https:\/\/stejarii.ro\/wp-content\/uploads\/2025\/12\/laundry-1-800x313.png 800w, https:\/\/stejarii.ro\/wp-content\/uploads\/2025\/12\/laundry-1-250x98.png 250w, https:\/\/stejarii.ro\/wp-content\/uploads\/2025\/12\/laundry-1-200x78.png 200w, https:\/\/stejarii.ro\/wp-content\/uploads\/2025\/12\/laundry-1-500x196.png 500w, https:\/\/stejarii.ro\/wp-content\/uploads\/2025\/12\/laundry-1-120x47.png 120w\" sizes=\"auto, (max-width: 1580px) 100vw, 1580px\" \/><\/div><\/div><div class=\"w-image us_custom_7d752be9 align_none\" id=\"img2\"><div class=\"w-image-h\"><img loading=\"lazy\" decoding=\"async\" width=\"437\" height=\"137\" src=\"https:\/\/stejarii.ro\/wp-content\/uploads\/2025\/12\/laundry-3.png\" class=\"attachment-full size-full\" alt=\"\" srcset=\"https:\/\/stejarii.ro\/wp-content\/uploads\/2025\/12\/laundry-3.png 437w, https:\/\/stejarii.ro\/wp-content\/uploads\/2025\/12\/laundry-3-300x94.png 300w, https:\/\/stejarii.ro\/wp-content\/uploads\/2025\/12\/laundry-3-18x6.png 18w, https:\/\/stejarii.ro\/wp-content\/uploads\/2025\/12\/laundry-3-250x78.png 250w, https:\/\/stejarii.ro\/wp-content\/uploads\/2025\/12\/laundry-3-200x63.png 200w, https:\/\/stejarii.ro\/wp-content\/uploads\/2025\/12\/laundry-3-120x38.png 120w\" sizes=\"auto, (max-width: 437px) 100vw, 437px\" \/><\/div><\/div><div class=\"w-image us_custom_c77293ef align_none\" id=\"img3\"><div class=\"w-image-h\"><img loading=\"lazy\" decoding=\"async\" width=\"264\" height=\"264\" src=\"https:\/\/stejarii.ro\/wp-content\/uploads\/2025\/12\/laundry-2.png\" class=\"attachment-full size-full\" alt=\"\" srcset=\"https:\/\/stejarii.ro\/wp-content\/uploads\/2025\/12\/laundry-2.png 264w, https:\/\/stejarii.ro\/wp-content\/uploads\/2025\/12\/laundry-2-150x150.png 150w, https:\/\/stejarii.ro\/wp-content\/uploads\/2025\/12\/laundry-2-12x12.png 12w, https:\/\/stejarii.ro\/wp-content\/uploads\/2025\/12\/laundry-2-250x250.png 250w, https:\/\/stejarii.ro\/wp-content\/uploads\/2025\/12\/laundry-2-200x200.png 200w, https:\/\/stejarii.ro\/wp-content\/uploads\/2025\/12\/laundry-2-90x90.png 90w\" sizes=\"auto, (max-width: 264px) 100vw, 264px\" \/><\/div><\/div><\/div><\/div><\/div><\/div><div class=\"w-image us_custom_dba99922 align_none\" id=\"img4\"><div class=\"w-image-h\"><img loading=\"lazy\" decoding=\"async\" width=\"662\" height=\"895\" src=\"https:\/\/stejarii.ro\/wp-content\/uploads\/2025\/12\/laundry-4.png\" class=\"attachment-full size-full\" alt=\"\" srcset=\"https:\/\/stejarii.ro\/wp-content\/uploads\/2025\/12\/laundry-4.png 662w, https:\/\/stejarii.ro\/wp-content\/uploads\/2025\/12\/laundry-4-222x300.png 222w, https:\/\/stejarii.ro\/wp-content\/uploads\/2025\/12\/laundry-4-9x12.png 9w, https:\/\/stejarii.ro\/wp-content\/uploads\/2025\/12\/laundry-4-296x400.png 296w, https:\/\/stejarii.ro\/wp-content\/uploads\/2025\/12\/laundry-4-444x600.png 444w, https:\/\/stejarii.ro\/wp-content\/uploads\/2025\/12\/laundry-4-185x250.png 185w, https:\/\/stejarii.ro\/wp-content\/uploads\/2025\/12\/laundry-4-148x200.png 148w, https:\/\/stejarii.ro\/wp-content\/uploads\/2025\/12\/laundry-4-67x90.png 67w\" sizes=\"auto, (max-width: 662px) 100vw, 662px\" \/><\/div><\/div><div class=\"w-separator size_custom\" style=\"height:3rem\" id=\"r4d8\"><style>@media(max-width:1280px){ #r4d8{height:2rem!important}}@media(max-width:640px){ #r4d8{height:2rem!important}}<\/style><\/div><h1 class=\"w-text us_custom_52bdb74a has_text_color\"><span class=\"w-text-h\"><span class=\"w-text-value\">LIST\u0102 DE PRE\u0162URI \u2013 2025<\/span><\/span><\/h1><div class=\"wpb_text_column us_custom_b9b4def3 has_text_color\"><div class=\"wpb_wrapper\"><p>(TVA 21% inclus)<\/p>\n<\/div><\/div><div class=\"w-separator size_medium\"><\/div><div class=\"wpb_text_column us_custom_2d08dd6d has_text_color\"><div class=\"wpb_wrapper\"><p>ARTICOLE DE \u00eeMBR\u0102C\u0102MINTE<\/p>\n<\/div><\/div><\/div><\/div><\/div><\/div><\/div><\/section><section class=\"l-section wpb_row us_custom_ec9218fc height_small\"><div class=\"l-section-h i-cf\"><div class=\"g-cols vc_row via_flex valign_top type_default stacking_default\"><div class=\"vc_col-sm-12 wpb_column vc_column_container\"><div class=\"vc_column-inner\"><div class=\"wpb_wrapper\"><div class=\"wpb_text_column products-wrapper\" id=\"productsWrapper\"><div class=\"wpb_wrapper\"><table>\n<thead>\n<tr>\n<th>Nr<\/th>\n<th>ARTICOL<\/th>\n<th>LEI<\/th>\n<\/tr>\n<\/thead>\n<tbody>\n<tr>\n<td>1<\/td>\n<td>BERMUDE<\/td>\n<td>26.00<\/td>\n<\/tr>\n<tr>\n<td>2<\/td>\n<td>BLUZA<\/td>\n<td>27.00<\/td>\n<\/tr>\n<tr>\n<td>3<\/td>\n<td>BLUZA MATASE *<\/td>\n<td>44.50<\/td>\n<\/tr>\n<tr>\n<td>4<\/td>\n<td>BLUZA CALITATE *<\/td>\n<td>48.00<\/td>\n<\/tr>\n<tr>\n<td>5<\/td>\n<td>BLUZA PIJAMA<\/td>\n<td>24.50<\/td>\n<\/tr>\n<tr>\n<td>6<\/td>\n<td>BLUZA TRAINING<\/td>\n<td>30.50<\/td>\n<\/tr>\n<tr>\n<td>7<\/td>\n<td>CAMASA<\/td>\n<td>23.00<\/td>\n<\/tr>\n<tr>\n<td>8<\/td>\n<td>CAMASA DAMA<\/td>\n<td>33.00<\/td>\n<\/tr>\n<tr>\n<td>9<\/td>\n<td>CAMASA DE NOAPTE<\/td>\n<td>24.50<\/td>\n<\/tr>\n<tr>\n<td>10<\/td>\n<td>CAMASA PLIATA<\/td>\n<td>29.50<\/td>\n<\/tr>\n<tr>\n<td>11<\/td>\n<td>FUSTA LUNGA<\/td>\n<td>37.50<\/td>\n<\/tr>\n<tr>\n<td>12<\/td>\n<td>FUSTA OCAZIE\/CALITATE<\/td>\n<td>71.50<\/td>\n<\/tr>\n<tr>\n<td>13<\/td>\n<td>FUSTA PLISATA<\/td>\n<td>46.00<\/td>\n<\/tr>\n<tr>\n<td>14<\/td>\n<td>FUSTA SCURTA<\/td>\n<td>29.50<\/td>\n<\/tr>\n<tr>\n<td>15<\/td>\n<td>GEACA FULGI\/ PENE, SCURTA<\/td>\n<td>64.00<\/td>\n<\/tr>\n<tr>\n<td>16<\/td>\n<td>GEACA FULGI \/ PENE, LUNGA<\/td>\n<td>72.00<\/td>\n<\/tr>\n<tr>\n<td>17<\/td>\n<td>GEACA MOTOCICLETA<\/td>\n<td>71.50<\/td>\n<\/tr>\n<tr>\n<td>18<\/td>\n<td>GEACA SINTETICA SCURTA<\/td>\n<td>50.50<\/td>\n<\/tr>\n<tr>\n<td>19<\/td>\n<td>GEACA SINTETICA LUNGA<\/td>\n<td>64.00<\/td>\n<\/tr>\n<tr>\n<td>20<\/td>\n<td>GEACA SKI<\/td>\n<td>61.00<\/td>\n<\/tr>\n<tr>\n<td>21<\/td>\n<td>HANORAC<\/td>\n<td>37.50<\/td>\n<\/tr>\n<tr>\n<td>22<\/td>\n<td>HAINA BLANA ARTIFICIALA<\/td>\n<td>66.50<\/td>\n<\/tr>\n<tr>\n<td>23<\/td>\n<td>HAINA PIELE ARTIFICIALA<\/td>\n<td>61.50<\/td>\n<\/tr>\n<tr>\n<td>24<\/td>\n<td>IMPERMEABIL<\/td>\n<td>56.50<\/td>\n<\/tr>\n<tr>\n<td>25<\/td>\n<td>JACHETA \/ FUTER<\/td>\n<td>50.50<\/td>\n<\/tr>\n<tr>\n<td>26<\/td>\n<td>JUPA<\/td>\n<td>22.50<\/td>\n<\/tr>\n<tr>\n<td>27<\/td>\n<td>PALTON LUNG<\/td>\n<td>70.50<\/td>\n<\/tr>\n<tr>\n<td>28<\/td>\n<td>PALTON SCURT<\/td>\n<td>54.50<\/td>\n<\/tr>\n<tr>\n<td>29<\/td>\n<td>PANTALON<\/td>\n<td>28.00<\/td>\n<\/tr>\n<tr>\n<td>30<\/td>\n<td>PANTALON CALITATE<\/td>\n<td>58.50<\/td>\n<\/tr>\n<tr>\n<td>31<\/td>\n<td>PANTALON PIJAMA<\/td>\n<td>23.50<\/td>\n<\/tr>\n<tr>\n<td>32<\/td>\n<td>PANTALON SKI<\/td>\n<td>39.50<\/td>\n<\/tr>\n<tr>\n<td>33<\/td>\n<td>PANTALON TRAINING<\/td>\n<td>29.50<\/td>\n<\/tr>\n<tr>\n<td>34<\/td>\n<td>PULOVER<\/td>\n<td>34.00<\/td>\n<\/tr>\n<tr>\n<td>35<\/td>\n<td>PULOVER\/ LANA\/ MOHAIR\/ CASMIR<\/td>\n<td>40.50<\/td>\n<\/tr>\n<tr>\n<td>36<\/td>\n<td>ROCHIE DE OCAZIE SCURTA CU \/ FARA APLICATII<\/td>\n<td>107.50<\/td>\n<\/tr>\n<tr>\n<td>37<\/td>\n<td>ROCHIE DE OCAZIE LUNGA CU \/ FARA APLICATII<\/td>\n<td>136.50<\/td>\n<\/tr>\n<tr>\n<td>38<\/td>\n<td>ROCHIE PLISATA<\/td>\n<td>72.00<\/td>\n<\/tr>\n<tr>\n<td>39<\/td>\n<td>ROCHIE SIMPLA SCURTA<\/td>\n<td>56.50<\/td>\n<\/tr>\n<tr>\n<td>40<\/td>\n<td>ROCHIE SIMPLA LUNGA<\/td>\n<td>68.00<\/td>\n<\/tr>\n<tr>\n<td>41<\/td>\n<td>ROCHIE MATASE CALITATE<\/td>\n<td>130.00<\/td>\n<\/tr>\n<tr>\n<td>42<\/td>\n<td>SACOU<\/td>\n<td>29.50<\/td>\n<\/tr>\n<tr>\n<td>43<\/td>\n<td>SACOU CALITATE<\/td>\n<td>41.00<\/td>\n<\/tr>\n<tr>\n<td>44<\/td>\n<td>SALOPETA DAMA<\/td>\n<td>67.50<\/td>\n<\/tr>\n<tr>\n<td>45<\/td>\n<td>SALOPETA DAMA CALITATE<\/td>\n<td>109.00<\/td>\n<\/tr>\n<tr>\n<td>46<\/td>\n<td>SALOPETA DE SKI<\/td>\n<td>70.00<\/td>\n<\/tr>\n<tr>\n<td>47<\/td>\n<td>TRICOU<\/td>\n<td>22.50<\/td>\n<\/tr>\n<tr>\n<td>48<\/td>\n<td>TRICOU GULER TIP POLO<\/td>\n<td>28.00<\/td>\n<\/tr>\n<tr>\n<td>49<\/td>\n<td>TRICOU MANECA LUNGA<\/td>\n<td>31.50<\/td>\n<\/tr>\n<tr>\n<td>50<\/td>\n<td>VESTA COSTUM<\/td>\n<td>23.50<\/td>\n<\/tr>\n<tr>\n<td>51<\/td>\n<td>VESTA CALITATE<\/td>\n<td>41.00<\/td>\n<\/tr>\n<tr>\n<td>52<\/td>\n<td>VESTA MATLASATA\/FULGI<\/td>\n<td>57.50<\/td>\n<\/tr>\n<tr>\n<td>53<\/td>\n<td>BUSTIERA<\/td>\n<td>35.00<\/td>\n<\/tr>\n<tr>\n<td>54<\/td>\n<td>CARDIGAN<\/td>\n<td>27.00<\/td>\n<\/tr>\n<tr>\n<td>55<\/td>\n<td>CENTURA \/ CORDON<\/td>\n<td>0.00<\/td>\n<\/tr>\n<tr>\n<td>56<\/td>\n<td>CORSET<\/td>\n<td>35.00<\/td>\n<\/tr>\n<tr>\n<td>57<\/td>\n<td>CRAVATA<\/td>\n<td>21.50<\/td>\n<\/tr>\n<tr>\n<td>58<\/td>\n<td>ESARFA MATASE\/MICA<\/td>\n<td>35.50<\/td>\n<\/tr>\n<tr>\n<td>59<\/td>\n<td>ESARFA\/FULAR SINTETICA<\/td>\n<td>29.50<\/td>\n<\/tr>\n<tr>\n<td>60<\/td>\n<td>FULAR LANA\/ MOHAIR\/ CASHMIR<\/td>\n<td>48.50<\/td>\n<\/tr>\n<tr>\n<td>61<\/td>\n<td>FULAR MATASE<\/td>\n<td>48.50<\/td>\n<\/tr>\n<tr>\n<td>62<\/td>\n<td>MANUSI<\/td>\n<td>23.50<\/td>\n<\/tr>\n<tr>\n<td>63<\/td>\n<td>JUCARII PLUS MICI<\/td>\n<td>71.50<\/td>\n<\/tr>\n<tr>\n<td>64<\/td>\n<td>JUCARII PLUS MARI<\/td>\n<td>102.00<\/td>\n<\/tr>\n<tr>\n<td>65<\/td>\n<td>SAPCA\/ CACIULA\/ GLUGA<\/td>\n<td>24.50<\/td>\n<\/tr>\n<tr>\n<td>66<\/td>\n<td>BUST DE MIREASA<\/td>\n<td>130.00<\/td>\n<\/tr>\n<tr>\n<td>67<\/td>\n<td>FUSTA DE MIREASA<\/td>\n<td>195.00<\/td>\n<\/tr>\n<tr>\n<td>68<\/td>\n<td>JUPA DE MIREASA<\/td>\n<td>32.50<\/td>\n<\/tr>\n<tr>\n<td>69<\/td>\n<td>MANUSI DE MIREASA<\/td>\n<td>23.00<\/td>\n<\/tr>\n<tr>\n<td>70<\/td>\n<td>ROCHIE DE MIREASA CALITATE<\/td>\n<td>292.50<\/td>\n<\/tr>\n<tr>\n<td>71<\/td>\n<td>ROCHIE DE MIREASA LUX<\/td>\n<td>375.50<\/td>\n<\/tr>\n<tr>\n<td>72<\/td>\n<td>SET BOTEZ<\/td>\n<td>52.00<\/td>\n<\/tr>\n<tr>\n<td>73<\/td>\n<td>VESMANT PREOT SET<\/td>\n<td>153.00<\/td>\n<\/tr>\n<tr>\n<td>74<\/td>\n<td>VOAL MIREASA<\/td>\n<td>38.00<\/td>\n<\/tr>\n<tr>\n<td>75<\/td>\n<td>BLUZA MUNCA<\/td>\n<td>25.50<\/td>\n<\/tr>\n<tr>\n<td>76<\/td>\n<td>HALAT MUNCA<\/td>\n<td>25.50<\/td>\n<\/tr>\n<tr>\n<td>77<\/td>\n<td>PANTALONI DE MUNCA<\/td>\n<td>30.50<\/td>\n<\/tr>\n<tr>\n<td>78<\/td>\n<td>SALOPETA DE MUNCA<\/td>\n<td>45.00<\/td>\n<\/tr>\n<tr>\n<td>79<\/td>\n<td>SORT BUCATAR\/MUNCA<\/td>\n<td>25.50<\/td>\n<\/tr>\n<tr>\n<td>80<\/td>\n<td>CORDON DRAPERII<\/td>\n<td>11.50<\/td>\n<\/tr>\n<tr>\n<td>81<\/td>\n<td>CUVERTURA COPIL<\/td>\n<td>44.50<\/td>\n<\/tr>\n<tr>\n<td>82<\/td>\n<td>CUVERTURA 1 PERS<\/td>\n<td>60.00<\/td>\n<\/tr>\n<tr>\n<td>83<\/td>\n<td>CUVERTURA 2 PERS<\/td>\n<td>74.00<\/td>\n<\/tr>\n<tr>\n<td>84<\/td>\n<td>DRAPERII DUBLE<\/td>\n<td>18,00 \/mp<\/td>\n<\/tr>\n<tr>\n<td>85<\/td>\n<td>DRAPERII SIMPLE<\/td>\n<td>13,50 \/mp<\/td>\n<\/tr>\n<tr>\n<td>86<\/td>\n<td>FATA DE MASA 6 PERS<\/td>\n<td>33.50<\/td>\n<\/tr>\n<tr>\n<td>87<\/td>\n<td>FATA DE MASA 8-10 PERS<\/td>\n<td>45.00<\/td>\n<\/tr>\n<tr>\n<td>88<\/td>\n<td>FATA DE MASA 12 PERS<\/td>\n<td>66.00<\/td>\n<\/tr>\n<tr>\n<td>89<\/td>\n<td>FATA DE MASA 12 PERS +<\/td>\n<td>76.00<\/td>\n<\/tr>\n<tr>\n<td>90<\/td>\n<td>NAPRON<\/td>\n<td>25.50<\/td>\n<\/tr>\n<tr>\n<td>91<\/td>\n<td>FUSTA MASA<\/td>\n<td>46.00<\/td>\n<\/tr>\n<tr>\n<td>92<\/td>\n<td>FUSTA SCAUN<\/td>\n<td>36.50<\/td>\n<\/tr>\n<tr>\n<td>93<\/td>\n<td>HUSA CANAPEA 2P<\/td>\n<td>78.00<\/td>\n<\/tr>\n<tr>\n<td>94<\/td>\n<td>HUSA CANAPEA 3P<\/td>\n<td>104.00<\/td>\n<\/tr>\n<tr>\n<td>95<\/td>\n<td>HUSA FOTOLIU<\/td>\n<td>42.50<\/td>\n<\/tr>\n<tr>\n<td>96<\/td>\n<td>HUSA PERNA CANAPEA MICA<\/td>\n<td>20.00<\/td>\n<\/tr>\n<tr>\n<td>97<\/td>\n<td>HUSA PERNA CANAPEA MIJLOCIE<\/td>\n<td>28.00<\/td>\n<\/tr>\n<tr>\n<td>98<\/td>\n<td>HUSA PERNA CANAPEA MARE<\/td>\n<td>33.50<\/td>\n<\/tr>\n<tr>\n<td>99<\/td>\n<td>HUSA SCAUN<\/td>\n<td>36.50<\/td>\n<\/tr>\n<tr>\n<td>100<\/td>\n<td>PATURA COPIL<\/td>\n<td>46.00<\/td>\n<\/tr>\n<tr>\n<td>101<\/td>\n<td>PATURA 1 PERS<\/td>\n<td>57.50<\/td>\n<\/tr>\n<tr>\n<td>102<\/td>\n<td>PATURA 2 PERS<\/td>\n<td>69.00<\/td>\n<\/tr>\n<tr>\n<td>103<\/td>\n<td>PERDELE SUBTIRI<\/td>\n<td>13,00 \/mp<\/td>\n<\/tr>\n<tr>\n<td>104<\/td>\n<td>SERVETEL DE MASA<\/td>\n<td>11.50<\/td>\n<\/tr>\n<tr>\n<td>105<\/td>\n<td>CEARSAF PAT 1 PERS<\/td>\n<td>20.00<\/td>\n<\/tr>\n<tr>\n<td>106<\/td>\n<td>CEARSAF PAT 2 PERS<\/td>\n<td>23.50<\/td>\n<\/tr>\n<tr>\n<td>107<\/td>\n<td>CEARSAF PILOTA 1 PERS<\/td>\n<td>24.50<\/td>\n<\/tr>\n<tr>\n<td>108<\/td>\n<td>CEARSAF PILOTA 2 PERS<\/td>\n<td>29.00<\/td>\n<\/tr>\n<tr>\n<td>109<\/td>\n<td>CEARSAF SALTEA 1 PERS<\/td>\n<td>14.50<\/td>\n<\/tr>\n<tr>\n<td>110<\/td>\n<td>CEARSAF SALTEA 2 PERS<\/td>\n<td>17.00<\/td>\n<\/tr>\n<tr>\n<td>111<\/td>\n<td>COVORAS DE BAIE<\/td>\n<td>27.00<\/td>\n<\/tr>\n<tr>\n<td>112<\/td>\n<td>FATA DE PERNA MARE<\/td>\n<td>14.50<\/td>\n<\/tr>\n<tr>\n<td>113<\/td>\n<td>FATA DE PERNA MICA<\/td>\n<td>13.50<\/td>\n<\/tr>\n<tr>\n<td>114<\/td>\n<td>HALAT DE BAIE<\/td>\n<td>37.50<\/td>\n<\/tr>\n<tr>\n<td>115<\/td>\n<td>HUSA PAT 1 PERS<\/td>\n<td>74.50<\/td>\n<\/tr>\n<tr>\n<td>116<\/td>\n<td>HUSA PAT 2 PERS<\/td>\n<td>110.00<\/td>\n<\/tr>\n<tr>\n<td>117<\/td>\n<td>HUSA SALTEA (GROASA)1 PERS<\/td>\n<td>67.00<\/td>\n<\/tr>\n<tr>\n<td>118<\/td>\n<td>HUSA SALTEA (GROASA) 2 PERS<\/td>\n<td>78.50<\/td>\n<\/tr>\n<tr>\n<td>119<\/td>\n<td>PERNA FULG PENE, MARE<\/td>\n<td>75.00<\/td>\n<\/tr>\n<tr>\n<td>120<\/td>\n<td>PERNA FULG PENE, MICA<\/td>\n<td>62.00<\/td>\n<\/tr>\n<tr>\n<td>121<\/td>\n<td>PERNA SINTETICA MARE<\/td>\n<td>56.00<\/td>\n<\/tr>\n<tr>\n<td>122<\/td>\n<td>PERNA SINTETICA MICA<\/td>\n<td>50.50<\/td>\n<\/tr>\n<tr>\n<td>123<\/td>\n<td>PERNUTA<\/td>\n<td>29.50<\/td>\n<\/tr>\n<tr>\n<td>124<\/td>\n<td>PILOTA FULG PENE 1PERS<\/td>\n<td>84.50<\/td>\n<\/tr>\n<tr>\n<td>125<\/td>\n<td>PILOTA FULG PENE 2 PERS<\/td>\n<td>110.00<\/td>\n<\/tr>\n<tr>\n<td>126<\/td>\n<td>PILOTA SINTETICA 1 PERS<\/td>\n<td>67.00<\/td>\n<\/tr>\n<tr>\n<td>127<\/td>\n<td>PILOTA SINTETICA 2 PERS<\/td>\n<td>78.50<\/td>\n<\/tr>\n<tr>\n<td>128<\/td>\n<td>PROSOP BAIE MARE<\/td>\n<td>24.00<\/td>\n<\/tr>\n<tr>\n<td>129<\/td>\n<td>PROSOP BAIE MEDIU<\/td>\n<td>21.00<\/td>\n<\/tr>\n<tr>\n<td>130<\/td>\n<td>PROSOP BAIE MIC<\/td>\n<td>17.50<\/td>\n<\/tr>\n<tr>\n<td>131<\/td>\n<td>SAC DORMIT FULGI 1PERS<\/td>\n<td>61.00<\/td>\n<\/tr>\n<tr>\n<td>132<\/td>\n<td>SAC DORMIT FULGI 2 PERS<\/td>\n<td>71.50<\/td>\n<\/tr>\n<tr>\n<td>133<\/td>\n<td>SAC DORMIT SINTETIC 1 PERS<\/td>\n<td>47.00<\/td>\n<\/tr>\n<tr>\n<td>134<\/td>\n<td>SAC DORMIT SINTETIC 2 PERS<\/td>\n<td>53.00<\/td>\n<\/tr>\n<tr>\n<td>135<\/td>\n<td>CACIULA PIELE<\/td>\n<td>65.50<\/td>\n<\/tr>\n<tr>\n<td>136<\/td>\n<td>FUSTA LUNGA PIELE<\/td>\n<td>92.00<\/td>\n<\/tr>\n<tr>\n<td>137<\/td>\n<td>FUSTA SCURTA PIELE<\/td>\n<td>66.50<\/td>\n<\/tr>\n<tr>\n<td>138<\/td>\n<td>GULER BLANA \/ PIELE<\/td>\n<td>65.50<\/td>\n<\/tr>\n<tr>\n<td>139<\/td>\n<td>HAINA BLANA OAIE<\/td>\n<td>153.00<\/td>\n<\/tr>\n<tr>\n<td>140<\/td>\n<td>HAINA BLANA LUX<\/td>\n<td>204.00<\/td>\n<\/tr>\n<tr>\n<td>141<\/td>\n<td>HAINA BLANA NATURALA SCURTA<\/td>\n<td>204.00<\/td>\n<\/tr>\n<tr>\n<td>142<\/td>\n<td>HAINA BLANA NATURALA LUNGA<\/td>\n<td>247.00<\/td>\n<\/tr>\n<tr>\n<td>143<\/td>\n<td>HAINA LUNGA PIELE<\/td>\n<td>127.50<\/td>\n<\/tr>\n<tr>\n<td>144<\/td>\n<td>HAINA SCURTA PIELE<\/td>\n<td>112.00<\/td>\n<\/tr>\n<tr>\n<td>145<\/td>\n<td>HAINA TIP COJOC<\/td>\n<td>153.00<\/td>\n<\/tr>\n<tr>\n<td>146<\/td>\n<td>MANUSI LUNGI PIELE<\/td>\n<td>71.50<\/td>\n<\/tr>\n<tr>\n<td>147<\/td>\n<td>MANUSI SCURTE PIELE<\/td>\n<td>58.00<\/td>\n<\/tr>\n<tr>\n<td>148<\/td>\n<td>PANTALON LUNG PIELE<\/td>\n<td>86.50<\/td>\n<\/tr>\n<tr>\n<td>149<\/td>\n<td>PANTALON SCURT PIELE<\/td>\n<td>66.50<\/td>\n<\/tr>\n<tr>\n<td>150<\/td>\n<td>VESTA PIELE<\/td>\n<td>66.50<\/td>\n<\/tr>\n<tr>\n<td>151<\/td>\n<td>CARUCIOR CUMPARATURI<\/td>\n<td>143.00<\/td>\n<\/tr>\n<tr>\n<td>152<\/td>\n<td>CASCA MOTOCICLETA<\/td>\n<td>84.50<\/td>\n<\/tr>\n<tr>\n<td>153<\/td>\n<td>CIZME \/ UGG<\/td>\n<td>143.00<\/td>\n<\/tr>\n<tr>\n<td>154<\/td>\n<td>CUREA<\/td>\n<td>58.00<\/td>\n<\/tr>\n<tr>\n<td>155<\/td>\n<td>GEANTA<\/td>\n<td>122.50<\/td>\n<\/tr>\n<tr>\n<td>156<\/td>\n<td>GEANTA MICA<\/td>\n<td>102.00<\/td>\n<\/tr>\n<tr>\n<td>157<\/td>\n<td>GEANTA LUX<\/td>\n<td>199.00<\/td>\n<\/tr>\n<tr>\n<td>158<\/td>\n<td>GEANTA VOIAJ\/ VALIZA<\/td>\n<td>163.00<\/td>\n<\/tr>\n<tr>\n<td>159<\/td>\n<td>GHETE<\/td>\n<td>131.50<\/td>\n<\/tr>\n<tr>\n<td>160<\/td>\n<td>PALARIE<\/td>\n<td>51.00<\/td>\n<\/tr>\n<tr>\n<td>161<\/td>\n<td>PANTOFI \/ MOCASINI<\/td>\n<td>86.50<\/td>\n<\/tr>\n<tr>\n<td>162<\/td>\n<td>PANTOFI PIELE<\/td>\n<td>86.50<\/td>\n<\/tr>\n<tr>\n<td>163<\/td>\n<td>PANTOFI SPORT\/ADIDASI- TEXTIL<\/td>\n<td>67.50<\/td>\n<\/tr>\n<tr>\n<td>164<\/td>\n<td>PANTOF SPORT PIELE<\/td>\n<td>83.50<\/td>\n<\/tr>\n<tr>\n<td>165<\/td>\n<td>PANTOF SPORT PIELE INTOARSA<\/td>\n<td>88.50<\/td>\n<\/tr>\n<tr>\n<td>166<\/td>\n<td>PORT BEBE \/ PATUT COPIL<\/td>\n<td>143.00<\/td>\n<\/tr>\n<tr>\n<td>167<\/td>\n<td>SAPCA UNIFORMA (POLITIST)<\/td>\n<td>51.00<\/td>\n<\/tr>\n<tr>\n<td>168<\/td>\n<td>SCAUN MASINA<\/td>\n<td>143.00<\/td>\n<\/tr>\n<tr>\n<td>169<\/td>\n<td>SANDALE \/ PAPUCI TEXTILE<\/td>\n<td>55.00<\/td>\n<\/tr>\n<tr>\n<td>170<\/td>\n<td>SANDALE \/ PAPUCI PIELE<\/td>\n<td>70.00<\/td>\n<\/tr>\n<tr>\n<td>171<\/td>\n<td>PANTOFI \/ SANDALE TEXTILE LUX<\/td>\n<td>95.00<\/td>\n<\/tr>\n<tr>\n<td>172<\/td>\n<td>OZONIFICARE<\/td>\n<td>15.00<\/td>\n<\/tr>\n<tr>\n<td>173<\/td>\n<td>EXTRA CURATARE<\/td>\n<td>10.00<\/td>\n<\/tr>\n<tr>\n<td>174<\/td>\n<td>IMPERMEABILIZARE<\/td>\n<td>20.50<\/td>\n<\/tr>\n<\/tbody>\n<\/table>\n<\/div><\/div>\n\t<div class=\"wpb_raw_code wpb_raw_js\" id=\"scriptTabel\">\n\t\t<div class=\"wpb_wrapper\">\n\t\t\t<script>\n    function splitTable() {\n    const wrapper = document.querySelector(\".products-wrapper\");\n    if (!wrapper) return;\n\n    const firstTable = wrapper.querySelector(\"table\");\n    if (!firstTable) return;\n\n    const isMobile = window.innerWidth <= 768;\n\n    \/* ==========================\n        MOBILE \u2192 REVENIRE LA UN SINGUR TABEL\n    ========================== *\/\n    if (isMobile && wrapper.children.length === 2) {\n        const rows1 = wrapper.children[0].querySelectorAll(\"tbody tr\");\n        const rows2 = wrapper.children[1].querySelectorAll(\"tbody tr\");\n\n        const newTbody = document.createElement(\"tbody\");\n        [...rows1, ...rows2].forEach(row => newTbody.appendChild(row));\n\n        firstTable.querySelector(\"tbody\").remove();\n        firstTable.appendChild(newTbody);\n\n        wrapper.innerHTML = \"\";\n        wrapper.appendChild(firstTable);\n        return;\n    }\n\n    \/* ==========================\n        DESKTOP \u2192 SPLIT \u00ceN 2 TABELE\n    ========================== *\/\n    if (!isMobile && wrapper.children.length === 1) {\n        const rows = Array.from(firstTable.querySelectorAll(\"tbody tr\"));\n        const thead = firstTable.querySelector(\"thead\");\n\n        const middle = Math.ceil(rows.length \/ 2);\n\n        const table1 = document.createElement(\"table\");\n        const table2 = document.createElement(\"table\");\n\n        table1.appendChild(thead.cloneNode(true));\n        table2.appendChild(thead.cloneNode(true));\n\n        const tbody1 = document.createElement(\"tbody\");\n        const tbody2 = document.createElement(\"tbody\");\n\n        rows.slice(0, middle).forEach(r => tbody1.appendChild(r));\n        rows.slice(middle).forEach(r => tbody2.appendChild(r));\n\n        table1.appendChild(tbody1);\n        table2.appendChild(tbody2);\n\n        wrapper.innerHTML = \"\";\n        wrapper.appendChild(table1);\n        wrapper.appendChild(table2);\n    }\n    }\n\n    \/* rulare ini\u021bial\u0103 *\/\n    splitTable();\n\n    \/* recalcul la resize *\/\n    window.addEventListener(\"resize\", splitTable);\n<\/script>\n\t\t<\/div>\n\t<\/div>\n<\/div><\/div><\/div><\/div><\/div><\/section>","protected":false},"excerpt":{"rendered":"PRICE LIST \u2013 2025(VAT 21% included) CLOTHING Nr ARTICOL LEI 1 BERMUDE 26.00 2 BLUZA 27.00 3 BLUZA MATASE * 44.50 4 BLUZA CALITATE * 48.00 5 BLUZA PIJAMA 24.50 6 BLUZA TRAINING 30.50 7 CAMASA 23.00 8 CAMASA DAMA 33.00 9 CAMASA DE NOAPTE 24.50 10 CAMASA PLIATA 29.50 11 FUSTA LUNGA 37.50 12...","protected":false},"author":11,"featured_media":0,"parent":0,"menu_order":0,"comment_status":"closed","ping_status":"closed","template":"","meta":{"_acf_changed":false,"_lmt_disableupdate":"no","_lmt_disable":"","footnotes":""},"class_list":["post-4073","page","type-page","status-publish","hentry"],"acf":[],"_links":{"self":[{"href":"https:\/\/stejarii.ro\/ro\/wp-json\/wp\/v2\/pages\/4073","targetHints":{"allow":["GET"]}}],"collection":[{"href":"https:\/\/stejarii.ro\/ro\/wp-json\/wp\/v2\/pages"}],"about":[{"href":"https:\/\/stejarii.ro\/ro\/wp-json\/wp\/v2\/types\/page"}],"author":[{"embeddable":true,"href":"https:\/\/stejarii.ro\/ro\/wp-json\/wp\/v2\/users\/11"}],"replies":[{"embeddable":true,"href":"https:\/\/stejarii.ro\/ro\/wp-json\/wp\/v2\/comments?post=4073"}],"version-history":[{"count":14,"href":"https:\/\/stejarii.ro\/ro\/wp-json\/wp\/v2\/pages\/4073\/revisions"}],"predecessor-version":[{"id":4092,"href":"https:\/\/stejarii.ro\/ro\/wp-json\/wp\/v2\/pages\/4073\/revisions\/4092"}],"wp:attachment":[{"href":"https:\/\/stejarii.ro\/ro\/wp-json\/wp\/v2\/media?parent=4073"}],"curies":[{"name":"wp","href":"https:\/\/api.w.org\/{rel}","templated":true}]}}