{"id":4120,"date":"2026-02-23T10:41:31","date_gmt":"2026-02-23T08:41:31","guid":{"rendered":"https:\/\/stejarii.ro\/?page_id=4120"},"modified":"2026-04-02T17:58:14","modified_gmt":"2026-04-02T14:58:14","slug":"home-select","status":"publish","type":"page","link":"https:\/\/stejarii.ro\/ro\/","title":{"rendered":"Home Select"},"content":{"rendered":"<section class=\"l-section wpb_row us_custom_8298b1a6 height_medium full_height valign_bottom\"><div class=\"l-section-h i-cf\"><div class=\"g-cols vc_row via_flex valign_top type_default stacking_default\"><div class=\"vc_col-sm-12 wpb_column vc_column_container\"><div class=\"vc_column-inner\"><div class=\"wpb_wrapper\"><h1 class=\"w-text us_custom_eb68bb7a has_text_color\"><span class=\"w-text-h\"><span class=\"w-text-value\">DESCOPERI\u021aI STEJARII UNIVERSE<\/span><\/span><\/h1><p class=\"w-text us_custom_73e8b6b7 has_text_color hide_on_default hide_on_laptops hide_on_tablets hide_on_mobiles\"><span class=\"w-text-h\"><span class=\"w-text-value\">stil de viata legat de padure<\/span><\/span><\/p><div class=\"wpb_text_column us_custom_6a2dcc1c has_text_color\"><div class=\"wpb_wrapper\"><p class=\" translation-block\">Stejarii Rezidential reune\u0219te dou\u0103 proiecte emblematice \u2013<br>\nStejarii Rezidential Club \u0219i Stejarii Collection \u2013 definind un nou standard al rafinamentului \u0219i intimit\u0103\u021bii.<\/p>\n<\/div><\/div><div class=\"w-separator size_medium\"><\/div><div class=\"w-image us_custom_01586819 align_center\" id=\"imgHover\"><a rel=\"nofollow\" href=\"#row-1\" aria-label=\"Leg\u0103tur\u0103\" class=\"w-image-h\"><img loading=\"lazy\" decoding=\"async\" width=\"144\" height=\"144\" src=\"https:\/\/stejarii.ro\/wp-content\/uploads\/2026\/02\/icon-arrow.png\" class=\"attachment-full size-full\" alt=\"\" srcset=\"https:\/\/stejarii.ro\/wp-content\/uploads\/2026\/02\/icon-arrow.png 144w, https:\/\/stejarii.ro\/wp-content\/uploads\/2026\/02\/icon-arrow-12x12.png 12w, https:\/\/stejarii.ro\/wp-content\/uploads\/2026\/02\/icon-arrow-90x90.png 90w\" sizes=\"auto, (max-width: 144px) 100vw, 144px\" \/><\/a><\/div><\/div><\/div><\/div><\/div><\/div><\/section><section class=\"l-section wpb_row us_custom_8ec1f914 height_large\"><div class=\"l-section-overlay\" style=\"background:#000000\"><\/div><div class=\"l-section-h i-cf\"><div class=\"g-cols vc_row via_flex valign_top type_default stacking_default\"><div class=\"vc_col-sm-12 wpb_column vc_column_container\"><div class=\"vc_column-inner\"><div class=\"wpb_wrapper\"><div class=\"g-cols wpb_row via_flex valign_top type_default stacking_default\"><div class=\"vc_col-sm-12 vc_col-lg-offset-2 vc_col-lg-8 vc_col-md-offset-2 vc_col-md-8 wpb_column vc_column_container\"><div class=\"vc_column-inner\"><div class=\"wpb_wrapper\"><h2 class=\"w-text us_custom_d3c13f32 has_text_color\" id=\"row-1\"><span class=\"w-text-h\"><span class=\"w-text-value\">Un nou mod de via\u021b\u0103 dezvoltat de<\/span><\/span><\/h2><p class=\"w-text us_custom_73e8b6b7 has_text_color\"><span class=\"w-text-h\"><span class=\"w-text-value\">Tiriac Imobiliare<\/span><\/span><\/p><div class=\"wpb_text_column us_custom_6a2dcc1c has_text_color\"><div class=\"wpb_wrapper\"><p><span data-olk-copy-source=\"MessageBody\">Amplasat \u00eentr-o p\u0103dure de stejari de 250 de hectare, Stejarii pune la dispozi\u021bie apartamente \u0219i penthouse-uri de excep\u021bie, destinate exclusiv \u00eenchirierii.<\/span> Locatarii beneficiaz\u0103 de siguran\u021b\u0103, servicii premium integrate \u0219i acces facil c\u0103tre centrul ora\u0219ului \u0219i Aeroportul Henri Coand\u0103.<\/p>\n<p>Disponibilitatea este limitat\u0103, fiind destinat\u0103 celor care caut\u0103 un stil de via\u021b\u0103 cu adev\u0103rat exclusivist.<\/p>\n<\/div><\/div><\/div><\/div><\/div><\/div><\/div><\/div><\/div><\/div><\/div><\/section><section class=\"l-section wpb_row height_large\" id=\"row-2\"><div class=\"l-section-overlay\" style=\"background:#000000\"><\/div><div class=\"l-section-h i-cf\"><div class=\"g-cols vc_row via_flex valign_top type_default stacking_default\"><div class=\"vc_col-sm-12 wpb_column vc_column_container\"><div class=\"vc_column-inner\"><div class=\"wpb_wrapper\"><div class=\"g-cols wpb_row via_flex valign_top type_default stacking_default\"><div class=\"vc_col-sm-6 wpb_column vc_column_container\"><div class=\"vc_column-inner\"><div class=\"wpb_wrapper\"><div class=\"w-vwrapper us_custom_e3255ef7 align_none valign_top\"><div class=\"w-image us_custom_a697689b hide_on_tablets hide_on_mobiles align_center\"><div class=\"w-image-h\"><img loading=\"lazy\" decoding=\"async\" width=\"120\" height=\"120\" src=\"https:\/\/stejarii.ro\/wp-content\/uploads\/2026\/02\/logo-collection.png\" class=\"attachment-full size-full\" alt=\"\" srcset=\"https:\/\/stejarii.ro\/wp-content\/uploads\/2026\/02\/logo-collection.png 120w, https:\/\/stejarii.ro\/wp-content\/uploads\/2026\/02\/logo-collection-12x12.png 12w, https:\/\/stejarii.ro\/wp-content\/uploads\/2026\/02\/logo-collection-90x90.png 90w\" sizes=\"auto, (max-width: 120px) 100vw, 120px\" \/><\/div><\/div><div class=\"w-image align_none\"><a target=\"_blank\" href=\"https:\/\/stejarii.ro\/collection\/apartments\/\" rel=\"noopener\" aria-label=\"Leg\u0103tur\u0103\" class=\"w-image-h\"><img loading=\"lazy\" decoding=\"async\" width=\"1200\" height=\"1200\" src=\"https:\/\/stejarii.ro\/wp-content\/uploads\/2026\/02\/slide-1-collection.jpg\" class=\"attachment-full size-full\" alt=\"\" \/><\/a><\/div><h3 class=\"w-text us_custom_2bade1eb has_text_color\"><span class=\"w-text-h\"><span class=\"w-text-value\">Stejarii Collection<\/span><\/span><\/h3><div class=\"wpb_text_column us_custom_c9b064ff has_text_color\"><div class=\"wpb_wrapper\"><p>Stejarii Collection este cel mai reprezentativ reper al cluburilor reziden\u021biale din Bucure\u0219ti, fiind un proiect ce reune\u0219te 10 sec\u021biuni cu acces individual \u0219i g\u0103zduie\u0219te 198 de apartamente disponibile exclusiv pentru \u00eenchiriere, cu suprafe\u021be cuprinse \u00eentre 95 \u0219i 700 mp.<\/p>\n<\/div><\/div><div class=\"w-btn-wrapper align_none\"><a class=\"w-btn us-btn-style_4 us_custom_1b04de86 icon_atright\" target=\"_blank\" href=\"https:\/\/stejarii.ro\/collection\/\" rel=\"noopener\"><span class=\"w-btn-label\">Find more<\/span><i class=\"far fa-chevron-right\"><\/i><\/a><\/div><\/div><\/div><\/div><\/div><div class=\"vc_col-sm-6 wpb_column vc_column_container\"><div class=\"vc_column-inner\"><div class=\"wpb_wrapper\"><div class=\"w-vwrapper us_custom_e3255ef7 align_none valign_top\"><div class=\"w-image us_custom_a697689b hide_on_tablets hide_on_mobiles align_center\"><div class=\"w-image-h\"><img loading=\"lazy\" decoding=\"async\" width=\"120\" height=\"120\" src=\"https:\/\/stejarii.ro\/wp-content\/uploads\/2026\/02\/logo-rezidential.png\" class=\"attachment-full size-full\" alt=\"\" srcset=\"https:\/\/stejarii.ro\/wp-content\/uploads\/2026\/02\/logo-rezidential.png 120w, https:\/\/stejarii.ro\/wp-content\/uploads\/2026\/02\/logo-rezidential-12x12.png 12w, https:\/\/stejarii.ro\/wp-content\/uploads\/2026\/02\/logo-rezidential-90x90.png 90w\" sizes=\"auto, (max-width: 120px) 100vw, 120px\" \/><\/div><\/div><div class=\"w-image align_none\"><a target=\"_blank\" href=\"https:\/\/stejarii.ro\/residential-club\/apartments\/\" rel=\"noopener\" aria-label=\"Leg\u0103tur\u0103\" class=\"w-image-h\"><img loading=\"lazy\" decoding=\"async\" width=\"1200\" height=\"1200\" src=\"https:\/\/stejarii.ro\/wp-content\/uploads\/2026\/02\/slide-2-residential-club.jpg\" class=\"attachment-full size-full\" alt=\"\" \/><\/a><\/div><h3 class=\"w-text us_custom_2bade1eb has_text_color\"><span class=\"w-text-h\"><span class=\"w-text-value\">Clubul Rezidential Stejarii<\/span><\/span><\/h3><div class=\"wpb_text_column us_custom_3a447fc0 has_text_color\"><div class=\"wpb_wrapper\"><p>Stejarii Clubul Reziden\u021bial este format din opt cl\u0103diri a c\u00e2te patru etaje fiecare, situate \u00een mijlocul p\u0103durilor extinse B\u0103neasa, ce pune la dispozi\u021bie 285 de apartamente disponibile exclusiv pentru \u00eenchiriere, cu suprafe\u021be cuprinse \u00eentre 108 \u0219i 636 mp.<\/p>\n<\/div><\/div><div class=\"w-btn-wrapper align_none\"><a class=\"w-btn us-btn-style_4 us_custom_1b04de86 icon_atright\" target=\"_blank\" href=\"https:\/\/stejarii.ro\/residential-club\/\" rel=\"noopener\"><span class=\"w-btn-label\">Find more<\/span><i class=\"far fa-chevron-right\"><\/i><\/a><\/div><\/div><\/div><\/div><\/div><\/div><\/div><\/div><\/div><\/div><\/div><\/section><section class=\"l-section wpb_row us_custom_278d8c57 height_auto full_height valign_center width_full with_video with_youtube\" id=\"videoBG\"><style>@media(max-width:1px){#us_bg_video_m8f0{display:none!important}}<\/style><div class=\"l-section-video\" id=\"us_bg_video_m8f0\"><iframe title=\"Youtube video player\" src=\"\/\/www.youtube.com\/embed\/r5bXDaA8yK8?autoplay=1&loop=1&playlist=r5bXDaA8yK8&controls=0&mute=1&iv_load_policy=3&disablekb=1&wmode=transparent\" allowfullscreen=\"1\" loading=\"lazy\"><\/iframe><\/div><div class=\"l-section-h i-cf\"><div class=\"g-cols vc_row via_flex valign_top type_default stacking_default\"><div class=\"vc_col-sm-12 wpb_column vc_column_container\"><div class=\"vc_column-inner\"><div class=\"wpb_wrapper\"><\/div><\/div><\/div><\/div><\/div><\/section><section class=\"l-section wpb_row height_medium\"><div class=\"l-section-overlay\" style=\"background:#000000\"><\/div><div class=\"l-section-h i-cf\"><div class=\"g-cols vc_row via_flex valign_top type_default stacking_default\"><div class=\"vc_col-sm-12 wpb_column vc_column_container\"><div class=\"vc_column-inner\"><div class=\"wpb_wrapper\"><div class=\"g-cols wpb_row via_flex valign_middle type_default stacking_default\"><div class=\"vc_col-sm-6 wpb_column vc_column_container\"><div class=\"vc_column-inner\"><div class=\"wpb_wrapper\"><div class=\"w-image align_none\"><div class=\"w-image-h\"><img loading=\"lazy\" decoding=\"async\" width=\"1200\" height=\"1401\" src=\"https:\/\/stejarii.ro\/wp-content\/uploads\/2026\/02\/img-3b-oak-forest.jpg\" class=\"attachment-full size-full\" alt=\"\" \/><\/div><\/div><\/div><\/div><\/div><div class=\"vc_col-sm-6 wpb_column vc_column_container\"><div class=\"vc_column-inner\"><div class=\"wpb_wrapper\"><h3 class=\"w-text us_custom_56ddcb34 has_text_color\"><span class=\"w-text-h\"><span class=\"w-text-value\">Situat \u00een<br \/>\nmijlocul unei<\/span><\/span><\/h3><p class=\"w-text us_custom_98a09209 has_text_color\"><span class=\"w-text-h\"><span class=\"w-text-value\">Paduri de Stejari<\/span><\/span><\/p><div class=\"w-separator size_medium\"><\/div><div class=\"wpb_text_column us_custom_c9b064ff has_text_color\"><div class=\"wpb_wrapper\"><p>Stejarii ofer\u0103 acces urban excelent \u0219i proximitate fa\u021b\u0103 de facilit\u0103\u021bi, precum: centre comerciale, centre de educa\u021bie \u0219i de s\u0103n\u0103tate. Acces rapid c\u0103tre centrul ora\u0219ului Bucure\u0219ti \u00een 20 minute de mers cu ma\u0219ina, \u00een timp ce Aeroportul Interna\u021bional Henri Coand\u0103 se afl\u0103 la cel mult 10 minute distan\u021b\u0103.<br \/>\nStejarii ofer\u0103 spre \u00eenchiriere apartamente elegante \u00een Nordul Bucure\u0219tiului.<\/p>\n<p>Datorit\u0103 amplas\u0103rii \u00een mijlocul p\u0103durii, calitatea aerului din Stejarii este superioar\u0103 celei din centrul ora\u0219ului, consider\u00e2nd Indicelui de Calitate al Aerului (ICA) m\u0103surat \u00een fiecare or\u0103 pentru particule \u00een suspensie (PM2.5 \u0219i PM10), cu ajutorul sta\u021biilor de m\u0103surare atestate.<\/p>\n<\/div><\/div><\/div><\/div><\/div><\/div><\/div><\/div><\/div><\/div><\/div><\/section><section class=\"l-section wpb_row height_medium\"><div class=\"l-section-overlay\" style=\"background:#000000\"><\/div><div class=\"l-section-h i-cf\"><div class=\"g-cols vc_row via_flex valign_top type_default stacking_default\"><div class=\"vc_col-sm-12 wpb_column vc_column_container\"><div class=\"vc_column-inner\"><div class=\"wpb_wrapper\"><h3 class=\"w-text us_custom_c6658d65 has_text_color\"><span class=\"w-text-h\"><span class=\"w-text-value\">Ce face Stejarii<\/span><\/span><\/h3><p class=\"w-text us_custom_73e8b6b7 has_text_color\"><span class=\"w-text-h\"><span class=\"w-text-value\">perfect pentru tine<\/span><\/span><\/p><div class=\"w-separator size_medium\"><\/div><div class=\"w-grid type_carousel layout_4142 cols_2\" id=\"us_grid_1\"><style>#us_grid_1 .w-grid-item{padding:0.6rem}#us_grid_1 .w-grid-list{margin:-0.6rem}.w-grid + #us_grid_1 .w-grid-list,.w-grid-none + #us_grid_1 .w-grid-list{margin-top:0.6rem}.layout_4142 .w-grid-item-h{}.layout_4142 .usg_post_title_1{color:#ffffff!important;font-size:30px!important;font-family:var(--font-h1)!important;font-weight:300!important;text-transform:uppercase!important;width:74%!important}.layout_4142 .usg_post_content_1{color:#ffffff!important;font-family:Lato!important}.layout_4142 .usg_vwrapper_1{padding:2.5rem!important;background:#1B2122!important}@media (min-width:1181px) and (max-width:1380px){.layout_4142 .usg_post_title_1{color:#ffffff!important;font-size:26px!important;font-family:var(--font-h1)!important;font-weight:300!important;text-transform:uppercase!important;width:82%!important}}@media (min-width:641px) and (max-width:1180px){.layout_4142 .usg_post_title_1{color:#ffffff!important;font-size:30px!important;font-family:var(--font-h1)!important;font-weight:300!important;text-transform:uppercase!important;width:100%!important}}@media (max-width:640px){.layout_4142 .usg_post_title_1{color:#ffffff!important;font-size:30px!important;font-family:var(--font-h1)!important;font-weight:300!important;text-transform:uppercase!important;width:100%!important}}<\/style><div class=\"w-grid-list owl-carousel navstyle_9 navpos_outside\" style=\"--arrows-size:1.20rem;\">\t<article class=\"w-grid-item post-4143 post type-post status-publish format-standard hentry category-lp-tiriac-air\" data-id=\"4143\">\r\n\t\t<div class=\"w-grid-item-h\">\r\n\t\t\t\t\t\t<div class=\"w-vwrapper usg_vwrapper_1 align_none valign_top\" style=\"--vwrapper-gap:1.5rem\"><h4 class=\"w-post-elm post_title usg_post_title_1 has_text_color entry-title color_link_inherit\">Decorul \u0219i \u00eemprejurimile<\/h4><div class=\"w-post-elm post_content usg_post_content_1 has_text_color\"><p>E\u0219ti ascuns \u00een mijlocul a 250 de hectare de p\u0103dure de stejari, la marginea de nord a Bucure\u0219tiului, chiar l\u00e2ng\u0103 P\u0103durea B\u0103neasa. \u00centregul loc este modelat de natur\u0103, cu priveli\u0219ti panoramice \u0219i o \u00eentindere larg\u0103 de p\u0103dure vizibil\u0103 din aproape orice unghi. Calitatea aerului exterior este cea mai bun\u0103 pe care o vei g\u0103si \u00een ora\u0219, iar terenul include gr\u0103dini botanice \u0219i izvoare naturale.<\/p>\n<\/div><\/div>\t\t<\/div>\r\n\t<\/article>\r\n\t<article class=\"w-grid-item post-4145 post type-post status-publish format-standard hentry category-lp-tiriac-air\" data-id=\"4145\">\r\n\t\t<div class=\"w-grid-item-h\">\r\n\t\t\t\t\t\t<div class=\"w-vwrapper usg_vwrapper_1 align_none valign_top\" style=\"--vwrapper-gap:1.5rem\"><h4 class=\"w-post-elm post_title usg_post_title_1 has_text_color entry-title color_link_inherit\">O comunitate construit\u0103 pentru intimitate \u0219i siguran\u021b\u0103<\/h4><div class=\"w-post-elm post_content usg_post_content_1 has_text_color\"><p>Accesul este controlat discret din momentul sosirii, cu securitate non-stop \u0219i discre\u021bie deplin\u0103. Copiii se pot plimba \u00een siguran\u021b\u0103 afar\u0103, \u00eentr-un mediu \u00eenchis, \u00een timp ce reziden\u021bii se bucur\u0103 doar de alei pietonale supraterane. Este un cartier construit \u00een jurul \u00eencrederii, calmului \u0219i standardelor \u00eenalte.<\/p>\n<\/div><\/div>\t\t<\/div>\r\n\t<\/article>\r\n\t<article class=\"w-grid-item post-4147 post type-post status-publish format-standard hentry category-lp-tiriac-air\" data-id=\"4147\">\r\n\t\t<div class=\"w-grid-item-h\">\r\n\t\t\t\t\t\t<div class=\"w-vwrapper usg_vwrapper_1 align_none valign_top\" style=\"--vwrapper-gap:1.5rem\"><h4 class=\"w-post-elm post_title usg_post_title_1 has_text_color entry-title color_link_inherit\">Stilul de via\u021b\u0103 \u0219i via\u021ba de zi cu zi<\/h4><div class=\"w-post-elm post_content usg_post_content_1 has_text_color\"><p>Loca\u021bia v\u0103 plaseaz\u0103 la zece minute de centrul ora\u0219ului \u0219i la zece minute de aeroport, dar via\u021ba de zi cu zi nu necesit\u0103 deloc p\u0103r\u0103sirea comunit\u0103\u021bii. Exist\u0103 magazine de proximitate, un bistro cu concept nou, un club social \u0219i chiar o gr\u0103dini\u021b\u0103 care urmeaz\u0103 programa britanic\u0103. Familiile beneficiaz\u0103 de o comunitate interna\u021bional\u0103 unde copiii au parte de expunere \u0219i activit\u0103\u021bi adaptate nevoilor lor.<\/p>\n<\/div><\/div>\t\t<\/div>\r\n\t<\/article>\r\n<\/div><div class=\"g-preloader type_5\">\r\n\t<div><\/div>\r\n<\/div>\r\n\t<div class=\"w-grid-json hidden\" onclick='return {&quot;action&quot;:&quot;us_ajax_grid&quot;,&quot;ajax_url&quot;:&quot;https:\\\/\\\/stejarii.ro\\\/wp-admin\\\/admin-ajax.php&quot;,&quot;infinite_scroll&quot;:0,&quot;max_num_pages&quot;:1,&quot;pagination&quot;:&quot;none&quot;,&quot;permalink_url&quot;:&quot;https:\\\/\\\/stejarii.ro\\\/ro\\\/wp-json\\\/wp\\\/v2\\\/pages\\\/4120&quot;,&quot;template_vars&quot;:{&quot;columns&quot;:&quot;2&quot;,&quot;exclude_items&quot;:&quot;none&quot;,&quot;img_size&quot;:&quot;default&quot;,&quot;ignore_items_size&quot;:0,&quot;items_layout&quot;:&quot;4142&quot;,&quot;items_offset&quot;:&quot;1&quot;,&quot;load_animation&quot;:&quot;none&quot;,&quot;overriding_link&quot;:&quot;none&quot;,&quot;post_id&quot;:4120,&quot;query_args&quot;:{&quot;post_type&quot;:[&quot;post&quot;],&quot;tax_query&quot;:[{&quot;taxonomy&quot;:&quot;category&quot;,&quot;field&quot;:&quot;slug&quot;,&quot;terms&quot;:[&quot;lp-tiriac-air&quot;]}],&quot;post_status&quot;:[&quot;publish&quot;,&quot;acf-disabled&quot;],&quot;posts_per_page&quot;:&quot;10&quot;},&quot;orderby_query_args&quot;:{&quot;orderby&quot;:{&quot;date&quot;:&quot;ASC&quot;}},&quot;type&quot;:&quot;carousel&quot;,&quot;us_grid_ajax_index&quot;:1,&quot;us_grid_filter_params&quot;:null,&quot;us_grid_index&quot;:1,&quot;_us_grid_post_type&quot;:&quot;post&quot;},&quot;carousel_settings&quot;:{&quot;autoHeight&quot;:0,&quot;autoplay&quot;:1,&quot;carousel_fade&quot;:0,&quot;center&quot;:0,&quot;dots&quot;:0,&quot;items&quot;:&quot;2&quot;,&quot;loop&quot;:true,&quot;nav&quot;:1,&quot;slideby&quot;:&quot;1&quot;,&quot;smooth_play&quot;:0,&quot;speed&quot;:250,&quot;timeout&quot;:5000,&quot;transition&quot;:&quot;&quot;,&quot;aria_labels&quot;:{&quot;prev&quot;:&quot;Anterior&quot;,&quot;next&quot;:&quot;Urm\\u0103tor&quot;}},&quot;carousel_breakpoints&quot;:{&quot;0&quot;:{&quot;autoHeight&quot;:0,&quot;autoplay&quot;:1,&quot;autoplayHoverPause&quot;:1,&quot;items&quot;:1,&quot;loop&quot;:true,&quot;stagePadding&quot;:0},&quot;641&quot;:{&quot;autoHeight&quot;:0,&quot;autoplay&quot;:1,&quot;autoplayHoverPause&quot;:1,&quot;items&quot;:1,&quot;loop&quot;:true,&quot;stagePadding&quot;:100},&quot;1181&quot;:{&quot;autoHeight&quot;:0,&quot;autoplay&quot;:1,&quot;autoplayHoverPause&quot;:1,&quot;items&quot;:2,&quot;loop&quot;:true,&quot;stagePadding&quot;:100},&quot;1381&quot;:{&quot;items&quot;:2,&quot;stagePadding&quot;:100}}}'><\/div>\r\n\t<\/div><\/div><\/div><\/div><\/div><\/div><\/section>","protected":false},"excerpt":{"rendered":"The location puts you ten minutes from downtown and ten minutes from the airport, but daily life doesn\u2019t require leaving the community at all. There are proximity shops, a new concept bistro, a social club, and even a preschool following the British curriculum. Families benefit from an international community where children get exposure and activities...","protected":false},"author":11,"featured_media":0,"parent":0,"menu_order":0,"comment_status":"closed","ping_status":"closed","template":"","meta":{"_acf_changed":false,"_lmt_disableupdate":"no","_lmt_disable":"","footnotes":""},"class_list":["post-4120","page","type-page","status-publish","hentry"],"acf":[],"_links":{"self":[{"href":"https:\/\/stejarii.ro\/ro\/wp-json\/wp\/v2\/pages\/4120","targetHints":{"allow":["GET"]}}],"collection":[{"href":"https:\/\/stejarii.ro\/ro\/wp-json\/wp\/v2\/pages"}],"about":[{"href":"https:\/\/stejarii.ro\/ro\/wp-json\/wp\/v2\/types\/page"}],"author":[{"embeddable":true,"href":"https:\/\/stejarii.ro\/ro\/wp-json\/wp\/v2\/users\/11"}],"replies":[{"embeddable":true,"href":"https:\/\/stejarii.ro\/ro\/wp-json\/wp\/v2\/comments?post=4120"}],"version-history":[{"count":40,"href":"https:\/\/stejarii.ro\/ro\/wp-json\/wp\/v2\/pages\/4120\/revisions"}],"predecessor-version":[{"id":4238,"href":"https:\/\/stejarii.ro\/ro\/wp-json\/wp\/v2\/pages\/4120\/revisions\/4238"}],"wp:attachment":[{"href":"https:\/\/stejarii.ro\/ro\/wp-json\/wp\/v2\/media?parent=4120"}],"curies":[{"name":"wp","href":"https:\/\/api.w.org\/{rel}","templated":true}]}}