{"id":4189,"date":"2026-03-11T16:50:20","date_gmt":"2026-03-11T14:50:20","guid":{"rendered":"https:\/\/stejarii.ro\/?page_id=4189"},"modified":"2026-03-11T17:08:50","modified_gmt":"2026-03-11T15:08:50","slug":"terms-and-conditions","status":"publish","type":"page","link":"https:\/\/stejarii.ro\/ro\/terms-and-conditions\/","title":{"rendered":"TERMENI SI CONDITII"},"content":{"rendered":"<section class=\"l-section wpb_row us_custom_8b6842f7 height_medium width_full\"><div class=\"l-section-h i-cf\"><div class=\"g-cols vc_row via_flex valign_top type_default stacking_default\"><div class=\"vc_col-sm-12 wpb_column vc_column_container\"><div class=\"vc_column-inner\"><div class=\"wpb_wrapper\"><h1 style=\"text-align: left\" class=\"vc_custom_heading us_custom_925e65d7\" >TERMENI SI CONDITII<\/h1><div class=\"w-hwrapper us_custom_539f15ee align_none valign_middle\" style=\"--hwrapper-gap:3rem\"><div class=\"wpb_text_column us_custom_8b3d6790 has_text_color\"><div class=\"wpb_wrapper\"><p>Ultima actualizare:<\/p>\n<\/div><\/div><time class=\"w-post-elm post_date entry-date updated\" datetime=\"2026-03-11T17:08:50+02:00\"><i class=\"fas fa-calendar\"><\/i>11th martie 2026<\/time><\/div><div class=\"g-cols wpb_row us_custom_02041a73 via_flex valign_top type_default stacking_default\"><div class=\"vc_col-sm-12 wpb_column vc_column_container\"><div class=\"vc_column-inner\"><div class=\"wpb_wrapper\"><div class=\"wpb_text_column us_custom_e4ba14ad has_text_color\"><div class=\"wpb_wrapper\"><p class=\" translation-block\">Bine ati venit pe <a href=\"https:\/\/stejarii.ro\" target=\"_self\">www.stejarii.ro<\/a>!<\/p>\n<p class=\" translation-block\">Va invitam sa cititi cu atentie acest document -  Termeni si Conditii, precum si Politica de protectie a datelor cu caracter personal <a href=\"http:\/\/www.stejarii.ro\"><strong>www.stejarii.ro<\/strong><\/a> Stejarii \u2013 Clubul Rezidential, care reglementeaza activitatea de navigare pe website, precum si relatia noastra cu vizitatorii.<\/p>\n<p class=\" translation-block\">Designul si continutul website-ului <a href=\"http:\/\/www.stejarii.ro\"><strong>www.stejarii.ro<\/strong><\/a> apartin in exclusivitate Societatii <strong>MASTERANGE ROMANIA S.R.L.<\/strong> cu sediul social in <strong>\u015eos. Nordului, 24-26, sector 1, Bucure\u015fti<\/strong> inregistrata la Oficiul Registrului Comertului de pe langa Tribunalul Bucuresti sub numarul <strong>J40\/3330\/2003<\/strong>, having CUI <strong>15262492<\/strong> atribut fiscal RO, si sunt protejate de legislatia privind proprietatea intelectuala.<\/p>\n<p><strong>DEFINITII<\/strong><\/p>\n<p class=\" translation-block\">Termenii  \u201c<strong>site<\/strong>\u201c,  \u201c<strong>acest site<\/strong> si<strong> site-ul<\/strong> folositi in acest document se refera la site-ul <a href=\"http:\/\/www.stejarii.ro\"><strong>www.stejarii.ro<\/strong><\/a>.<\/p>\n<p class=\" translation-block\"><strong>Vizitator<\/strong> orice persoana care acceseaza site-ul <a href=\"http:\/\/www.stejarii.ro\"><strong>www.stejarii.ro<\/strong><\/a> indiferent de motiv.<\/p>\n<p class=\" translation-block\">Prin <strong>continut<\/strong>\u201d se intelege:<\/p>\n<ul>\n<li>toate informatiile de pe site care pot fi vizualizate sau altfel accesate prin utilizarea unui echipament adecvat;<\/li>\n<li class=\" translation-block\">informatii legate de produsele, evenimentele, nout\u0103\u0163ile, ofertele speciale, serviciile oferite de MASTERANGE ROMANIA S.R.L. intr-o anumita perioada. <strong>MASTERANGE ROMANIA S.R.L. <\/strong>intr-o anumita perioada.<\/li>\n<\/ul>\n<p class=\" translation-block\"><p><strong>Comanda (formular de comunicare<\/strong> \u2013 <strong>solicitare)<\/strong> un document electronic ce intervine ca forma de comunicare intre <strong>MASTERANGE ROMANIA S.R.L.<\/strong> si o persoan\u0103 fizic\u0103, prin care aceasta transmite Societatii <strong>MASTERANGE ROMANIA S.R.L.<\/strong>. - prin intermediul site-ului <a href=\"http:\/\/www.stejarii.ro\"><strong>www.stejarii.ro<\/strong><\/a> solicitarea de ofert\u0103.<\/p><\/p>\n<p class=\" translation-block\"><p><strong>Date personale<\/strong> informatiile pe care le colectam de la dumneavoastra, pe baza carora puteti fi identificat. A se vedea Politica privind protec\u0163ia datelor cu caracter personal <a href=\"http:\/\/www.stejarii.ro\"><strong>www.stejarii.ro<\/strong><\/a> Stejarii \u2013 Clubul Rezidential.<\/p><\/p>\n<p><strong>\u00a0<\/strong><\/p>\n<p><strong>ACCEPTAREA \u201dTERMENILOR SI CONDITIILOR\u201d<\/strong><\/p>\n<p class=\" translation-block\"><p>Inainte de a viziona website-ul <a href=\"http:\/\/www.stejarii.ro\"><strong>www.stejarii.ro<\/strong><\/a> va rugam sa cititi cu atentie precizarile urmatoare. Ele stabilesc termenii si conditiile utilizarii de catre dumneavoastra a tuturor materialelor care alcatuiesc website-ul <a href=\"http:\/\/www.stejarii.ro\"><strong>www.stejarii.ro<\/strong><\/a>. Accesarea site-ului presupune acceptarea tuturor Termenilor si Conditiilor publicate, acestea avand valoare contractuala deplina.<\/p><\/p>\n<p class=\" translation-block\"><p>Website-ul <a href=\"http:\/\/www.stejarii.ro\"><strong>www.stejarii.ro<\/strong><\/a> utilizeaza diferite tipuri de cookies. Toate informatiile specifice privind cookie-urile utilizate de acest site pot fi consultate in cadrul Politicii de cookie-uri.<\/p><\/p>\n<p class=\" translation-block\"><p><strong>MASTERANGE ROMANIA S.R.L.<\/strong> isi rezerva dreptul de a modifica in orice moment continutul website-ului. Folosirea in continuare a site-ului de catre utilizator \/ vizitator constituie un raspuns afirmativ de acceptare a modificarilor aduse prezentului document.<\/p><\/p>\n<p><strong>\u00a0<\/strong><\/p>\n<p><strong>CONTINUTUL SITE-ULUI <\/strong><\/p>\n<p class=\" translation-block\"><p>Continutul, astfel cum este definit, incluzand, dar nelimitandu-se la logo-uri, reprezentari stilizate, simboluri comerciale, imagini statice, imagini dinamice, text si\/sau continut multimedia, precum si alte elemente incorporand drepturi de proprietate intelectuala, prezentate pe site sunt proprietatea exclusiva a societatii <strong>MASTERANGE ROMANIA SRL<\/strong>, acesteia fiindu-i rezervate toate drepturile obtinute in acest sens, in mod direct sau indirect (prin licente de utilizare si\/sau publicare).<\/p><\/p>\n<p>Utilizatorilor nu le este permisa copierea, distribuirea, publicarea, transferul catre terte parti, modificarea si\/sau alterarea in alt mod, utilizarea, expunerea, includerea oricarui continut in orice alt context decat cel original.<\/p>\n<p class=\" translation-block\"><p>Informatiile publicate pe site-ul <a href=\"http:\/\/www.stejarii.ro\"><strong>www.stejarii.ro<\/strong><\/a> sunt informatii de interes general despre <strong>MASTERANGE ROMANIA S.R.L.<\/strong>, produsele comercializate de partenerii sai, dupa caz, cat si alte informatii considerate de <strong>MASTERANGE ROMANIA S.R.L.<\/strong> ca fiind de interes pentru utilizatori \u015fi\/sau vizitatori.<\/p><\/p>\n<p class=\" translation-block\"><p><strong>MASTERANGE ROMANIA S.R.L.<\/strong> isi rezerva dreptul sa completeze si sa modifice orice informatie de pe site-ul <a href=\"http:\/\/www.stejarii.ro\"><strong>www.stejarii.ro<\/strong><\/a>.<\/p><\/p>\n<p class=\" translation-block\"><p><strong>MASTERANGE ROMANIA S.R.L.<\/strong> isi rezerva dreptul de a corecta eventuale omisiuni sau erori in afisare care pot surveni in urma unor greseli de dactilografiere, lipsa de acuratete sau erori ale produselor software.<\/p><\/p>\n<p><strong>COPYRIGHT<\/strong><\/p>\n<p class=\" translation-block\"><p>Continutul site-ului <a href=\"http:\/\/www.stejarii.ro\"><strong>www.stejarii.ro<\/strong><\/a> imagini, texte, grafice, simboluri, elemente de grafica WEB, scripturi, programe si alte date \u2013 este proprietatea Societatii <strong>MASTERANGE ROMANIA S.R.L.<\/strong> si a furnizorilor sai si este aparat de legea pentru protectia drepturilor de autor.<\/p><\/p>\n<p class=\" translation-block\"><p>Asadar, folosirea in scopuri comerciale, fara acordul <strong>MASTERANGE ROMANIA S.R.L.<\/strong>a oricaruia dintre elementele enumerate mai sus poate atrage r\u0103spunderea personelor respective conform legilor in vigoare. Niciun material de pe site nu poate fi reprodus partial sau integral si\/sau modificat fara acordul expres prealabil scris al titularului dreptului de proprietate intelectuala.<\/p><\/p>\n<p><strong>ACCES<\/strong><\/p>\n<ol>\n<li class=\" translation-block\">Accesul in website-ul <a href=\"http:\/\/www.stejarii.ro\"><strong>stejarii.ro<\/strong><\/a> este liber si nu necesita configurarea unui utilizator.<\/li>\n<li class=\" translation-block\">Utilizarea formularului de contact \u2013 necesit\u0103 furnizarea de date cu caracter personal; a se vedea Politica privind protec\u0163ia datelor cu caracter personal <a href=\"http:\/\/www.stejarii.ro\"><strong>stejarii.ro<\/strong><\/a> Stejarii \u2013 Clubul rezidential.<\/li>\n<\/ol>\n<p>Dac\u0103 ve\u0163i furniza date false sau datele unei alte persoane, raspunderea este strict a dumneavoastra, conform legii, dar Masterange Romania S.R.L. va \u015fterge astfel de informatii.<\/p>\n<p><strong>LEGATURI<\/strong><\/p>\n<p class=\" translation-block\"><p>Website-ul <a href=\"http:\/\/www.stejarii.ro\"><strong>www.stejarii.ro<\/strong><\/a> pot gazdui legaturi (link-uri) catre alte site-uri World Wide Web sau alte resurse. Raspunderea pentru aceste site-uri o poarta in intregime proprietarii acestora.<\/p><\/p>\n<p class=\" translation-block\"><p><strong>MASTERANGE ROMANIA S.R.L.<\/strong> nu isi asuma responsabilitatea pentru nicio paguba sau pierdere cauzata sau presupusa a fi cauzata de informatiile furnizate prin site-ul <a href=\"http:\/\/www.stejarii.ro\"><strong>www.stejarii.ro<\/strong><\/a> \u015fi nici de sau resursele spre care trimit  link-urile men\u0163ionate \u00een acest document.<\/p><\/p>\n<p><strong>POLITICA DE CONFIDEN\u021aIALITATE A DATELOR CU CARACTER PERSONAL <\/strong><\/p>\n<p>Prelucrarea datelor cu caracter personal este efectuat\u0103 \u00een conformitate cu \u015fi pentru scopurile prev\u0103zute \u00een Politica de Confiden\u021bialitate, respectiv \u00een Politica de cookies.<\/p>\n<p><strong>PARTENERI<\/strong><\/p>\n<p>Pentru promovarea prin intermediul site-ului a diferitelor m\u0103rci \u015fi\/sau produse, orice nelamuriri referitoare la o anumit\u0103 marca sau la un anumit produs, referitoare la calitatea produselor, autenticitatea marcii si nu numai, solicitan\u0163ii se pot adresa reprezentantului marcii respective sau importatorului din Romania folosind informatiile disponibile public.<\/p>\n<p><strong>DECLINAREA RESPONSABILITATII<\/strong><\/p>\n<p class=\" translation-block\"><p>O parte din continutul site-ului <a href=\"http:\/\/www.stejarii.ro\"><strong>www.stejarii.ro<\/strong><\/a>, respectiv textele, descrierile, caracteristicile, imaginile si simbolurile, este pusa la dispozitia noastra de diver\u015fi parteneri. Din acest motiv, <strong>MASTERANGE ROMANIA S.R.L.<\/strong> nu isi asuma responsabilitatea pentru prejudiciile create de erorile, lipsa de acuratete sau neactualizarea informatiilor publicate sau mentinute pe site.<\/p><\/p>\n<p class=\" translation-block\"><p>Imaginile prezentate pe site-ul <a href=\"http:\/\/www.stejarii.ro\"><strong>www.stejarii.ro<\/strong><\/a> au rol exemplificativ. Uneori pot ap\u0103rea diferen\u0163e \u00eentre prezent\u0103rile incluse \u00een con\u0163inutul site-ului \u015fi produsele si\/sau serviciile partenerilor no\u015ftri care pot fi diferite in orice mod (configurare, culoare, accesorii, aspect, ambient, etc.).<\/p><\/p>\n<p class=\" translation-block\"><p><strong>MASTERANGE ROMANIA S.R.L. <\/strong>nu isi asuma responsabilitatea pentru actualizarea in timp real a intregului continut gazduit pe website.<\/p><\/p>\n<p><strong>\u00a0<\/strong><\/p>\n<p class=\" translation-block\"><p><strong>MASTERANGE ROMANIA S.R.L. <\/strong>nu este responsabila pentru greselile de tiparire, erorile de redactare sau  caracteristicilor, imaginilor produsele sau serviciilor afisate pe website-ul <a href=\"http:\/\/www.stejarii.ro\"><strong>www.stejarii.ro<\/strong><\/a>.<\/p><\/p>\n<p class=\" translation-block\"><p><strong>MASTERANGE ROMANIA S.R.L. <\/strong>nu raspunde pentru pagubele, costurile, procesele, pretentiile sau cheltuielile aparute ca urmare a nerespectarii de catre utilizatori a \u201eTermenilor si conditiilor\u201d.<\/p><\/p>\n<p class=\" translation-block\"><p><strong>MASTERANGE ROMANIA S.R.L. <\/strong>nu este responsabila pentru greselile de tiparire, erorile de redactare sau  caracteristicilor, imaginilor produsele sau serviciilor afisate pe website-ul <a href=\"http:\/\/www.stejarii.ro\"><strong>www.stejarii.ro<\/strong><\/a> precum si pentru cele rezultand din imposibilitatea de accesare a anumitor link-uri afisate pe acestea.<\/p><\/p>\n<p><strong>LEGEA APLICABIL\u0102<\/strong><\/p>\n<p>Termenii \u0219i Condi\u021biile prezente \u0219i utilizarea prezentului site sunt guvernate de legile din Rom\u00e2nia. \u00cen caz de apari\u021bie a unor dispute cu privire la Termeni \u0219i Condi\u021biile prezente, se va \u00eencerca o rezolvare pe cale amiabil\u0103 \u00eentre p\u0103r\u021bile implicate. \u00cen cazul \u00een care nu se ajunge la nicio \u00een\u021belegere \u00een acest mod, litigiile vor fi solu\u021bionate de instan\u021bele judec\u0103tore\u0219ti competente din Rom\u00e2nia.<\/p>\n<p><strong>FRAUDA<\/strong><\/p>\n<p class=\" translation-block\"><p>ORICE INCERCARE DE A MODIFICA CONTINUTUL SITE-ULUI <a href=\"http:\/\/www.stejarii.ro\"><strong>www.stejarii.ro<\/strong><\/a> SAU DE A AFECTA FUNCTIONAREA ORIC\u0102RUI SERVER CARE GAZDUIE\u015eTE SITE-UL VA FI CONSIDERATA O TENTATIVA DE FRAUDARE A ACESTORA SI VA PUTEA AVEA DREPT CONSECINTA ATRAGEREA R\u0102SPUNDERII AUTORULUI SAU AUTORILOR ACESTOR FAPTE.<\/p><\/p>\n<p class=\" translation-block\"><p>IN CAZUL IN CARE NU AGREATI CONDITIILE SI TERMENII MAI-SUS ARATATE VA RUGAM SA NU ACCESA\u0162I SITE-UL <a href=\"http:\/\/www.stejarii.ro\"><strong>www.stejarii.ro<\/strong><\/a> SI SA INCHIDETI DE INDATA PAGINA DE WEB <a href=\"http:\/\/www.stejarii.ro\"><strong>www.stejarii.ro<\/strong><\/a>.<\/p><\/p>\n<\/div><\/div><\/div><\/div><\/div><\/div><\/div><\/div><\/div><\/div><\/div><\/section>","protected":false},"excerpt":{"rendered":"TERMS AND CONDITIONSLast updated on: 11th martie 2026Welcome to www.stejarii.ro! We invite you to read this document carefully &#8211; Terms and Conditions, as well as the Privacy Policy of the personal data www.stejarii.ro Stejarii \u2013 Residential Club, which regulates the browsing activity on the website, as well as our relationship with visitors. The design and...","protected":false},"author":11,"featured_media":0,"parent":0,"menu_order":0,"comment_status":"closed","ping_status":"closed","template":"","meta":{"_acf_changed":false,"_lmt_disableupdate":"no","_lmt_disable":"","footnotes":""},"class_list":["post-4189","page","type-page","status-publish","hentry"],"acf":[],"_links":{"self":[{"href":"https:\/\/stejarii.ro\/ro\/wp-json\/wp\/v2\/pages\/4189","targetHints":{"allow":["GET"]}}],"collection":[{"href":"https:\/\/stejarii.ro\/ro\/wp-json\/wp\/v2\/pages"}],"about":[{"href":"https:\/\/stejarii.ro\/ro\/wp-json\/wp\/v2\/types\/page"}],"author":[{"embeddable":true,"href":"https:\/\/stejarii.ro\/ro\/wp-json\/wp\/v2\/users\/11"}],"replies":[{"embeddable":true,"href":"https:\/\/stejarii.ro\/ro\/wp-json\/wp\/v2\/comments?post=4189"}],"version-history":[{"count":2,"href":"https:\/\/stejarii.ro\/ro\/wp-json\/wp\/v2\/pages\/4189\/revisions"}],"predecessor-version":[{"id":4200,"href":"https:\/\/stejarii.ro\/ro\/wp-json\/wp\/v2\/pages\/4189\/revisions\/4200"}],"wp:attachment":[{"href":"https:\/\/stejarii.ro\/ro\/wp-json\/wp\/v2\/media?parent=4189"}],"curies":[{"name":"wp","href":"https:\/\/api.w.org\/{rel}","templated":true}]}}