{"id":4190,"date":"2026-03-11T16:50:40","date_gmt":"2026-03-11T14:50:40","guid":{"rendered":"https:\/\/stejarii.ro\/?page_id=4190"},"modified":"2026-03-11T17:06:31","modified_gmt":"2026-03-11T15:06:31","slug":"cookies-policy","status":"publish","type":"page","link":"https:\/\/stejarii.ro\/ro\/cookies-policy\/","title":{"rendered":"POLITIC\u0102 PRIVIND UTILIZAREA MODULELOR COOKIE"},"content":{"rendered":"<section class=\"l-section wpb_row us_custom_8b6842f7 height_medium width_full\"><div class=\"l-section-h i-cf\"><div class=\"g-cols vc_row via_flex valign_top type_default stacking_default\"><div class=\"vc_col-sm-12 wpb_column vc_column_container\"><div class=\"vc_column-inner\"><div class=\"wpb_wrapper\"><h1 style=\"text-align: left\" class=\"vc_custom_heading us_custom_925e65d7\" >POLITIC\u0102 PRIVIND UTILIZAREA MODULELOR COOKIE<\/h1><div class=\"w-hwrapper us_custom_539f15ee align_none valign_middle\" style=\"--hwrapper-gap:3rem\"><div class=\"wpb_text_column us_custom_8b3d6790 has_text_color\"><div class=\"wpb_wrapper\"><p>Ultima actualizare:<\/p>\n<\/div><\/div><time class=\"w-post-elm post_date entry-date updated\" datetime=\"2026-03-11T17:06:31+02:00\"><i class=\"fas fa-calendar\"><\/i>11th martie 2026<\/time><\/div><div class=\"g-cols wpb_row us_custom_02041a73 via_flex valign_top type_default stacking_default\"><div class=\"vc_col-sm-12 wpb_column vc_column_container\"><div class=\"vc_column-inner\"><div class=\"wpb_wrapper\"><\/div><\/div><\/div><\/div><div class=\"g-cols wpb_row us_custom_02041a73 via_flex valign_top type_default stacking_default\"><div class=\"vc_col-sm-12 wpb_column vc_column_container\"><div class=\"vc_column-inner\"><div class=\"wpb_wrapper\"><div class=\"wpb_text_column us_custom_e4ba14ad has_text_color\"><div class=\"wpb_wrapper\"><p><strong>Informa\u021bii cu privire la cookie-uri \u0219i identificatori online<\/strong><\/p>\n<p>Aceast\u0103 informare v\u0103 ofer\u0103 informa\u021bii generale cu privire la modul \u00een care navigarea pe website-ul nostru conduce la plasarea \u0219i utilizarea de cookie-uri, identificatori online \u0219i alte tehnologii similare, respectiv serviciile care le folosesc. Acestea sunt plasate \u0219i folosite, dup\u0103 caz, pentru:<\/p>\n<ul>\n<li>a face posibil\u0103 navigarea \u0219i a re\u021bine op\u021biunea dvs. cu privire la aceste cookie-uri sau alte tehnologii similare,<\/li>\n<li>pentru a cre\u0219te securitatea navig\u0103rii pe website,<\/li>\n<li>pentru a oferi o experien\u021b\u0103 mai bun\u0103 de navigare, respectiv pentru a \u00eembun\u0103t\u0103\u021bi \u0219i adapta func\u021bionarea website-ului \u0219i a face con\u021binutul \u0219i modul de navigare c\u00e2t mai relevant, prietenos \u0219i adecvat,<\/li>\n<li>pentru a \u00een\u021belege mai bine cine \u0219i cum ne viziteaz\u0103 website-ul, pentru a ne putea \u00eembun\u0103t\u0103\u021bi permanent activitatea sau<\/li>\n<li>pentru a se selecta \u0219i prezenta reclame de interes pentru vizitatorii wesite-ului.<\/li>\n<\/ul>\n<p><strong>Cine suntem \u0219i cum ne pute\u021bi contacta<\/strong><\/p>\n<p>Website-ul <a href=\"http:\/\/www.stejarii.ro\">www.stejarii.ro<\/a> este de\u021binut \u0219i operat de <strong>MASTERANGE ROMANIA S.R.L. <\/strong>(denumit\u0103 \u00een continuare \u201eMasterange\u201c sau \u201dnoi\u201d), cu sediul \u00een Bucure\u0219ti, \u0218oseaua Nordului, nr. 24-26, etaj 2, camera 25, sector 1, \u00eenregistrat\u0103 la Registrul Comer\u021bului sub nr. J2003003330402, CIF RO 15262492.<\/p>\n<p>\u00cen cazul \u00een care ave\u021bi \u00eentreb\u0103ri legate de cookie-uri \u0219i identificatori online, ne pute\u021bi contacta la adresa de mai sus sau pe e-mailul responsabilului cu protec\u021bia datelor cu caracter personal, <a href=\"mailto:dataprotection@tiriacimobiliare.ro\">dataprotection@tiriacimobiliare.ro<\/a>.<\/p>\n<p><strong>Ce sunt cookie-urile \u0219i identificatorii online <\/strong><\/p>\n<p>Cookies sunt mici fi\u0219iere text plasate de website-ul\/pagina vizitat\/\u0103, prin browser, pe dispozitivul pe care \u00eel folosi\u021bi pentru navigare (calculator, smartphone etc.), care identific\u0103 acest browser \u0219i\/sau dispozitivul atunci c\u00e2nd website-ul\/pagina este accesat\/\u0103, iar plug-ins sunt mici aplica\u021bii software plasate de furnizori de platforme social media ce le integreaz\u0103 atunci c\u00e2nd sunt incluse pe website\/pagina vizitat\/\u0103.<\/p>\n<p>Ori de c\u00e2te ori naviga\u021bi prima dat\u0103 sau reveni\u021bi la website-ul nostru, aceste mici fi\u0219iere din browser-ul dvs. comunic\u0103 cu serverul care a plasat cookie-ul. Ace\u0219ti identificatori pot astfel furniza o serie de servicii \u2013 de exemplu, pot re\u021bine ce set\u0103ri de limb\u0103 \u0219i m\u0103rime a caracterelor de afi\u0219are prefera\u021bi, dac\u0103 tipicul de accesare a website-ului este al unui utilizator uman sau este vorba despre un botnet, caz \u00een care se pot declan\u0219a instrumente de alertare \u0219i securitate online etc.<\/p>\n<p><strong>Cine poate plasa cookie-uri \u0219i identificatori online<\/strong><\/p>\n<p>Cookie-urile \u0219i identificatorii online pot fi plasa\u021bi, atunci c\u00e2nd naviga\u021bi pe website-ul nostru, chiar de c\u0103tre serverul nostru (cookie-uri de prim\u0103 parte) sau de c\u0103tre domenii ter\u021be (cookie-uri de ter\u021b\u0103 parte), de exemplu, plug-in-urile plasate de platformele sociale \u0219i care primesc un semnal atunci c\u00e2nd vizita\u021bi website-ul nostru, dar \u00een mod similar primesc \u0219i atunci c\u00e2nd vizita\u021bi alte website-uri care au plug-in-ul respectiv integrat.<\/p>\n<p>Cookie-urile de ter\u021b\u0103 parte sunt de regul\u0103 plasate pentru a facilita furnizarea de publicitate online \u0219i urm\u0103rirea eficien\u021bei rezultatelor acesteia. \u00cencep\u00e2nd din 2020, au evoluat spre noi modalit\u0103\u021bi de interac\u021biune cu utilizatorii diverselor website-uri, cum este de pild\u0103 <a href=\"https:\/\/privacysandbox.com\">Privacy Sandbox<\/a> sau <a href=\"https:\/\/support.google.com\/google-ads\/answer\/10000067?hl=ro&amp;sjid=6822071387719087235-EU\">Google Consent Mode<\/a>, care de exemplu permite website-urilor s\u0103 ruleze servicii bazate pe Google \u00een temeiul consim\u021b\u0103m\u00e2ntului exprimat de utilizatorul website-ului.<\/p>\n<p>Pute\u021bi afla ce cookie-uri sau al\u021bi identificatori de prim\u0103 parte sau de ter\u021b\u0103 parte folosim \u0219i detalii despre datele colectate \u0219i cum sunt folosite dac\u0103 studia\u021bi <strong>Lista noastr\u0103 detaliat\u0103 de Cookie-uri<\/strong>, unde pute\u021bi s\u0103 v\u0103 \u0219i exprima\u021bi op\u021biunea cu privire la fiecare.<\/p>\n<p><strong>Care sunt scopurile \u0219i temeiurile folosirii cookie-urilor<\/strong><\/p>\n<p>Cookie-urile sunt considerate <strong>necesare<\/strong> atunci c\u00e2nd se folosesc exclusiv \u00een scopul efectu\u0103rii transmisiei unei comunic\u0103ri printr-o re\u0163ea de comunica\u0163ii electronice sau c\u00e2nd opera\u021biunile \u00eendeplinite de cookie-uri \u00een vederea furniz\u0103rii unui serviciu al societ\u0103\u0163ii informa\u0163ionale (de pild\u0103, accesul la website), solicitat \u00een mod expres de c\u0103tre utilizator. Pentru acest tip de cookie-uri nu este nevoie de consim\u021b\u0103m\u00e2ntul utilizatorului, pentru c\u0103 serve\u0219te at\u00e2t interesului s\u0103u (permi\u021b\u00e2nd comunicarea \u0219i\/sau alt serviciu solicitat), c\u00e2t \u0219i interesului legitim al titularului website-ului \u0219i, dup\u0103 caz, respect\u0103rii legii, care poate impune cerin\u021be de securitate cibernetic\u0103.<\/p>\n<p>Cookie-urile <strong>de preferin\u021be<\/strong> sunt folosite pentru a re\u021bine preferin\u021bele utilizatorului website-ului\/paginii, astfel \u00eenc\u00e2t alegerea din nou a preferin\u021belor \u00een caz de vizit\u0103 ulterioar\u0103 s\u0103 nu mai fie necesar\u0103. Cookie-uri de <strong>analiz\u0103 si statistic\u0103<\/strong> indic\u0103 dac\u0103 \u0219i cum a fost vizitat anterior website-ul. Cookie-urile pentru <strong>publicitate\/marketing<\/strong> sunt folosite pentru targetarea publicit\u0103\u021bii online. Toate categoriile de cookie-uri\/identificatori online, \u00een afara celor necesari, se pot plasa \u0219i folosi doar pe baza consim\u021b\u0103m\u00e2ntului dvs., ca utilizator.<\/p>\n<p>Pot exista \u0219i alte categorii de cookie-uri, dar, ca regul\u0103 general\u0103, acestea pot fi plasate \u0219i utilizate doar cu consim\u021b\u0103m\u00e2ntul persoanei care viziteaz\u0103 website-ul respectiv.<\/p>\n<p>Pentru detalii despre aceste categorii de cookie-uri\/identificatori online, scopul fiec\u0103ruia, temeiul utiliz\u0103rii, ca \u0219i pentru a v\u0103 putea exprima op\u021biunile, v\u0103 rug\u0103m s\u0103 vede\u021bi <strong>Lista noastr\u0103 detaliat\u0103 de Cookie-uri<\/strong>. V\u0103 rug\u0103m s\u0103 re\u021bine\u021bi c\u0103 tot prin accesarea modulului nostru de Cookie-uri \u0219i Servicii pute\u021bi oric\u00e2nd opta pentru retragerea consim\u021b\u0103m\u00e2ntului, caz \u00een care prelucrarea datelor dvs. nu se va mai realiza \u00een viitor.<\/p>\n<p>\u00cen orice moment pute\u021bi verifica starea curent\u0103 a consim\u021b\u0103m\u00e2ntului dvs., precum \u0219i s\u0103 modifica\u021bi op\u021biunea prin accesarea banner-ului de cookie-uri f\u0103c\u00e2nd clic pe pictograma vizibil\u0103 pe fiecare pagin\u0103 a acestui website, \u00een \u200b\u200bcol\u021bul din st\u00e2nga jos.<\/p>\n<p><strong>C\u00e2t se p\u0103streaz\u0103 un cookie<\/strong><\/p>\n<p>Cookie-urile de sesiune se \u0219terg la momentul \u00eenchiderii browserului. Cookie-urile persistente r\u0103m\u00e2n activate, conform tipului \u0219i consim\u021b\u0103m\u00e2ntului exprimat, pe perioada stabilit\u0103 \u0219i afi\u0219at\u0103 \u00een <strong>Lista noastr\u0103 detaliat\u0103 de Cookie-uri<\/strong>, dac\u0103 nu opta\u021bi mai \u00eenainte pentru \u0219tergerea sa. Masterange \u00eennoie\u0219te cererile de consim\u021b\u0103m\u00e2nt pentru cookie-uri cel pu\u021bin o dat\u0103 pe an, conform politicii sale.<\/p>\n<p><strong>Cui \u0219i unde se pot transmite datele colectate<\/strong><\/p>\n<p>MASTERANGE ROMANIA S.R.L., ca operator al website-ului, are acces la datele asociate identificatorilor online \u0219i le folose\u0219te conform legisla\u021biei \u00een vigoare. Este posibil s\u0103 transmitem datele dvs. unor parteneri \u0219i prestatori de servicii, de pild\u0103, agen\u021bia noastr\u0103 de publicitate, consultan\u021bi etc.<\/p>\n<p>Cookie-urile de ter\u021b\u0103 parte \u0219i serviciile similare sunt controlate de entit\u0103\u021bile care le plaseaz\u0103 \u0219i v\u0103 invit\u0103m s\u0103 revizui\u021bi termenii \u0219i condi\u021biile acestora pentru a afla mai multe despre utilizarea lor. Pute\u021bi afla detalii despre destinatarii datelor din <strong>Lista noastr\u0103 detaliat\u0103 de Cookie-uri<\/strong>.<\/p>\n<p><strong>Cum pute\u021bi controla cookie-urile \u0219i identificatorii online<\/strong><\/p>\n<p>Dvs. de\u021bine\u021bi controlul \u2013 pute\u021bi s\u0103 revizui\u021bi informa\u021biile detaliate despre identificatorii online \u0219i serviciile integrate pe website-ul nostru \u0219i s\u0103 opta\u021bi cu privire la utilizarea lor sau nu sau s\u0103 v\u0103 schimba\u021bi oric\u00e2nd op\u021biunea acces\u00e2nd <strong>Lista noastr\u0103 detaliat\u0103 de Cookie-uri<\/strong>, cu excep\u021bia cookie-urilor necesare.<\/p>\n<p>V\u0103 rug\u0103m s\u0103 re\u021bine\u021bi c\u0103 identificatorii online sunt integra\u021bi unor servicii, motiv pentru care <strong>Lista noastr\u0103 detaliat\u0103 de Cookie-uri <\/strong>ofer\u0103 detalii \u0219i op\u021biuni cu privire la servicii. De pild\u0103, Google are o serie de servicii care se bazeaz\u0103 pe cookie-uri, dar, \u00een func\u021bie de op\u021biunea pe care o exprima\u021bi, fie colecteaz\u0103 date complete (atunci c\u00e2nd v\u0103 da\u021bi consim\u021b\u0103m\u00e2ntul), fie doar date anonime (dac\u0103 nu v\u0103 da\u021bi consim\u021b\u0103m\u00e2ntul).<\/p>\n<p>V\u0103 p\u0103stra\u021bi de asemenea posibilitatea simplu accesibil\u0103 tehnic de a v\u0103 configura browserul s\u0103 resping\u0103 fi\u0219ierele cookie sau s\u0103 accepte cookie-uri doar de la anumite pagini, precum \u0219i s\u0103 \u0219terge\u021bi cookie-urile existente. Pute\u021bi afla mai multe, \u00een func\u021bie de ce browser folosi\u021bi, la:<\/p>\n<p><a href=\"https:\/\/support.microsoft.com\/ro-ro\/help\/17442\/windows-internet-explorer-delete-manage-cookies\">Cookie settings in Internet Explorer<\/a><\/p>\n<p><a href=\"https:\/\/www.microsoft.com\/en-us\/edge\/learning-center\/how-to-manage-and-clear-your-cache-and-cookies?form=MA13I2\">Cookie settings in Microsoft Edge<\/a><\/p>\n<p><a href=\"https:\/\/support.mozilla.org\/ro\/kb\/activarea-si-dezactivarea-cookie-urilor\">Cookie settings in Firefox<\/a><\/p>\n<p><a href=\"https:\/\/support.google.com\/chrome\/answer\/95647?co=GENIE.Platform%3DDesktop!%24#amp#%24!hl=ro\">Cookie settings in Chrome pentru Desktop<\/a><\/p>\n<p><a href=\"https:\/\/support.google.com\/chrome\/answer\/95647?co=GENIE.Platform%3DAndroid!%24#amp#%24!hl=ro\">Cookie settings in Chrome pentru Android<\/a><\/p>\n<p><a href=\"https:\/\/support.apple.com\/ro-ro\/guide\/safari\/sfri11471\/mac\">Cookie settings in Safari<\/a><\/p>\n<p>V\u0103 rug\u0103m s\u0103 re\u021bine\u021bi c\u0103 dezactivarea unor cookie-uri poate face acest website mai dificil de vizitat, atr\u0103g\u00e2nd dup\u0103 sine limit\u0103ri ale posibilit\u0103\u021bilor de utilizare ale acestuia. De asemenea, dezactivarea cookie-urilor nu \u00eenseamn\u0103 c\u0103 nu ve\u021bi mai primi publicitate online \u2013 ci doar ca aceasta nu va fi adaptat\u0103 preferin\u021belor \u0219i interesele dumneavoastr\u0103, a\u0219a cum apare din comportamentul de navigare.<\/p>\n<p><strong>Ce alte drepturi ave\u021bi cu privire la datele dvs.<\/strong><\/p>\n<p>V\u0103 rug\u0103m s\u0103 revizui\u021bi <a href=\"https:\/\/stejarii.ro\/collection\/ro\/website-privacy-policy\/\">Politica noastr\u0103 cu privire la prelucrarea datelor personale<\/a> pentru a afla mai multe despre drepturile dvs. \u0219i modul \u00een care le pute\u021bi exercita. Pentru a opta \u00een leg\u0103tur\u0103 cu cookie-urile \u0219i identificatorii online, v\u0103 rug\u0103m s\u0103 accesa\u021bi <strong>Lista noastr\u0103 detaliat\u0103 de Cookie-uri<\/strong>. Atunci c\u00e2nd formula\u021bi cereri cu privire la prelucrarea datelor dvs. prin intermediul cookie-urilor, tehnologiilor similare \u0219i\/sau serviciilor ce le incorporeaz\u0103, v\u0103 rug\u0103m s\u0103 indica\u021bi \u0219i <strong>ID pentru solicit\u0103ri privind consim\u021b\u0103m\u00e2ntul<\/strong>, care este un \u0219ir de caractere generat aleatoriu pe care \u00eel g\u0103si\u021bi \u00een banner-ul ce se deschide acces\u00e2nd pictograma vizibil\u0103 pe fiecare pagin\u0103 a acestui website, \u00een \u200b\u200bcol\u021bul din st\u00e2nga jos.<\/p>\n<p><strong>Durata de aplica a prezentei Inform\u0103ri<\/strong><\/p>\n<p>Prezenta Informare se aplic\u0103 de la <strong>28.01.2026<\/strong> \u0219i se poate modifica oric\u00e2nd de c\u0103tre MASTERANGE ROMANIA S.R.L., simpla publicare pe website marc\u00e2nd intrarea \u00een vigoare \u0219i aplicarea noii versiuni.<\/p>\n<\/div><\/div><\/div><\/div><\/div><\/div><\/div><\/div><\/div><\/div><\/div><\/section>","protected":false},"excerpt":{"rendered":"COOKIES POLICYLast updated on: 11th martie 2026Informa\u021bii cu privire la cookie-uri \u0219i identificatori online Aceast\u0103 informare v\u0103 ofer\u0103 informa\u021bii generale cu privire la modul \u00een care navigarea pe website-ul nostru conduce la plasarea \u0219i utilizarea de cookie-uri, identificatori online \u0219i alte tehnologii similare, respectiv serviciile care le folosesc. Acestea sunt plasate \u0219i folosite, dup\u0103 caz,...","protected":false},"author":11,"featured_media":0,"parent":0,"menu_order":0,"comment_status":"closed","ping_status":"closed","template":"","meta":{"_acf_changed":false,"_lmt_disableupdate":"no","_lmt_disable":"","footnotes":""},"class_list":["post-4190","page","type-page","status-publish","hentry"],"acf":[],"_links":{"self":[{"href":"https:\/\/stejarii.ro\/ro\/wp-json\/wp\/v2\/pages\/4190","targetHints":{"allow":["GET"]}}],"collection":[{"href":"https:\/\/stejarii.ro\/ro\/wp-json\/wp\/v2\/pages"}],"about":[{"href":"https:\/\/stejarii.ro\/ro\/wp-json\/wp\/v2\/types\/page"}],"author":[{"embeddable":true,"href":"https:\/\/stejarii.ro\/ro\/wp-json\/wp\/v2\/users\/11"}],"replies":[{"embeddable":true,"href":"https:\/\/stejarii.ro\/ro\/wp-json\/wp\/v2\/comments?post=4190"}],"version-history":[{"count":1,"href":"https:\/\/stejarii.ro\/ro\/wp-json\/wp\/v2\/pages\/4190\/revisions"}],"predecessor-version":[{"id":4193,"href":"https:\/\/stejarii.ro\/ro\/wp-json\/wp\/v2\/pages\/4190\/revisions\/4193"}],"wp:attachment":[{"href":"https:\/\/stejarii.ro\/ro\/wp-json\/wp\/v2\/media?parent=4190"}],"curies":[{"name":"wp","href":"https:\/\/api.w.org\/{rel}","templated":true}]}}