{"id":672,"date":"2022-11-04T15:43:22","date_gmt":"2022-11-04T12:43:22","guid":{"rendered":"https:\/\/stejarii.ro\/?page_id=672"},"modified":"2025-06-02T09:32:49","modified_gmt":"2025-06-02T06:32:49","slug":"bbq","status":"publish","type":"page","link":"https:\/\/stejarii.ro\/ro\/bbq\/","title":{"rendered":"Stejarii BBQ"},"content":{"rendered":"<section class=\"l-section wpb_row us_custom_894ce37b height_small\"><div class=\"l-section-h i-cf\"><div class=\"g-cols vc_row via_flex valign_top type_default stacking_default\"><div class=\"vc_col-sm-12 wpb_column vc_column_container\"><div class=\"vc_column-inner\"><div class=\"wpb_wrapper\"><div class=\"wpb_text_column us_custom_d35b2071 has_text_color\"><div class=\"wpb_wrapper\"><h1 style=\"text-align: center; line-height: 4.5rem;\">Stejarii BBQ Party<\/h1>\n<\/div><\/div><div class=\"vc_empty_space\"   style=\"height: 2rem\"><span class=\"vc_empty_space_inner\"><\/span><\/div><div class=\"wpb_text_column us_custom_4adfbee8 has_text_color\"><div class=\"wpb_wrapper\"><p style=\"text-align: center;\"><strong>Duminica, <span class=\"clr_yellow\">1 iunie 2025<\/span>, intre ora 14:00 si 16:00, pe aleea principala din Stejarii Collection.<\/strong><\/p>\n<\/div><\/div><div class=\"wpb_text_column us_custom_4adfbee8 has_text_color\"><div class=\"wpb_wrapper\"><p style=\"font-weight: 400; text-align: center;\">Lasati in grija noastra preparatele delicioase, bauturile racoritoare si atmosfera relaxata, iar de la dumneavoastra asteptam doar buna dispozitie!<\/p>\n<p style=\"font-weight: 400; text-align: center;\">Avem pregatite\u00a0<strong>activitati distractive pentru cei mici<\/strong>, asa ca va puteti bucura de eveniment in tihna, alaturi de ceilalti membrii ai comunitatii Stejarii Universe.<\/p>\n<\/div><\/div><\/div><\/div><\/div><\/div><\/div><\/section><section class=\"l-section wpb_row us_custom_d632fcba height_medium\"><div class=\"l-section-h i-cf\"><div class=\"g-cols vc_row via_flex valign_top type_default stacking_default\"><div class=\"vc_col-sm-12 vc_col-lg-offset-1 vc_col-lg-10 vc_col-md-offset-1 vc_col-md-10 wpb_column vc_column_container\"><div class=\"vc_column-inner\"><div class=\"wpb_wrapper\"><div role=\"form\" class=\"wpcf7\" id=\"wpcf7-f3428-o1\" lang=\"en-US\" dir=\"ltr\">\n<div class=\"screen-reader-response\"><p role=\"status\" aria-live=\"polite\" aria-atomic=\"true\"><\/p> <ul><\/ul><\/div>\n<form action=\"\/ro\/wp-json\/wp\/v2\/pages\/672#wpcf7-f3428-o1\" method=\"post\" class=\"wpcf7-form init cf7mls-no-scroll cf7mls-no-moving-animation\" novalidate=\"novalidate\" data-status=\"init\" data-trp-original-action=\"\/ro\/wp-json\/wp\/v2\/pages\/672#wpcf7-f3428-o1\">\n<div style=\"display: none;\">\n<input type=\"hidden\" name=\"_wpcf7\" value=\"3428\" \/>\n<input type=\"hidden\" name=\"_wpcf7_version\" value=\"5.5.6.1\" \/>\n<input type=\"hidden\" name=\"_wpcf7_locale\" value=\"en_US\" \/>\n<input type=\"hidden\" name=\"_wpcf7_unit_tag\" value=\"wpcf7-f3428-o1\" \/>\n<input type=\"hidden\" name=\"_wpcf7_container_post\" value=\"0\" \/>\n<input type=\"hidden\" name=\"_wpcf7_posted_data_hash\" value=\"\" \/>\n<input type=\"hidden\" name=\"_wpcf7cf_hidden_group_fields\" value=\"[]\" \/>\n<input type=\"hidden\" name=\"_wpcf7cf_hidden_groups\" value=\"[]\" \/>\n<input type=\"hidden\" name=\"_wpcf7cf_visible_groups\" value=\"[]\" \/>\n<input type=\"hidden\" name=\"_wpcf7cf_repeaters\" value=\"[]\" \/>\n<input type=\"hidden\" name=\"_wpcf7cf_steps\" value=\"{}\" \/>\n<input type=\"hidden\" name=\"_wpcf7cf_options\" value=\"{&quot;form_id&quot;:3428,&quot;conditions&quot;:[{&quot;then_field&quot;:&quot;-1&quot;,&quot;and_rules&quot;:[{&quot;if_field&quot;:&quot;select-complex&quot;,&quot;operator&quot;:&quot;equals&quot;,&quot;if_value&quot;:&quot;&quot;}]},{&quot;then_field&quot;:&quot;selectresidentials&quot;,&quot;and_rules&quot;:[{&quot;if_field&quot;:&quot;select-complex&quot;,&quot;operator&quot;:&quot;equals&quot;,&quot;if_value&quot;:&quot;Stejarii Residential Club&quot;}]},{&quot;then_field&quot;:&quot;selectcollectionss&quot;,&quot;and_rules&quot;:[{&quot;if_field&quot;:&quot;select-complex&quot;,&quot;operator&quot;:&quot;equals&quot;,&quot;if_value&quot;:&quot;Stejarii Collection&quot;}]}],&quot;settings&quot;:{&quot;animation&quot;:&quot;yes&quot;,&quot;animation_intime&quot;:200,&quot;animation_outtime&quot;:200,&quot;conditions_ui&quot;:&quot;normal&quot;,&quot;notice_dismissed&quot;:true,&quot;notice_dismissed_update-cf7-5.7.6&quot;:true,&quot;notice_dismissed_update-cf7-6.0&quot;:true}}\" \/>\n<input type=\"hidden\" name=\"remote_ip\" value=\"216.73.216.220\" \/>\n<\/div>\n<style>\n    .form-bbq .wpcf7-form-control.wpcf7-radio { padding: 0 15px 0}\n    .form-bbq input[type=\"radio\"] { margin-top:0}\n    .form-bbq input[type=\"submit\"] { padding: 16px 100px;}\n    .form-bbq span.accept-policy { top:-3px }\n    #styleParking { accent-color: #c2b28a!important; }\n    .divSelectAp { display:flex; justify-content: center; } \n    .inpt-block, .inpt-scara, .inpt-ap { width: 140px; margin-right: 15px; display:inline-block; } \n    @media only screen and (max-width: 800px) {\n        .divSelectAp { display:block} \n    .inpt-block, .inpt-scara, .inpt-ap { width: 100% } \n    .inpt-block, .inpt-scara { margin-bottom:5px }\n        .col22, .col33 { width:100%!important } }\n    .col22, .col33 { width:50% }\n    .wpcf7-not-valid-tip { position: absolute; right: 0px; top: 0px }\n\/*@media only screen and (max-width: 600px) {*\/\n.mobileTurDedicat { display:block!important; margin-bottom:10px }\n\/*}*\/\nlabel.reCaptcha { font-size: 14px; margin-top: 10px!important; margin-bottom: -5px; display: block }\nlabel.reCaptcha a { font-weight:bold }<\/style>\n    <div class=\"form-bbq\">\n        <p class=\"f_size_28\" style=\"color:#ffffff\">V\u0103 rug\u0103m s\u0103 include\u021bi detaliile de participare:<\/p>\n\n        <div class=\"divSelectAp\">\n\n            <div class=\"col22\">\n                <label><span class=\"label\">Alege complex*<\/span><span class=\"wpcf7-form-control-wrap select-complex\"><select name=\"select-complex\" class=\"wpcf7-form-control wpcf7-select wpcf7-validates-as-required selectComplex\" aria-required=\"true\" aria-invalid=\"false\"><option value=\"\">---<\/option><option value=\"Stejarii Residential Club\">Clubul Rezidential Stejarii<\/option><option value=\"Stejarii Collection\">Stejarii Collection<\/option><\/select><\/span><\/label>\n            <\/div>\n            <div class=\"col33\">\n                <div class=\"divSelectAp\">\n                    <div data-id=\"selectresidentials\" data-orig_data_id=\"selectresidentials\"  data-class=\"wpcf7cf_group\">\n                    <div class=\"inpt-block\">\n                        <label><span class=\"label\">Bloc*<\/span><span class=\"wpcf7-form-control-wrap select-block-s\"><select name=\"select-block-s\" class=\"wpcf7-form-control wpcf7-select wpcf7-validates-as-required select-block-ap\" id=\"select-block-ap\" aria-required=\"true\" aria-invalid=\"false\"><option value=\"\">---<\/option><option value=\"1\">1<\/option><option value=\"2\">2<\/option><option value=\"3\">3<\/option><option value=\"4\">4<\/option><option value=\"5\">5<\/option><option value=\"6\">6<\/option><option value=\"7\">7<\/option><option value=\"8\">8<\/option><\/select><\/span><\/label>\n                    <\/div>\n                    <div class=\"inpt-scara\">\n                        <label><span class=\"label\">Scara*<\/span><span class=\"wpcf7-form-control-wrap select-scara-s\"><select name=\"select-scara-s\" class=\"wpcf7-form-control wpcf7-select wpcf7-validates-as-required select-scara-ap\" id=\"select-scara-ap\" aria-required=\"true\" aria-invalid=\"false\"><option value=\"\">---<\/option><option value=\"A\">A<\/option><option value=\"B\">B<\/option><option value=\"C\">C<\/option><\/select><\/span><\/label>\n                    <\/div>\n                    <div class=\"inpt-ap\">\n                        <label><span class=\"label\">Apartament*<\/span><span class=\"wpcf7-form-control-wrap Q12-ap-client-s\"><select name=\"Q12-ap-client-s\" class=\"wpcf7-form-control wpcf7-select wpcf7-validates-as-required select-ap\" id=\"select-ap\" aria-required=\"true\" aria-invalid=\"false\"><option value=\"\">---<\/option><option value=\"1\">1<\/option><option value=\"2\">2<\/option><option value=\"3\">3<\/option><option value=\"4\">4<\/option><option value=\"5\">5<\/option><option value=\"11\">11<\/option><option value=\"12\">12<\/option><option value=\"13\">13<\/option><option value=\"14\">14<\/option><option value=\"15\">15<\/option><option value=\"21\">21<\/option><option value=\"22\">22<\/option><option value=\"23\">23<\/option><option value=\"24\">24<\/option><option value=\"31\">31<\/option><option value=\"32\">32<\/option><option value=\"33\">33<\/option><option value=\"34\">34<\/option><option value=\"41\">41<\/option><\/select><\/span><\/label>\n                    <\/div>\n                    <\/div>\n                    <div data-id=\"selectcollectionss\" data-orig_data_id=\"selectcollectionss\"  data-class=\"wpcf7cf_group\">\n                    <div class=\"inpt-block\">\n                        <label><span class=\"label\">Etaj*<\/span><span class=\"wpcf7-form-control-wrap select-block-ss\"><select name=\"select-block-ss\" class=\"wpcf7-form-control wpcf7-select wpcf7-validates-as-required select-block-ap\" id=\"select-block-ap\" aria-required=\"true\" aria-invalid=\"false\"><option value=\"\">---<\/option><option value=\"P\">P<\/option><option value=\"1\">1<\/option><option value=\"2\">2<\/option><option value=\"3\">3<\/option><option value=\"4\">4<\/option><option value=\"5\">5<\/option><\/select><\/span><\/label>\n                    <\/div>\n                    <div class=\"inpt-scara\">\n                        <label><span class=\"label\">Scara*<\/span><span class=\"wpcf7-form-control-wrap select-scara-ss\"><select name=\"select-scara-ss\" class=\"wpcf7-form-control wpcf7-select wpcf7-validates-as-required select-scara-ap\" id=\"select-scara-ap\" aria-required=\"true\" aria-invalid=\"false\"><option value=\"\">---<\/option><option value=\"A\">A<\/option><option value=\"B\">B<\/option><option value=\"C\">C<\/option><option value=\"D\">D<\/option><option value=\"E\">E<\/option><option value=\"F\">F<\/option><option value=\"G\">G<\/option><option value=\"H\">H<\/option><option value=\"I\">I<\/option><option value=\"J\">J<\/option><\/select><\/span><\/label>\n                    <\/div>\n                    <div class=\"inpt-ap\">\n                        <label><span class=\"label\">Apartament*<\/span><span class=\"wpcf7-form-control-wrap Q12-ap-client-ss\"><select name=\"Q12-ap-client-ss\" class=\"wpcf7-form-control wpcf7-select wpcf7-validates-as-required select-ap\" id=\"select-ap\" aria-required=\"true\" aria-invalid=\"false\"><option value=\"\">---<\/option><option value=\"1\">1<\/option><option value=\"2\">2<\/option><option value=\"3\">3<\/option><option value=\"4\">4<\/option><\/select><\/span><\/label>\n                    <\/div>\n                    <\/div>\n                <\/div>\n            <\/div>\n\n        <\/div>\n\n        <label><span class=\"wpcf7-form-control-wrap number-residents\"><input type=\"number\" name=\"number-residents\" value=\"\" class=\"wpcf7-form-control wpcf7-number wpcf7-validates-as-required wpcf7-validates-as-number required\" min=\"1\" max=\"10\" aria-required=\"true\" aria-invalid=\"false\" placeholder=\"Num\u0103rul de reziden\u021bi participan\u021bi*\" \/><\/span><\/label>\n        <label><span class=\"wpcf7-form-control-wrap which-children\"><input type=\"number\" name=\"which-children\" value=\"\" class=\"wpcf7-form-control wpcf7-number wpcf7-validates-as-required wpcf7-validates-as-number required\" min=\"0\" max=\"5\" aria-required=\"true\" aria-invalid=\"false\" placeholder=\"Dintre care copii*\" \/><\/span><br><p>*C\u00e2mpuri obligatorii<\/p><\/label>\n        <br>\n        <div class=\"sc_form_field sc_form_field_checkbox  label_1\" style=\"margin-bottom:30px\">\n        <label style=\"font-size:14px;letter-spacing: 0;\"><span class=\"wpcf7-form-control-wrap accept-policy\"><span class=\"wpcf7-form-control wpcf7-acceptance\"><span class=\"wpcf7-list-item\"><input type=\"checkbox\" name=\"accept-policy\" value=\"1\" aria-invalid=\"false\" \/><\/span><\/span><\/span><\/label><span style=\"color: rgba(174, 154, 100, 1) !important;\"> Am citit <a style=\"color:white;\" href=\"https:\/\/stejarii.ro\/wp-content\/uploads\/2025\/04\/Nota_informare_Evenimente_Mai_ro_29.04.2025.pdf\" target=\"_blank\" title=\"Nota de Informare\">Nota de Informare<\/a>.<\/span>\n<label class=\"reCaptcha\">Acest site este protejat de reCAPTCHA \u0219i de Google. Vezi <a href=\"nota-de-informare-bday-page-ro.pdf\" target=\"_blank\">Politica de Confiden\u021bialitate<\/a> \u0219i <a href=\"https:\/\/policies.google.com\/terms\" target=\"_blank\">Termenii Serviciului<\/a><\/label>\n        <\/div>\n        <input type=\"submit\" value=\"TRIMITE\" class=\"wpcf7-form-control has-spinner wpcf7-submit\" \/>\n    <\/div><div class=\"wpcf7-response-output\" aria-hidden=\"true\"><\/div><input type=\"hidden\" name=\"trp-form-language\" value=\"ro\"\/><\/form><\/div><\/div><\/div><\/div><\/div><\/div><\/section><section class=\"l-section wpb_row us_custom_e7e1eaa9 shadowBGtopF height_auto width_full\"><div class=\"l-section-h i-cf\"><div class=\"g-cols vc_row via_flex valign_top type_default stacking_default\"><div class=\"vc_col-sm-12 wpb_column vc_column_container\"><div class=\"vc_column-inner\"><div class=\"wpb_wrapper\"><\/div><\/div><\/div><\/div><\/div><\/section>","protected":false},"excerpt":{"rendered":"Stejarii BBQ Party Sunday, June 1st, 2025, between 2 PM and 4 PM, right on Stejarii Collection main central alley. We\u2019ll take care of the delicious grilled food, refreshing drinks, and a great atmosphere \u2013 all you need to bring is your good mood! There\u2019ll also be\u00a0fun activities planned for the little ones, so you...","protected":false},"author":2,"featured_media":0,"parent":0,"menu_order":0,"comment_status":"closed","ping_status":"closed","template":"","meta":{"_acf_changed":false,"_lmt_disableupdate":"no","_lmt_disable":"","footnotes":""},"class_list":["post-672","page","type-page","status-publish","hentry"],"acf":[],"_links":{"self":[{"href":"https:\/\/stejarii.ro\/ro\/wp-json\/wp\/v2\/pages\/672","targetHints":{"allow":["GET"]}}],"collection":[{"href":"https:\/\/stejarii.ro\/ro\/wp-json\/wp\/v2\/pages"}],"about":[{"href":"https:\/\/stejarii.ro\/ro\/wp-json\/wp\/v2\/types\/page"}],"author":[{"embeddable":true,"href":"https:\/\/stejarii.ro\/ro\/wp-json\/wp\/v2\/users\/2"}],"replies":[{"embeddable":true,"href":"https:\/\/stejarii.ro\/ro\/wp-json\/wp\/v2\/comments?post=672"}],"version-history":[{"count":35,"href":"https:\/\/stejarii.ro\/ro\/wp-json\/wp\/v2\/pages\/672\/revisions"}],"predecessor-version":[{"id":3593,"href":"https:\/\/stejarii.ro\/ro\/wp-json\/wp\/v2\/pages\/672\/revisions\/3593"}],"wp:attachment":[{"href":"https:\/\/stejarii.ro\/ro\/wp-json\/wp\/v2\/media?parent=672"}],"curies":[{"name":"wp","href":"https:\/\/api.w.org\/{rel}","templated":true}]}}